{"id":21064,"date":"2024-05-08T11:30:46","date_gmt":"2024-05-08T08:30:46","guid":{"rendered":"http:\/\/labostera.lt\/?post_type=product&#038;p=21064"},"modified":"2024-10-18T15:14:28","modified_gmt":"2024-10-18T12:14:28","slug":"pazangus-keturiu-venu-venipunkturos-treniruoklis-erler-zimmer-advanced-four-vein-venipuncture-trainer","status":"publish","type":"product","link":"https:\/\/labostera.lt\/lv\/priemones-ir-iranga\/mokymo-priemones-ir-iranga\/medicininiai-simuliatoriai\/pazangus-keturiu-venu-venipunkturos-treniruoklis-erler-zimmer-advanced-four-vein-venipuncture-trainer\/","title":{"rendered":"Erler-Zimmer uzlabotais \u010detru v\u0113nu venopunkt\u016bras trena\u017eieris"},"content":{"rendered":"<h2><strong>Erler-Zimmer GmbH &amp; Co. KG uzlabots \u010detru v\u0113nu venopunkt\u016bras trena\u017eieris<\/strong>:<\/h2>\n<ul>\n<li>Modelis: R11055<\/li>\n<li>\u0160ai trena\u017eiera versijai ir \u010detras tikko paman\u0101mas zilas v\u0113nas, tr\u012bs da\u017e\u0101da izm\u0113ra, un ceturt\u0101 v\u0113na ir dzi\u013ci novietota.<\/li>\n<li>Visas v\u0113nas ir izgatavotas no m\u016bsu patent\u0113t\u0101 lateksa nesaturo\u0161\u0101 Dermalike materi\u0101la, nodro\u0161inot re\u0101listisku treni\u0146u scen\u0101riju.<\/li>\n<li>\u0112rts trena\u017eieris, kas atg\u0101dina \u012bstam pacientam, \u013cauj efekt\u012bvi praktiz\u0113t intravenozas punkcijas tehnikas.<\/li>\n<li>Kad intravenoz\u0101 adata ieiet v\u0113n\u0101, re\u0101listiska imit\u0113tu asi\u0146u \u201cmirdz\u0113\u0161ana\u201d apstiprina pareizu adatas ievieto\u0161anu.<\/li>\n<li>Trena\u017eieris ar pla\u0161u funkciju kl\u0101stu un iztur\u012bbu ilgsto\u0161ai lieto\u0161anai.<\/li>\n<\/ul>\n<h3>Uzlaboti \u010detru v\u0113nu venopunkt\u016bras simulatori \u2013 <a href=\"http:\/\/labostera.lt\/lv\/product-brand\/erler-zimmer-gmbh-co-kg\/\">Erlera-Zimmera anatomijas grupa<\/a><\/h3>\n<p>Vair\u0101k inform\u0101cijas: <a href=\"https:\/\/erler-zimmer.de\/en\/Advanced-Four-Vein-Venipuncture-Training-Aid\/R11055\" target=\"_blank\" rel=\"noopener nofollow\">ra\u017eot\u0101ja t\u012bmek\u013ca vietn\u0113<\/a> vai nos\u016btiet mums piepras\u012bjumu!<\/p>","protected":false},"excerpt":{"rendered":"<p>Erler-Zimmer uzlabots \u010detru v\u0113nu venipunkt\u016bras trena\u017eieris \u2013 trena\u017eieris ar uzlabot\u0101m \u010detru v\u0113nu venopunkt\u016bras iesp\u0113j\u0101m.<\/p>","protected":false},"featured_media":21066,"template":"","meta":[],"product_cat":[838,75,79],"product_tag":[692,831,832,829,830,577,690,1035,833,490],"class_list":{"0":"post-21064","1":"product","2":"type-product","3":"status-publish","4":"has-post-thumbnail","6":"product_brand-erler-zimmer-gmbh-co-kg","7":"product_cat-medicininiai-simuliatoriai","8":"product_cat-modeliai-manekenai-muliazai","9":"product_cat-mokymo-priemones-ir-iranga","10":"product_tag-erler-zimmer-gmbh-co-kg","11":"product_tag-medical-models","12":"product_tag-medical-simulators","13":"product_tag-medicininiai-modeliai","14":"product_tag-medicininiai-simuliatoriai","15":"product_tag-modeliai","16":"product_tag-models","17":"product_tag-pazangus-keturiu-venu-venipunkturos-treniruokliai","18":"product_tag-simulatoriai","19":"product_tag-simulators","21":"first","22":"onbackorder","23":"shipping-taxable","24":"purchasable","25":"product-type-simple"},"_links":{"self":[{"href":"https:\/\/labostera.lt\/lv\/wp-json\/wp\/v2\/product\/21064","targetHints":{"allow":["GET"]}}],"collection":[{"href":"https:\/\/labostera.lt\/lv\/wp-json\/wp\/v2\/product"}],"about":[{"href":"https:\/\/labostera.lt\/lv\/wp-json\/wp\/v2\/types\/product"}],"wp:featuredmedia":[{"embeddable":true,"href":"https:\/\/labostera.lt\/lv\/wp-json\/wp\/v2\/media\/21066"}],"wp:attachment":[{"href":"https:\/\/labostera.lt\/lv\/wp-json\/wp\/v2\/media?parent=21064"}],"wp:term":[{"taxonomy":"product_cat","embeddable":true,"href":"https:\/\/labostera.lt\/lv\/wp-json\/wp\/v2\/product_cat?post=21064"},{"taxonomy":"product_tag","embeddable":true,"href":"https:\/\/labostera.lt\/lv\/wp-json\/wp\/v2\/product_tag?post=21064"}],"curies":[{"name":"wp","href":"https:\/\/api.w.org\/{rel}","templated":true}]}}