{"id":21056,"date":"2024-05-08T10:26:57","date_gmt":"2024-05-08T07:26:57","guid":{"rendered":"http:\/\/labostera.lt\/?post_type=product&#038;p=21056"},"modified":"2024-10-18T15:14:31","modified_gmt":"2024-10-18T12:14:31","slug":"kudikiu-intravenines-injekcijos-treniruoklis-erler-zimmer-baby-intravenous-injection-arm-trainer","status":"publish","type":"product","link":"https:\/\/labostera.lt\/lv\/priemones-ir-iranga\/mokymo-priemones-ir-iranga\/medicininiai-simuliatoriai\/kudikiu-intravenines-injekcijos-treniruoklis-erler-zimmer-baby-intravenous-injection-arm-trainer\/","title":{"rendered":"Erler-Zimmer b\u0113rnu intravenozo injekciju rokas trena\u017eieris"},"content":{"rendered":"<h2><strong>Erler-Zimmer GmbH &amp; Co. KG z\u012bdai\u0146u intravenozo injekciju trena\u017eieris<\/strong>:<\/h2>\n<ul>\n<li>Modelis: R10170<\/li>\n<li>\u0160im modelim ir \u012bpa\u0161as, \u0101rk\u0101rt\u012bgi pl\u0101nas, sint\u0113tisk\u0101s \u0101das un gumijas caurules ar atbilsto\u0161i mazu l\u016bmenu un pl\u0101n\u0101m sien\u0101m.<\/li>\n<li>Ir pieejamas galvk\u0101jv\u0113nas un bazilisk\u0101s v\u0113nas, k\u0101 ar\u012b rokas mugur\u0113j\u0101 venoz\u0101 arka.<\/li>\n<li>Komplekt\u0101 ietilpst divi intravenozi maisi\u0146i ar aizdari, m\u0101ksl\u012bg\u0101s asinis un sp\u0101rnu inf\u016bzijas komplekts.<\/li>\n<li>Izm\u0113rs: 20,5 x 12,7 x 12,7 cm<\/li>\n<\/ul>\n<h3>Z\u012bdai\u0146u intravenozo injekciju roku trena\u017eieri \u2013 <a href=\"http:\/\/labostera.lt\/lv\/product-brand\/erler-zimmer-gmbh-co-kg\/\">Erlera-Zimmera anatomijas grupa<\/a><\/h3>\n<p>Vair\u0101k inform\u0101cijas: <a href=\"https:\/\/erler-zimmer.de\/en\/Baby-IV-arm\/R10170\" target=\"_blank\" rel=\"noopener nofollow\">ra\u017eot\u0101ja t\u012bmek\u013ca vietn\u0113<\/a> vai nos\u016btiet mums piepras\u012bjumu!<\/p>","protected":false},"excerpt":{"rendered":"<p>Erler-Zimmer z\u012bdai\u0146u intravenozo injekciju trena\u017eieris \u2013 \u012bpa\u0161s z\u012bdai\u0146u rokas modelis intravenoz\u0101m injekcij\u0101m.<\/p>","protected":false},"featured_media":21058,"template":"","meta":[],"product_cat":[838,75,79],"product_tag":[692,1030,831,832,829,830,577,690,833,490],"class_list":{"0":"post-21056","1":"product","2":"type-product","3":"status-publish","4":"has-post-thumbnail","6":"product_brand-erler-zimmer-gmbh-co-kg","7":"product_cat-medicininiai-simuliatoriai","8":"product_cat-modeliai-manekenai-muliazai","9":"product_cat-mokymo-priemones-ir-iranga","10":"product_tag-erler-zimmer-gmbh-co-kg","11":"product_tag-intravenines-injekcijos-treniruokliai","12":"product_tag-medical-models","13":"product_tag-medical-simulators","14":"product_tag-medicininiai-modeliai","15":"product_tag-medicininiai-simuliatoriai","16":"product_tag-modeliai","17":"product_tag-models","18":"product_tag-simulatoriai","19":"product_tag-simulators","21":"first","22":"onbackorder","23":"shipping-taxable","24":"purchasable","25":"product-type-simple"},"_links":{"self":[{"href":"https:\/\/labostera.lt\/lv\/wp-json\/wp\/v2\/product\/21056","targetHints":{"allow":["GET"]}}],"collection":[{"href":"https:\/\/labostera.lt\/lv\/wp-json\/wp\/v2\/product"}],"about":[{"href":"https:\/\/labostera.lt\/lv\/wp-json\/wp\/v2\/types\/product"}],"wp:featuredmedia":[{"embeddable":true,"href":"https:\/\/labostera.lt\/lv\/wp-json\/wp\/v2\/media\/21058"}],"wp:attachment":[{"href":"https:\/\/labostera.lt\/lv\/wp-json\/wp\/v2\/media?parent=21056"}],"wp:term":[{"taxonomy":"product_cat","embeddable":true,"href":"https:\/\/labostera.lt\/lv\/wp-json\/wp\/v2\/product_cat?post=21056"},{"taxonomy":"product_tag","embeddable":true,"href":"https:\/\/labostera.lt\/lv\/wp-json\/wp\/v2\/product_tag?post=21056"}],"curies":[{"name":"wp","href":"https:\/\/api.w.org\/{rel}","templated":true}]}}