{"id":21050,"date":"2024-05-08T09:06:25","date_gmt":"2024-05-08T06:06:25","guid":{"rendered":"http:\/\/labostera.lt\/?post_type=product&#038;p=21050"},"modified":"2024-10-18T15:14:34","modified_gmt":"2024-10-18T12:14:34","slug":"geriatrinis-intravenines-injekcijos-treniruoklis-erler-zimmer-geriatric-intravenous-injection-arm-trainer","status":"publish","type":"product","link":"https:\/\/labostera.lt\/lv\/priemones-ir-iranga\/mokymo-priemones-ir-iranga\/medicininiai-simuliatoriai\/geriatrinis-intravenines-injekcijos-treniruoklis-erler-zimmer-geriatric-intravenous-injection-arm-trainer\/","title":{"rendered":"Erler-Zimmer geriatrijas intravenozo injekciju rokas trena\u017eieris"},"content":{"rendered":"<h2><strong>Erler-Zimmer GmbH &amp; Co. KG rokas geriatrijas intravenozo injekciju trena\u017eieris<\/strong>:<\/h2>\n<ul>\n<li>Modelis: R10017<\/li>\n<li>\u0160\u012b roka, kas rad\u012bta no re\u0101las dz\u012bv\u012bbas formas l\u0113juma, ir unik\u0101la nozar\u0113. Tam ir v\u0113nas, kas sabr\u016bk vai izz\u016bd, m\u0113\u0123inot kateteriz\u0113t trauku, un speci\u0101li izstr\u0101d\u0101ta \u0101das virsma.<\/li>\n<li>Ide\u0101li piem\u0113rots apm\u0101c\u012bb\u0101m tiem, kas str\u0101d\u0101 ar vec\u0101ka gadag\u0101juma cilv\u0113kiem.<\/li>\n<li>Komplekt\u0101 ietilpst asins pulveris, intravenozo z\u0101\u013cu maisi\u0146\u0161 un p\u0101rn\u0113s\u0101\u0161anas maci\u0146\u0161.<\/li>\n<\/ul>\n<h3>Geriatrisk\u0101s intravenoz\u0101s injekcijas roku trena\u017eieri \u2013 <a href=\"http:\/\/labostera.lt\/lv\/product-brand\/erler-zimmer-gmbh-co-kg\/\">Erlera-Zimmera anatomijas grupa<\/a><\/h3>\n<p>Vair\u0101k inform\u0101cijas: <a href=\"https:\/\/erler-zimmer.de\/en\/Geriatric-IV-Training-Arm\/R10017\" target=\"_blank\" rel=\"noopener nofollow\">ra\u017eot\u0101ja t\u012bmek\u013ca vietn\u0113<\/a> vai nos\u016btiet mums piepras\u012bjumu!<\/p>","protected":false},"excerpt":{"rendered":"<p>Erler-Zimmer geriatrijas intravenozo injekciju trena\u017eieris \u2013 re\u0101listiska vec\u0101ka gadag\u0101juma pacienta roka intravenozo injekciju apm\u0101c\u012bbai.<\/p>","protected":false},"featured_media":21052,"template":"","meta":[],"product_cat":[838,75,79],"product_tag":[692,1030,831,832,829,830,577,690,833,490],"class_list":{"0":"post-21050","1":"product","2":"type-product","3":"status-publish","4":"has-post-thumbnail","6":"product_brand-erler-zimmer-gmbh-co-kg","7":"product_cat-medicininiai-simuliatoriai","8":"product_cat-modeliai-manekenai-muliazai","9":"product_cat-mokymo-priemones-ir-iranga","10":"product_tag-erler-zimmer-gmbh-co-kg","11":"product_tag-intravenines-injekcijos-treniruokliai","12":"product_tag-medical-models","13":"product_tag-medical-simulators","14":"product_tag-medicininiai-modeliai","15":"product_tag-medicininiai-simuliatoriai","16":"product_tag-modeliai","17":"product_tag-models","18":"product_tag-simulatoriai","19":"product_tag-simulators","21":"first","22":"onbackorder","23":"shipping-taxable","24":"purchasable","25":"product-type-simple"},"_links":{"self":[{"href":"https:\/\/labostera.lt\/lv\/wp-json\/wp\/v2\/product\/21050","targetHints":{"allow":["GET"]}}],"collection":[{"href":"https:\/\/labostera.lt\/lv\/wp-json\/wp\/v2\/product"}],"about":[{"href":"https:\/\/labostera.lt\/lv\/wp-json\/wp\/v2\/types\/product"}],"wp:featuredmedia":[{"embeddable":true,"href":"https:\/\/labostera.lt\/lv\/wp-json\/wp\/v2\/media\/21052"}],"wp:attachment":[{"href":"https:\/\/labostera.lt\/lv\/wp-json\/wp\/v2\/media?parent=21050"}],"wp:term":[{"taxonomy":"product_cat","embeddable":true,"href":"https:\/\/labostera.lt\/lv\/wp-json\/wp\/v2\/product_cat?post=21050"},{"taxonomy":"product_tag","embeddable":true,"href":"https:\/\/labostera.lt\/lv\/wp-json\/wp\/v2\/product_tag?post=21050"}],"curies":[{"name":"wp","href":"https:\/\/api.w.org\/{rel}","templated":true}]}}