{"id":21047,"date":"2024-05-08T08:36:53","date_gmt":"2024-05-08T05:36:53","guid":{"rendered":"http:\/\/labostera.lt\/?post_type=product&#038;p=21047"},"modified":"2024-10-18T15:14:35","modified_gmt":"2024-10-18T12:14:35","slug":"nesiojamas-intravenines-injekcijos-treniruoklis-erler-zimmer-portable-intravenous-injection-arm-hand-trainer","status":"publish","type":"product","link":"https:\/\/labostera.lt\/lv\/priemones-ir-iranga\/mokymo-priemones-ir-iranga\/medicininiai-simuliatoriai\/nesiojamas-intravenines-injekcijos-treniruoklis-erler-zimmer-portable-intravenous-injection-arm-hand-trainer\/","title":{"rendered":"Erler-Zimmer p\u0101rn\u0113s\u0101jamais intravenozo injekciju rokas un plaukstas trena\u017eieris"},"content":{"rendered":"<h2><strong>Erler-Zimmer GmbH &amp; Co. KG p\u0101rn\u0113s\u0101jamais rokas intravenozo injekciju trena\u017eieris<\/strong>:<\/h2>\n<ul>\n<li>Modelis: R10200<\/li>\n<li>Ekonomiskais un praktiskais p\u0101rn\u0113s\u0101jamais IV trena\u017eieris apvieno re\u0101lismu, smalkas deta\u013cas un lieto\u0161anas \u0113rtumu vien\u0101 trena\u017eier\u012b. \u0160ie pa\u0161nosl\u0113dzo\u0161ie trena\u017eieri ir iepakoti plastmasas kast\u0113, ko var p\u0101rveidot par darbstaciju. Treneru komplekt\u0101 ir viss nepiecie\u0161amais, lai s\u0101ktu apg\u016bt un praktiz\u0113t IV prasmes.<\/li>\n<li>P\u0101rn\u0113s\u0101jamo IV trena\u017eieru plauksta un apak\u0161delms ir izgatavoti no m\u012bksta materi\u0101la ar re\u0101listisk\u0101m v\u0113n\u0101m uz \u0101das virsmas, kas ir redzamas un sataust\u0101mas. V\u0113nas ir pieejamas elko\u0146a bedr\u0113, rokas priek\u0161\u0113j\u0101 da\u013c\u0101, plaukstas mugurpus\u0113 un \u012bk\u0161\u0137a v\u0113n\u0101s, t\u0101p\u0113c venopunkciju var veikt jebkur\u0101 ierast\u0101 viet\u0101.<\/li>\n<li>Iek\u013c\u016bstot cauri vinila \u0101dai un v\u0113n\u0101m, \u0101da faktiski nokrit\u012bs, kad sajut\u012bsiet v\u0113nas, un, adatai ieduroties v\u0113n\u0101, j\u016bs varat sajust rakstur\u012bgu &quot;klik\u0161\u0137i&quot;.<\/li>\n<li>Katr\u0101 apm\u0101c\u012bbas komplekt\u0101 ietilpst divi intravenozo \u0161\u0137\u012bdumu maisi, zila asins pulvera paci\u0146a, \u0161\u013circes un uzglab\u0101\u0161anas kaste.<\/li>\n<\/ul>\n<h3>P\u0101rn\u0113s\u0101jams intravenozas injekcijas rokas simulators \u2013 <a href=\"http:\/\/labostera.lt\/lv\/product-brand\/erler-zimmer-gmbh-co-kg\/\">Erlera-Zimmera anatomijas grupa<\/a><\/h3>\n<p>Vair\u0101k inform\u0101cijas: <a href=\"https:\/\/erler-zimmer.de\/en\/Portable-IV-Arm-and-Hand-Trainers\/R10200\" target=\"_blank\" rel=\"noopener nofollow\">ra\u017eot\u0101ja t\u012bmek\u013ca vietn\u0113<\/a> vai nos\u016btiet mums piepras\u012bjumu!<\/p>","protected":false},"excerpt":{"rendered":"<p>Erler-Zimmer p\u0101rn\u0113s\u0101jamais intravenozo injekciju trena\u017eieris \u2013 ekonomisks un praktisks treni\u0146u r\u012bks ar re\u0101listisk\u0101m v\u0113nu deta\u013c\u0101m.<\/p>","protected":false},"featured_media":21048,"template":"","meta":[],"product_cat":[838,75,79],"product_tag":[692,1030,831,832,829,830,577,690,833,490],"class_list":{"0":"post-21047","1":"product","2":"type-product","3":"status-publish","4":"has-post-thumbnail","6":"product_brand-erler-zimmer-gmbh-co-kg","7":"product_cat-medicininiai-simuliatoriai","8":"product_cat-modeliai-manekenai-muliazai","9":"product_cat-mokymo-priemones-ir-iranga","10":"product_tag-erler-zimmer-gmbh-co-kg","11":"product_tag-intravenines-injekcijos-treniruokliai","12":"product_tag-medical-models","13":"product_tag-medical-simulators","14":"product_tag-medicininiai-modeliai","15":"product_tag-medicininiai-simuliatoriai","16":"product_tag-modeliai","17":"product_tag-models","18":"product_tag-simulatoriai","19":"product_tag-simulators","21":"first","22":"onbackorder","23":"shipping-taxable","24":"purchasable","25":"product-type-simple"},"_links":{"self":[{"href":"https:\/\/labostera.lt\/lv\/wp-json\/wp\/v2\/product\/21047","targetHints":{"allow":["GET"]}}],"collection":[{"href":"https:\/\/labostera.lt\/lv\/wp-json\/wp\/v2\/product"}],"about":[{"href":"https:\/\/labostera.lt\/lv\/wp-json\/wp\/v2\/types\/product"}],"wp:featuredmedia":[{"embeddable":true,"href":"https:\/\/labostera.lt\/lv\/wp-json\/wp\/v2\/media\/21048"}],"wp:attachment":[{"href":"https:\/\/labostera.lt\/lv\/wp-json\/wp\/v2\/media?parent=21047"}],"wp:term":[{"taxonomy":"product_cat","embeddable":true,"href":"https:\/\/labostera.lt\/lv\/wp-json\/wp\/v2\/product_cat?post=21047"},{"taxonomy":"product_tag","embeddable":true,"href":"https:\/\/labostera.lt\/lv\/wp-json\/wp\/v2\/product_tag?post=21047"}],"curies":[{"name":"wp","href":"https:\/\/api.w.org\/{rel}","templated":true}]}}