{"id":21043,"date":"2024-05-07T17:42:04","date_gmt":"2024-05-07T14:42:04","guid":{"rendered":"http:\/\/labostera.lt\/?post_type=product&#038;p=21043"},"modified":"2024-10-18T15:14:37","modified_gmt":"2024-10-18T12:14:37","slug":"intravenines-injekcijos-treniruoklis-erler-zimmer-intravenous-injection-hand-trainer","status":"publish","type":"product","link":"https:\/\/labostera.lt\/lv\/priemones-ir-iranga\/mokymo-priemones-ir-iranga\/medicininiai-simuliatoriai\/intravenines-injekcijos-treniruoklis-erler-zimmer-intravenous-injection-hand-trainer\/","title":{"rendered":"Intravenozo injekciju trena\u017eieris Erler-Zimmer intravenozo injekciju rokas trena\u017eieris"},"content":{"rendered":"<h2><strong>Erler-Zimmer GmbH &amp; Co. KG rokas intravenozo injekciju trena\u017eieris<\/strong>:<\/h2>\n<ul>\n<li>Modelis: R10005<\/li>\n<li>Neticami re\u0101listiskajai rokas virspusei ir pievienotas metakarp\u0101l\u0101s, pirkstu un \u012bk\u0161\u0137a v\u0113nas. M\u012bkstie, elast\u012bgie pirksti\u0146i ir individu\u0101li veidoti, \u012bpa\u0161u uzman\u012bbu piev\u0113r\u0161ot deta\u013c\u0101m. Studentiem ir iesp\u0113ja att\u012bst\u012bt svar\u012bgas manipul\u0101cijas prasmes, izmantojot plaukstas loc\u012btavas lokan\u012bbu. \u0100das sl\u0101nis saritin\u0101s, kad v\u0113nas ir sataust\u0101mas. Iepakota uzglab\u0101\u0161anas kast\u0113.<\/li>\n<\/ul>\n<h3>Intravenozas injekcijas rokas simulatori \u2013 <a href=\"http:\/\/labostera.lt\/lv\/product-brand\/erler-zimmer-gmbh-co-kg\/\">Erlera-Zimmera anatomijas grupa<\/a><\/h3>\n<p>Vair\u0101k inform\u0101cijas: <a href=\"https:\/\/erler-zimmer.de\/en\/I.v.-Injection-Hand\/R10005\" target=\"_blank\" rel=\"noopener nofollow\">ra\u017eot\u0101ja t\u012bmek\u013ca vietn\u0113<\/a> vai nos\u016btiet mums piepras\u012bjumu!<\/p>","protected":false},"excerpt":{"rendered":"<p>Erler-Zimmer intravenozo injekciju rokas trena\u017eieris \u2013 re\u0101listisks rokas trena\u017eieris, kas \u013cauj apg\u016bt intravenozas injekcijas.<\/p>","protected":false},"featured_media":21046,"template":"","meta":[],"product_cat":[838,75,79],"product_tag":[692,1030,831,832,829,830,577,690,833,490],"class_list":{"0":"post-21043","1":"product","2":"type-product","3":"status-publish","4":"has-post-thumbnail","6":"product_brand-erler-zimmer-gmbh-co-kg","7":"product_cat-medicininiai-simuliatoriai","8":"product_cat-modeliai-manekenai-muliazai","9":"product_cat-mokymo-priemones-ir-iranga","10":"product_tag-erler-zimmer-gmbh-co-kg","11":"product_tag-intravenines-injekcijos-treniruokliai","12":"product_tag-medical-models","13":"product_tag-medical-simulators","14":"product_tag-medicininiai-modeliai","15":"product_tag-medicininiai-simuliatoriai","16":"product_tag-modeliai","17":"product_tag-models","18":"product_tag-simulatoriai","19":"product_tag-simulators","21":"first","22":"onbackorder","23":"shipping-taxable","24":"purchasable","25":"product-type-simple"},"_links":{"self":[{"href":"https:\/\/labostera.lt\/lv\/wp-json\/wp\/v2\/product\/21043","targetHints":{"allow":["GET"]}}],"collection":[{"href":"https:\/\/labostera.lt\/lv\/wp-json\/wp\/v2\/product"}],"about":[{"href":"https:\/\/labostera.lt\/lv\/wp-json\/wp\/v2\/types\/product"}],"wp:featuredmedia":[{"embeddable":true,"href":"https:\/\/labostera.lt\/lv\/wp-json\/wp\/v2\/media\/21046"}],"wp:attachment":[{"href":"https:\/\/labostera.lt\/lv\/wp-json\/wp\/v2\/media?parent=21043"}],"wp:term":[{"taxonomy":"product_cat","embeddable":true,"href":"https:\/\/labostera.lt\/lv\/wp-json\/wp\/v2\/product_cat?post=21043"},{"taxonomy":"product_tag","embeddable":true,"href":"https:\/\/labostera.lt\/lv\/wp-json\/wp\/v2\/product_tag?post=21043"}],"curies":[{"name":"wp","href":"https:\/\/api.w.org\/{rel}","templated":true}]}}