{"id":21039,"date":"2024-05-07T17:03:32","date_gmt":"2024-05-07T14:03:32","guid":{"rendered":"http:\/\/labostera.lt\/?post_type=product&#038;p=21039"},"modified":"2024-10-18T15:14:38","modified_gmt":"2024-10-18T12:14:38","slug":"intravenines-injekcijos-treniruoklis-erler-zimmer-fit-on-type-intravenous-injection-trainer","status":"publish","type":"product","link":"https:\/\/labostera.lt\/lv\/priemones-ir-iranga\/mokymo-priemones-ir-iranga\/medicininiai-simuliatoriai\/intravenines-injekcijos-treniruoklis-erler-zimmer-fit-on-type-intravenous-injection-trainer\/","title":{"rendered":"Intravenozo injekciju trena\u017eieris Erler-Zimmer Fit-on tipa intravenozo injekciju trena\u017eieris"},"content":{"rendered":"<h2><strong>Erler-Zimmer GmbH &amp; Co. KG piestiprin\u0101ms intravenozo injekciju trena\u017eieris<\/strong>:<\/h2>\n<ul>\n<li>Modelis: R16614<\/li>\n<li>\u0160is komplekts, kas sast\u0101v no 5 injekciju trena\u017eieriem, \u013cauj praktiz\u0113t tie\u0161as intravenozas injekcijas veik\u0161anu cilv\u0113kam, neradot nek\u0101du kait\u0113jumu. Treni\u0146u partnera rokai var piestiprin\u0101t pret d\u016brieniem iztur\u012bgus spilventi\u0146us, un d\u016brienu var praktiz\u0113t, mijiedarbojoties ar pacientu. V\u0113nas ir savstarp\u0113ji aizvietojamas.<\/li>\n<li>Komplekt\u0101 ietilpst: 5 injekciju spilventi\u0146i, 10 rezerves v\u0113nas (nepiecie\u0161amas 2 uz vienu spilventi\u0146u)<\/li>\n<\/ul>\n<h3>Intravenozas injekcijas simulatori \u2013 <a href=\"http:\/\/labostera.lt\/lv\/product-brand\/erler-zimmer-gmbh-co-kg\/\">Erlera-Zimmera anatomijas grupa<\/a><\/h3>\n<p>Vair\u0101k inform\u0101cijas: <a href=\"https:\/\/erler-zimmer.de\/en\/I.v.-Injection-Trainer-fit-on-type-set-of-5\/R16614\" target=\"_blank\" rel=\"noopener nofollow\">ra\u017eot\u0101ja t\u012bmek\u013ca vietn\u0113<\/a> vai nos\u016btiet mums piepras\u012bjumu!<\/p>","protected":false},"excerpt":{"rendered":"<p>Erler-Zimmer Fit-on tipa intravenozo injekciju trena\u017eieris \u2014 dro\u0161a un efekt\u012bva apm\u0101c\u012bba tie\u0161i uz cilv\u0113ka, neradot nek\u0101du kait\u0113jumu.<\/p>","protected":false},"featured_media":21042,"template":"","meta":[],"product_cat":[838,75,79],"product_tag":[692,1030,831,832,829,830,577,690,833,490],"class_list":{"0":"post-21039","1":"product","2":"type-product","3":"status-publish","4":"has-post-thumbnail","6":"product_brand-erler-zimmer-gmbh-co-kg","7":"product_cat-medicininiai-simuliatoriai","8":"product_cat-modeliai-manekenai-muliazai","9":"product_cat-mokymo-priemones-ir-iranga","10":"product_tag-erler-zimmer-gmbh-co-kg","11":"product_tag-intravenines-injekcijos-treniruokliai","12":"product_tag-medical-models","13":"product_tag-medical-simulators","14":"product_tag-medicininiai-modeliai","15":"product_tag-medicininiai-simuliatoriai","16":"product_tag-modeliai","17":"product_tag-models","18":"product_tag-simulatoriai","19":"product_tag-simulators","21":"first","22":"onbackorder","23":"shipping-taxable","24":"purchasable","25":"product-type-simple"},"_links":{"self":[{"href":"https:\/\/labostera.lt\/lv\/wp-json\/wp\/v2\/product\/21039","targetHints":{"allow":["GET"]}}],"collection":[{"href":"https:\/\/labostera.lt\/lv\/wp-json\/wp\/v2\/product"}],"about":[{"href":"https:\/\/labostera.lt\/lv\/wp-json\/wp\/v2\/types\/product"}],"wp:featuredmedia":[{"embeddable":true,"href":"https:\/\/labostera.lt\/lv\/wp-json\/wp\/v2\/media\/21042"}],"wp:attachment":[{"href":"https:\/\/labostera.lt\/lv\/wp-json\/wp\/v2\/media?parent=21039"}],"wp:term":[{"taxonomy":"product_cat","embeddable":true,"href":"https:\/\/labostera.lt\/lv\/wp-json\/wp\/v2\/product_cat?post=21039"},{"taxonomy":"product_tag","embeddable":true,"href":"https:\/\/labostera.lt\/lv\/wp-json\/wp\/v2\/product_tag?post=21039"}],"curies":[{"name":"wp","href":"https:\/\/api.w.org\/{rel}","templated":true}]}}