{"id":21030,"date":"2024-05-07T15:31:37","date_gmt":"2024-05-07T12:31:37","guid":{"rendered":"http:\/\/labostera.lt\/?post_type=product&#038;p=21030"},"modified":"2024-10-18T15:14:39","modified_gmt":"2024-10-18T12:14:39","slug":"venu-treniruoklis-erler-zimmer-venatech-intravenous-trainer","status":"publish","type":"product","link":"https:\/\/labostera.lt\/lv\/priemones-ir-iranga\/mokymo-priemones-ir-iranga\/medicininiai-simuliatoriai\/venu-treniruoklis-erler-zimmer-venatech-intravenous-trainer\/","title":{"rendered":"Erler-Zimmer &quot;Venatech&quot; intravenozais trena\u017eieris"},"content":{"rendered":"<h2><strong>Erler-Zimmer GmbH &amp; Co. KG Tens treneris<\/strong>:<\/h2>\n<ul>\n<li>Modelis: R10006<\/li>\n<li>\u0160is izmaksu zi\u0146\u0101 efekt\u012bvais modelis \u013cauj katram studentam ieg\u0101d\u0101ties simulatoru. Beidziet t\u0113r\u0113t savu d\u0101rgo laiku, gaidot n\u0101kamo bezmaksas simulatoru. Trena\u017eieri var piestiprin\u0101t pie studenta rokas. Tas prec\u012bz\u0101 veid\u0101 par\u0101da galvas, bazilika un vid\u0113j\u0101s kubit\u0101l\u0101s v\u0113nas. Model\u012b ir iek\u013cauti ar\u012b arteri\u0101lie asinsvadi. Paredz\u0113ts pamata apm\u0101c\u012bbai.<\/li>\n<\/ul>\n<h3>V\u0113nu trena\u017eieri \u2013 <a href=\"http:\/\/labostera.lt\/lv\/product-brand\/erler-zimmer-gmbh-co-kg\/\">Erlera-Zimmera anatomijas grupa<\/a><\/h3>\n<p>Vair\u0101k inform\u0101cijas: <a href=\"https:\/\/erler-zimmer.de\/en\/Venatech-Trainer\/R10006\" target=\"_blank\" rel=\"noopener nofollow\">ra\u017eot\u0101ja t\u012bmek\u013ca vietn\u0113<\/a> vai nos\u016btiet mums piepras\u012bjumu!<\/p>","protected":false},"excerpt":{"rendered":"<p>Erler-Zimmer &quot;Venatech&quot; v\u0113nu trena\u017eieris - ekonomisks un efekt\u012bvs trena\u017eieris ar prec\u012bzi att\u0113lotu v\u0113nu un art\u0113riju anatomiju.<\/p>","protected":false},"featured_media":21031,"template":"","meta":[],"product_cat":[838,75,79],"product_tag":[692,831,832,829,830,577,690,833,490,1034],"class_list":{"0":"post-21030","1":"product","2":"type-product","3":"status-publish","4":"has-post-thumbnail","6":"product_brand-erler-zimmer-gmbh-co-kg","7":"product_cat-medicininiai-simuliatoriai","8":"product_cat-modeliai-manekenai-muliazai","9":"product_cat-mokymo-priemones-ir-iranga","10":"product_tag-erler-zimmer-gmbh-co-kg","11":"product_tag-medical-models","12":"product_tag-medical-simulators","13":"product_tag-medicininiai-modeliai","14":"product_tag-medicininiai-simuliatoriai","15":"product_tag-modeliai","16":"product_tag-models","17":"product_tag-simulatoriai","18":"product_tag-simulators","19":"product_tag-venu-treniruokliai","21":"first","22":"onbackorder","23":"shipping-taxable","24":"purchasable","25":"product-type-simple"},"_links":{"self":[{"href":"https:\/\/labostera.lt\/lv\/wp-json\/wp\/v2\/product\/21030","targetHints":{"allow":["GET"]}}],"collection":[{"href":"https:\/\/labostera.lt\/lv\/wp-json\/wp\/v2\/product"}],"about":[{"href":"https:\/\/labostera.lt\/lv\/wp-json\/wp\/v2\/types\/product"}],"wp:featuredmedia":[{"embeddable":true,"href":"https:\/\/labostera.lt\/lv\/wp-json\/wp\/v2\/media\/21031"}],"wp:attachment":[{"href":"https:\/\/labostera.lt\/lv\/wp-json\/wp\/v2\/media?parent=21030"}],"wp:term":[{"taxonomy":"product_cat","embeddable":true,"href":"https:\/\/labostera.lt\/lv\/wp-json\/wp\/v2\/product_cat?post=21030"},{"taxonomy":"product_tag","embeddable":true,"href":"https:\/\/labostera.lt\/lv\/wp-json\/wp\/v2\/product_tag?post=21030"}],"curies":[{"name":"wp","href":"https:\/\/api.w.org\/{rel}","templated":true}]}}