{"id":21024,"date":"2024-05-07T14:56:39","date_gmt":"2024-05-07T11:56:39","guid":{"rendered":"http:\/\/labostera.lt\/?post_type=product&#038;p=21024"},"modified":"2024-10-18T15:14:40","modified_gmt":"2024-10-18T12:14:40","slug":"prisegamas-venu-punkcijos-simuliatorius-erler-zimmer-strap-on-venous-puncture-simulator","status":"publish","type":"product","link":"https:\/\/labostera.lt\/lv\/priemones-ir-iranga\/mokymo-priemones-ir-iranga\/medicininiai-simuliatoriai\/prisegamas-venu-punkcijos-simuliatorius-erler-zimmer-strap-on-venous-puncture-simulator\/","title":{"rendered":"Erler-Zimmer siksni\u0146\u0101 eso\u0161s v\u0113nu punkcijas simulators"},"content":{"rendered":"<h2><strong>Erler-Zimmer GmbH &amp; Co. KG piesprau\u017eams venopunkt\u016bras simulators<\/strong>:<\/h2>\n<ul>\n<li>Modelis: R16236<\/li>\n<li>\u0160is 5 venopunkt\u016bras simulatoru komplekts piesprau\u0161anai ir vienk\u0101r\u0161s un l\u0113ts intravenozo injekciju apm\u0101c\u012bbas komplekts. Tas ir ide\u0101li piem\u0113rots asins \u0146em\u0161anas un intravenozas injekcijas apguvei. Venipunkt\u016bras simulators tiek piestiprin\u0101ts pie simul\u0113ta pacienta vai dabiska izm\u0113ra manekena elko\u0146a. Injekcijas spilventi\u0146i ar v\u0113n\u0101m ir nomain\u0101mi un tiek p\u0101rdoti k\u0101 rezerves da\u013cas.<\/li>\n<li>Funkcijas:\n<ul>\n<li>Re\u0101listiska audu un asinsvadu sieni\u0146u pretest\u012bba.<\/li>\n<li>V\u0113nas ir viegli piepild\u012bt un uzpild\u012bt ar komplekt\u0101 iek\u013cauto pudeli.<\/li>\n<\/ul>\n<\/li>\n<\/ul>\n<h3>Piesprau\u017eami venopunkt\u016bras simulatori \u2013 <a href=\"http:\/\/labostera.lt\/lv\/product-brand\/erler-zimmer-gmbh-co-kg\/\">Erlera-Zimmera anatomijas grupa<\/a><\/h3>\n<p>Vair\u0101k inform\u0101cijas: <a href=\"https:\/\/erler-zimmer.de\/en\/Strap-on-venous-puncture-simulator-set-of-5\/R16236\" target=\"_blank\" rel=\"noopener nofollow\">ra\u017eot\u0101ja t\u012bmek\u013ca vietn\u0113<\/a> vai nos\u016btiet mums piepras\u012bjumu!<\/p>","protected":false},"excerpt":{"rendered":"<p>Erler-Zimmer piesprau\u017eams venipunkt\u016bras simulators \u2013 re\u0101listiska un vienk\u0101r\u0161a intravenozo punkciju apguve ar piesprau\u017eamiem simulatoriem.<\/p>","protected":false},"featured_media":21029,"template":"","meta":[],"product_cat":[838,75,79],"product_tag":[692,831,832,829,830,577,690,1033,833,490],"class_list":{"0":"post-21024","1":"product","2":"type-product","3":"status-publish","4":"has-post-thumbnail","6":"product_brand-erler-zimmer-gmbh-co-kg","7":"product_cat-medicininiai-simuliatoriai","8":"product_cat-modeliai-manekenai-muliazai","9":"product_cat-mokymo-priemones-ir-iranga","10":"product_tag-erler-zimmer-gmbh-co-kg","11":"product_tag-medical-models","12":"product_tag-medical-simulators","13":"product_tag-medicininiai-modeliai","14":"product_tag-medicininiai-simuliatoriai","15":"product_tag-modeliai","16":"product_tag-models","17":"product_tag-prisegami-venu-punkcijos-simuliatoriai","18":"product_tag-simulatoriai","19":"product_tag-simulators","21":"first","22":"onbackorder","23":"shipping-taxable","24":"purchasable","25":"product-type-simple"},"_links":{"self":[{"href":"https:\/\/labostera.lt\/lv\/wp-json\/wp\/v2\/product\/21024","targetHints":{"allow":["GET"]}}],"collection":[{"href":"https:\/\/labostera.lt\/lv\/wp-json\/wp\/v2\/product"}],"about":[{"href":"https:\/\/labostera.lt\/lv\/wp-json\/wp\/v2\/types\/product"}],"wp:featuredmedia":[{"embeddable":true,"href":"https:\/\/labostera.lt\/lv\/wp-json\/wp\/v2\/media\/21029"}],"wp:attachment":[{"href":"https:\/\/labostera.lt\/lv\/wp-json\/wp\/v2\/media?parent=21024"}],"wp:term":[{"taxonomy":"product_cat","embeddable":true,"href":"https:\/\/labostera.lt\/lv\/wp-json\/wp\/v2\/product_cat?post=21024"},{"taxonomy":"product_tag","embeddable":true,"href":"https:\/\/labostera.lt\/lv\/wp-json\/wp\/v2\/product_tag?post=21024"}],"curies":[{"name":"wp","href":"https:\/\/api.w.org\/{rel}","templated":true}]}}