{"id":21008,"date":"2024-05-07T13:56:18","date_gmt":"2024-05-07T10:56:18","guid":{"rendered":"http:\/\/labostera.lt\/?post_type=product&#038;p=21008"},"modified":"2024-10-18T15:14:43","modified_gmt":"2024-10-18T12:14:43","slug":"intravenines-punkcijos-treniruoklis-su-dirzeliu-erler-zimmer-strap-on-intravenous-puncture-trainer","status":"publish","type":"product","link":"https:\/\/labostera.lt\/lv\/priemones-ir-iranga\/mokymo-priemones-ir-iranga\/medicininiai-simuliatoriai\/intravenines-punkcijos-treniruoklis-su-dirzeliu-erler-zimmer-strap-on-intravenous-puncture-trainer\/","title":{"rendered":"Erler-Zimmer Strap-on intravenoz\u0101s punkcijas trena\u017eieris"},"content":{"rendered":"<h2><strong>Erler-Zimmer GmbH &amp; Co. KG Intravenoz\u0101s punkcijas trena\u017eieris ar siksnu<\/strong>:<\/h2>\n<ul>\n<li>Modelis: 7120<\/li>\n<li>Pie\u0161\u0137iriet savai standartiz\u0113tajai pacientu programmai liel\u0101ku re\u0101lismu. \u0160is intravenozo sist\u0113mu trena\u017eieris ar siksnu \u013cauj tie\u0161i mijiedarboties ar aktieri, vienlaikus praktiz\u0113jot intravenozo sist\u0113mu punkciju rok\u0101 vai k\u0101j\u0101, bez jebk\u0101da savaino\u0161an\u0101s riska. Nomain\u0101mu spilventi\u0146u ar div\u0101m nomain\u0101m\u0101m v\u0113n\u0101m var savienot ar spiediena inf\u016bzijas maisi\u0146u, izmantojot caurul\u012bti, ko var pasl\u0113pt zem ap\u0123\u0113rba. Komplekt\u0101 ietilpst ier\u012bce, viens venozais spilvens, savienojo\u0161\u0101 caurule un elast\u012bga siksna inf\u016bzijas maisa piestiprin\u0101\u0161anai. Komplekt\u0101 ir iek\u013cauta ar\u012b viena pudel\u012bte ar m\u016bsu m\u0101ksl\u012bgaj\u0101m asin\u012bm (var izmazg\u0101t no dr\u0113b\u0113m).<\/li>\n<\/ul>\n<h3>Intravenoz\u0101s punkcijas trena\u017eieris ar siksnu \u2013 <a href=\"http:\/\/labostera.lt\/lv\/product-brand\/erler-zimmer-gmbh-co-kg\/\">Erlera-Zimmera anatomijas grupa<\/a><\/h3>\n<p>Vair\u0101k inform\u0101cijas: <a href=\"https:\/\/erler-zimmer.de\/en\/Strap-on-IV-Puncture-trainer\/7120\" target=\"_blank\" rel=\"noopener nofollow\">ra\u017eot\u0101ja t\u012bmek\u013ca vietn\u0113<\/a> vai nos\u016btiet mums piepras\u012bjumu!<\/p>","protected":false},"excerpt":{"rendered":"<p>Erler-Zimmer intravenoz\u0101s punkcijas trena\u017eieris ar siksnu \u2014 pie\u0161\u0137iriet re\u0101lismu savai standartiz\u0113tajai pacientu programmai ar intravenoz\u0101s punkcijas trena\u017eieri ar siksnu.<\/p>","protected":false},"featured_media":21015,"template":"","meta":[],"product_cat":[838,75,79],"product_tag":[692,1031,831,832,829,830,577,690,833,490],"class_list":{"0":"post-21008","1":"product","2":"type-product","3":"status-publish","4":"has-post-thumbnail","6":"product_brand-erler-zimmer-gmbh-co-kg","7":"product_cat-medicininiai-simuliatoriai","8":"product_cat-modeliai-manekenai-muliazai","9":"product_cat-mokymo-priemones-ir-iranga","10":"product_tag-erler-zimmer-gmbh-co-kg","11":"product_tag-intravenines-punkcijos-treniruoklis-su-dirzeliu","12":"product_tag-medical-models","13":"product_tag-medical-simulators","14":"product_tag-medicininiai-modeliai","15":"product_tag-medicininiai-simuliatoriai","16":"product_tag-modeliai","17":"product_tag-models","18":"product_tag-simulatoriai","19":"product_tag-simulators","21":"first","22":"onbackorder","23":"shipping-taxable","24":"purchasable","25":"product-type-simple"},"_links":{"self":[{"href":"https:\/\/labostera.lt\/lv\/wp-json\/wp\/v2\/product\/21008","targetHints":{"allow":["GET"]}}],"collection":[{"href":"https:\/\/labostera.lt\/lv\/wp-json\/wp\/v2\/product"}],"about":[{"href":"https:\/\/labostera.lt\/lv\/wp-json\/wp\/v2\/types\/product"}],"wp:featuredmedia":[{"embeddable":true,"href":"https:\/\/labostera.lt\/lv\/wp-json\/wp\/v2\/media\/21015"}],"wp:attachment":[{"href":"https:\/\/labostera.lt\/lv\/wp-json\/wp\/v2\/media?parent=21008"}],"wp:term":[{"taxonomy":"product_cat","embeddable":true,"href":"https:\/\/labostera.lt\/lv\/wp-json\/wp\/v2\/product_cat?post=21008"},{"taxonomy":"product_tag","embeddable":true,"href":"https:\/\/labostera.lt\/lv\/wp-json\/wp\/v2\/product_tag?post=21008"}],"curies":[{"name":"wp","href":"https:\/\/api.w.org\/{rel}","templated":true}]}}