{"id":20974,"date":"2024-05-07T09:32:49","date_gmt":"2024-05-07T06:32:49","guid":{"rendered":"http:\/\/labostera.lt\/?post_type=product&#038;p=20974"},"modified":"2024-10-18T15:14:47","modified_gmt":"2024-10-18T12:14:47","slug":"juosmens-stuburo-fluoroskopijos-mokymo-fantomas-erler-zimmer-lumbar-spine-fluoroscopy-training-phantom","status":"publish","type":"product","link":"https:\/\/labostera.lt\/lv\/priemones-ir-iranga\/mokymo-priemones-ir-iranga\/medicininiai-simuliatoriai\/juosmens-stuburo-fluoroskopijos-mokymo-fantomas-erler-zimmer-lumbar-spine-fluoroscopy-training-phantom\/","title":{"rendered":"Jostas da\u013cas fluoroskopijas treni\u0146u fantoms Erlera-Zimmera jostas da\u013cas fluoroskopijas treni\u0146u fantoms"},"content":{"rendered":"<h2><strong>\u201eErler-Zimmer GmbH &amp; Co. KG jostas da\u013cas mugurkaula fluoroskopijas apm\u0101c\u012bbas fantoms<\/strong>:<\/h2>\n<ul>\n<li>Modelis: R16019<\/li>\n<li>\u0160is fantoms ir ide\u0101ls apm\u0101c\u012bbas r\u012bks praktisk\u0101m darbn\u012bc\u0101m. Jostas da\u013cas mugurkaula fluoroskopijas apm\u0101c\u012bbas fantoms nodro\u0161ina da\u017e\u0101das apm\u0101c\u012bbas metodes fluoroskopijas asist\u0113t\u0101m proced\u016br\u0101m jostas da\u013cas s\u0101pju mazin\u0101\u0161anai. Fantomam ir divu veidu main\u0101mi un nomain\u0101mi ielikt\u0146i ar rentgenkontrast\u012bgu jostas da\u013cas mugurkaulu.<\/li>\n<li><strong>Funkcijas:<\/strong>\n<ul>\n<li>Divu veidu savstarp\u0113ji aizvietojami m\u0101c\u012bbu bloki: vertebroplastikas bloks un anest\u0113zijas bloks.<\/li>\n<li>Jostas skrieme\u013cus L2-L5 var vizualiz\u0113t rentgena staros.<\/li>\n<li>Prec\u012bzi simul\u0113ta adatas pretest\u012bba.<\/li>\n<\/ul>\n<\/li>\n<li><strong>M\u0101c\u012b\u0161anas prasmes:<\/strong>\n<ul>\n<li>Fluoroskopisk\u0101 anatomija un mar\u0137ieru atpaz\u012b\u0161ana.<\/li>\n<li>Vertebroplastika.<\/li>\n<li>Ar fluoroskopiju asist\u0113ta epidur\u0101l\u0101 anest\u0113zija: adatas ievieto\u0161ana intraartikul\u0101rai injekcijai, sak\u0146u blok\u0101dei un diskogrammai.<\/li>\n<\/ul>\n<\/li>\n<li><strong>Anatomija:<\/strong>\n<ul>\n<li>Jostas skrieme\u013ci (L2-L5), mugurkaula kan\u0101ls, epidur\u0101l\u0101 telpa (tikai anest\u0113zijas blok\u0101de).<\/li>\n<\/ul>\n<\/li>\n<\/ul>\n<h3>Jostas da\u013cas fluoroskopijas apm\u0101c\u012bbas fantomi \u2013 <a href=\"http:\/\/labostera.lt\/lv\/product-brand\/erler-zimmer-gmbh-co-kg\/\">Erlera-Zimmera anatomijas grupa<\/a><\/h3>\n<p>Vair\u0101k inform\u0101cijas: <a href=\"https:\/\/erler-zimmer.de\/en\/Lumbar-Spine-Fluoroscopy-Training-Phantom\/R16019\" target=\"_blank\" rel=\"noopener nofollow\">ra\u017eot\u0101ja t\u012bmek\u013ca vietn\u0113<\/a> vai nos\u016btiet mums piepras\u012bjumu!<\/p>","protected":false},"excerpt":{"rendered":"<p>Erlera-Zimmera jostas da\u013cas mugurkaula fluoroskopijas treni\u0146u fantoms \u2013 ide\u0101ls apm\u0101c\u012bbu r\u012bks praktisk\u0101m darbn\u012bc\u0101m. Apg\u016bst prasmes izmantot fluoroskopiju s\u0101pju mazin\u0101\u0161anai jostas da\u013c\u0101.<\/p>","protected":false},"featured_media":20978,"template":"","meta":[],"product_cat":[838,75,79],"product_tag":[692,1028,831,832,829,830,577,690,833,490],"class_list":{"0":"post-20974","1":"product","2":"type-product","3":"status-publish","4":"has-post-thumbnail","6":"product_brand-erler-zimmer-gmbh-co-kg","7":"product_cat-medicininiai-simuliatoriai","8":"product_cat-modeliai-manekenai-muliazai","9":"product_cat-mokymo-priemones-ir-iranga","10":"product_tag-erler-zimmer-gmbh-co-kg","11":"product_tag-juosmens-stuburo-fluoroskopijos-mokymo-fantomai","12":"product_tag-medical-models","13":"product_tag-medical-simulators","14":"product_tag-medicininiai-modeliai","15":"product_tag-medicininiai-simuliatoriai","16":"product_tag-modeliai","17":"product_tag-models","18":"product_tag-simulatoriai","19":"product_tag-simulators","21":"first","22":"onbackorder","23":"shipping-taxable","24":"purchasable","25":"product-type-simple"},"_links":{"self":[{"href":"https:\/\/labostera.lt\/lv\/wp-json\/wp\/v2\/product\/20974","targetHints":{"allow":["GET"]}}],"collection":[{"href":"https:\/\/labostera.lt\/lv\/wp-json\/wp\/v2\/product"}],"about":[{"href":"https:\/\/labostera.lt\/lv\/wp-json\/wp\/v2\/types\/product"}],"wp:featuredmedia":[{"embeddable":true,"href":"https:\/\/labostera.lt\/lv\/wp-json\/wp\/v2\/media\/20978"}],"wp:attachment":[{"href":"https:\/\/labostera.lt\/lv\/wp-json\/wp\/v2\/media?parent=20974"}],"wp:term":[{"taxonomy":"product_cat","embeddable":true,"href":"https:\/\/labostera.lt\/lv\/wp-json\/wp\/v2\/product_cat?post=20974"},{"taxonomy":"product_tag","embeddable":true,"href":"https:\/\/labostera.lt\/lv\/wp-json\/wp\/v2\/product_tag?post=20974"}],"curies":[{"name":"wp","href":"https:\/\/api.w.org\/{rel}","templated":true}]}}