{"id":20967,"date":"2024-05-07T08:39:01","date_gmt":"2024-05-07T05:39:01","guid":{"rendered":"http:\/\/labostera.lt\/?post_type=product&#038;p=20967"},"modified":"2024-10-18T15:14:48","modified_gmt":"2024-10-18T12:14:48","slug":"ultragarsinis-juosmens-punkcijos-ir-epidurinis-simuliatorius-erler-zimmer-ultrasound-lumbar-puncture-epidural-simulator","status":"publish","type":"product","link":"https:\/\/labostera.lt\/lv\/priemones-ir-iranga\/mokymo-priemones-ir-iranga\/medicininiai-simuliatoriai\/ultragarsinis-juosmens-punkcijos-ir-epidurinis-simuliatorius-erler-zimmer-ultrasound-lumbar-puncture-epidural-simulator\/","title":{"rendered":"Ultraska\u0146as jostas punkcijas un epidur\u0101l\u0101s anest\u0113zijas simulators Erler-Zimmer ultraska\u0146as jostas punkcijas un epidur\u0101l\u0101s anest\u0113zijas simulators"},"content":{"rendered":"<h2><strong>Erler-Zimmer GmbH &amp; Co. KG ultraska\u0146as jostas punkcijas un epidur\u0101l\u0101s anest\u0113zijas simulators<\/strong>:<\/h2>\n<ul>\n<li>Modelis: R16015<\/li>\n<li>Ar ultraska\u0146u sader\u012bgais punkcijas bloks ir anatomiski pareizs un nodro\u0161ina re\u0101listisku ultraska\u0146as att\u0113lu. Tas satur jostas skrieme\u013cus, skrieme\u013cu izaugumus, aug\u0161\u0113jo loc\u012btavu izaugumu, s\u0101nu izaugumu, epidur\u0101lo telpu un mugurkaula cieto smadze\u0146u apvalku.<\/li>\n<li><strong>Apm\u0101c\u012bbas iesp\u0113jas:<\/strong>\n<ul>\n<li>Ultraska\u0146as vad\u012bta jostas punkcija<\/li>\n<li>Ultraska\u0146as vad\u012bta epidur\u0101l\u0101 anest\u0113zija<\/li>\n<li>CSF sav\u0101k\u0161ana un CSF spiediena m\u0113r\u012b\u0161ana<\/li>\n<\/ul>\n<\/li>\n<li><strong>Funkcijas:<\/strong>\n<ul>\n<li>Jostas da\u013cas ultraska\u0146as orientieri var vizualiz\u0113t.<\/li>\n<li>Nomain\u0101m\u0101s deta\u013cas ir iztur\u012bgas un paredz\u0113tas vair\u0101k\u0101m proced\u016br\u0101m.<\/li>\n<li>\u0160o simulatoru var novietot vertik\u0101li vai uz s\u0101niem.<\/li>\n<li>Caursp\u012bd\u012bgais bloks padara adatas trajektoriju redzamu.<\/li>\n<li>Jostasvietas re\u0123iona modelis nodro\u0161ina pla\u0161as apm\u0101c\u012bbas iesp\u0113jas, pievienojot main\u0101mus m\u0101c\u012bbu blokus orient\u0101cijai un fluoroskopisk\u0101m proced\u016br\u0101m.<\/li>\n<\/ul>\n<\/li>\n<\/ul>\n<h3>Ultraska\u0146as jostas punkcijas un epidur\u0101l\u0101s anest\u0113zijas simulatori. <a href=\"http:\/\/labostera.lt\/lv\/product-brand\/erler-zimmer-gmbh-co-kg\/\">Erlera-Zimmera anatomijas grupa<\/a><\/h3>\n<p>Vair\u0101k inform\u0101cijas: <a href=\"https:\/\/erler-zimmer.de\/en\/Ultrasound-Compatible-Lumbar-Puncture-Epidural-Simulator\/R16015\" target=\"_blank\" rel=\"noopener nofollow\">ra\u017eot\u0101ja t\u012bmek\u013ca vietn\u0113<\/a> vai nos\u016btiet mums piepras\u012bjumu!<\/p>","protected":false},"excerpt":{"rendered":"<p>Erlera-Zimmera ultraska\u0146as jostas punkcijas un epidur\u0101l\u0101s anest\u0113zijas simulators \u2013 re\u0101listisks ultraska\u0146as simulators, kas paredz\u0113ts jostas punkcijas un epidur\u0101l\u0101s anest\u0113zijas proced\u016bru apm\u0101c\u012bbai.<\/p>","protected":false},"featured_media":20973,"template":"","meta":[],"product_cat":[838,75,79],"product_tag":[692,831,832,829,830,577,690,833,490,1027],"class_list":{"0":"post-20967","1":"product","2":"type-product","3":"status-publish","4":"has-post-thumbnail","6":"product_brand-erler-zimmer-gmbh-co-kg","7":"product_cat-medicininiai-simuliatoriai","8":"product_cat-modeliai-manekenai-muliazai","9":"product_cat-mokymo-priemones-ir-iranga","10":"product_tag-erler-zimmer-gmbh-co-kg","11":"product_tag-medical-models","12":"product_tag-medical-simulators","13":"product_tag-medicininiai-modeliai","14":"product_tag-medicininiai-simuliatoriai","15":"product_tag-modeliai","16":"product_tag-models","17":"product_tag-simulatoriai","18":"product_tag-simulators","19":"product_tag-ultragarsiniai-juosmens-punkcijos-ir-epiduriniai-simuliatoriai","21":"first","22":"onbackorder","23":"shipping-taxable","24":"purchasable","25":"product-type-simple"},"_links":{"self":[{"href":"https:\/\/labostera.lt\/lv\/wp-json\/wp\/v2\/product\/20967","targetHints":{"allow":["GET"]}}],"collection":[{"href":"https:\/\/labostera.lt\/lv\/wp-json\/wp\/v2\/product"}],"about":[{"href":"https:\/\/labostera.lt\/lv\/wp-json\/wp\/v2\/types\/product"}],"wp:featuredmedia":[{"embeddable":true,"href":"https:\/\/labostera.lt\/lv\/wp-json\/wp\/v2\/media\/20973"}],"wp:attachment":[{"href":"https:\/\/labostera.lt\/lv\/wp-json\/wp\/v2\/media?parent=20967"}],"wp:term":[{"taxonomy":"product_cat","embeddable":true,"href":"https:\/\/labostera.lt\/lv\/wp-json\/wp\/v2\/product_cat?post=20967"},{"taxonomy":"product_tag","embeddable":true,"href":"https:\/\/labostera.lt\/lv\/wp-json\/wp\/v2\/product_tag?post=20967"}],"curies":[{"name":"wp","href":"https:\/\/api.w.org\/{rel}","templated":true}]}}