{"id":20960,"date":"2024-05-06T16:03:46","date_gmt":"2024-05-06T13:03:46","guid":{"rendered":"http:\/\/labostera.lt\/?post_type=product&#038;p=20960"},"modified":"2024-10-18T15:14:51","modified_gmt":"2024-10-18T12:14:51","slug":"juosmens-punkcijos-treniruoklis-erler-zimmer-lumbar-puncture-trainer","status":"publish","type":"product","link":"https:\/\/labostera.lt\/lv\/priemones-ir-iranga\/mokymo-priemones-ir-iranga\/medicininiai-simuliatoriai\/juosmens-punkcijos-treniruoklis-erler-zimmer-lumbar-puncture-trainer\/","title":{"rendered":"Jostasvietas punkcijas trena\u017eieris Erler-Zimmer jostasvietas punkcijas trena\u017eieris"},"content":{"rendered":"<h2><strong>Erler-Zimmer GmbH &amp; Co. KG jostas punkcijas treneris<\/strong>:<\/h2>\n<ul>\n<li>Modelis: R11030<\/li>\n<li>Pied\u0101v\u0101 re\u0101listisku taustes atgriezenisko saiti kop\u0101 ar \u0161\u0137idruma pieg\u0101des un spiediena sist\u0113mu, kas \u013cauj sav\u0101kt cerebrospin\u0101lo \u0161\u0137idrumu un m\u0113r\u012bt atv\u0113r\u0161an\u0101s spiedienu.<\/li>\n<li>Ide\u0101li piem\u0113rots lok\u0101l\u0101s anest\u0113zijas injekciju, aseptiskas tehnikas, starpskrieme\u013cu adatu ievieto\u0161anas, jostas punkcijas un epidur\u0101l\u0101s anest\u0113zijas praktiz\u0113\u0161anai.<\/li>\n<li><strong>Funkcijas:<\/strong>\n<ul>\n<li>Muguras smadzenes aizst\u0101j \u0101das sl\u0101nis, zem\u0101das audu sl\u0101nis, saistauds un jostas skrieme\u013ci.<\/li>\n<li>Anatomisk\u0101s paz\u012bmes ietver: g\u016b\u017eas kaula cekulus, jostas skrieme\u013cus L2\u2013L5, dzelten\u0101s saites, epidur\u0101lo telpu un cieto smadze\u0146u apvalku.<\/li>\n<li>Adatu ievieto\u0161ana starp skrieme\u013ciem ir iesp\u0113jama.<\/li>\n<li>Re\u0101listiska adatas pretest\u012bba, tostarp klik\u0161\u0137i, adat\u0101m \u0161\u0137\u0113rsojot dzelteno saiti (ligantum flavum) un cieto smadze\u0146u apvalku (dura).<\/li>\n<li>Pa\u0161atjaunojo\u0161a \u0101da, kas \u013cauj lietot adatas 15 reizes ar 18. izm\u0113ra adat\u0101m un 25 reizes ar 22. izm\u0113ra adat\u0101m, pirms t\u0101s ir j\u0101nomaina.<\/li>\n<li>Simul\u0113ta cerebrospin\u0101l\u0101 \u0161\u0137idruma (CSF) uzpild\u012b\u0161ana un \u0161\u0137idruma spiediena noteik\u0161ana ir vienk\u0101r\u0161a, \u013caujot studentiem sav\u0101kt CSF un izm\u0113r\u012bt CSF atv\u0113r\u0161an\u0101s spiedienu.<\/li>\n<li>Spiediena sist\u0113ma ar vienk\u0101r\u0161u pogu darb\u012bbu spiediena palielin\u0101\u0161anai vai samazin\u0101\u0161anai.<\/li>\n<li>LED displejs r\u0101da spiediena iestat\u012bjumu no zema, vid\u0113ja l\u012bdz augstam spiedienam.<\/li>\n<li>Veiciet proced\u016bru kreisaj\u0101 s\u0101nu gu\u013cus st\u0101vokl\u012b vai s\u0113dus st\u0101vokl\u012b.<\/li>\n<li>Trena\u017eieri var izmantot, lai simul\u0113tu aseptisku tehniku un lok\u0101lo anest\u0113ziju punkcijas viet\u0101.<\/li>\n<\/ul>\n<\/li>\n<\/ul>\n<h3>Jostas punkcijas simulatori \u2013 <a href=\"http:\/\/labostera.lt\/lv\/product-brand\/erler-zimmer-gmbh-co-kg\/\">Erlera-Zimmera anatomijas grupa<\/a><\/h3>\n<p>Vair\u0101k inform\u0101cijas: <a href=\"https:\/\/erler-zimmer.de\/en\/Epidural-Anesthesia-Simulator\/R16603\" target=\"_blank\" rel=\"noopener nofollow\">ra\u017eot\u0101ja t\u012bmek\u013ca vietn\u0113<\/a> vai nos\u016btiet mums piepras\u012bjumu!<\/p>","protected":false},"excerpt":{"rendered":"<p>Erlera-Zimmera re\u0101listisks taustes reakcijas jostasvietas punkcijas trena\u017eieris ar \u0161\u0137idruma padeves un spiediena sist\u0113mu. Ide\u0101li ir praktiz\u0113t lok\u0101l\u0101s anest\u0113zijas injekcijas, aseptisku tehniku, starpskrieme\u013cu adatas ievieto\u0161anu, jostas punkciju un epidur\u0101lo anest\u0113ziju.<\/p>","protected":false},"featured_media":20962,"template":"","meta":[],"product_cat":[838,75,79],"product_tag":[692,1025,831,832,829,830,577,690,833,490],"class_list":{"0":"post-20960","1":"product","2":"type-product","3":"status-publish","4":"has-post-thumbnail","6":"product_brand-erler-zimmer-gmbh-co-kg","7":"product_cat-medicininiai-simuliatoriai","8":"product_cat-modeliai-manekenai-muliazai","9":"product_cat-mokymo-priemones-ir-iranga","10":"product_tag-erler-zimmer-gmbh-co-kg","11":"product_tag-juosmens-punkcijos-treniruokliai","12":"product_tag-medical-models","13":"product_tag-medical-simulators","14":"product_tag-medicininiai-modeliai","15":"product_tag-medicininiai-simuliatoriai","16":"product_tag-modeliai","17":"product_tag-models","18":"product_tag-simulatoriai","19":"product_tag-simulators","21":"first","22":"onbackorder","23":"shipping-taxable","24":"purchasable","25":"product-type-simple"},"_links":{"self":[{"href":"https:\/\/labostera.lt\/lv\/wp-json\/wp\/v2\/product\/20960","targetHints":{"allow":["GET"]}}],"collection":[{"href":"https:\/\/labostera.lt\/lv\/wp-json\/wp\/v2\/product"}],"about":[{"href":"https:\/\/labostera.lt\/lv\/wp-json\/wp\/v2\/types\/product"}],"wp:featuredmedia":[{"embeddable":true,"href":"https:\/\/labostera.lt\/lv\/wp-json\/wp\/v2\/media\/20962"}],"wp:attachment":[{"href":"https:\/\/labostera.lt\/lv\/wp-json\/wp\/v2\/media?parent=20960"}],"wp:term":[{"taxonomy":"product_cat","embeddable":true,"href":"https:\/\/labostera.lt\/lv\/wp-json\/wp\/v2\/product_cat?post=20960"},{"taxonomy":"product_tag","embeddable":true,"href":"https:\/\/labostera.lt\/lv\/wp-json\/wp\/v2\/product_tag?post=20960"}],"curies":[{"name":"wp","href":"https:\/\/api.w.org\/{rel}","templated":true}]}}