{"id":20948,"date":"2024-05-06T14:56:52","date_gmt":"2024-05-06T11:56:52","guid":{"rendered":"http:\/\/labostera.lt\/?post_type=product&#038;p=20948"},"modified":"2024-10-18T15:14:52","modified_gmt":"2024-10-18T12:14:52","slug":"epidurines-anestezijos-simuliatorius-erler-zimmer-epidural-anesthesia-simulator","status":"publish","type":"product","link":"https:\/\/labostera.lt\/lv\/priemones-ir-iranga\/mokymo-priemones-ir-iranga\/medicininiai-simuliatoriai\/epidurines-anestezijos-simuliatorius-erler-zimmer-epidural-anesthesia-simulator\/","title":{"rendered":"Epidur\u0101l\u0101s anest\u0113zijas simulators Erler-Zimmera epidur\u0101l\u0101s anest\u0113zijas simulators"},"content":{"rendered":"<h2><strong>Erler-Zimmer GmbH &amp; Co. KG epidur\u0101l\u0101s anest\u0113zijas simulators<\/strong>:<\/h2>\n<ul>\n<li>Modelis: R16603<\/li>\n<li>Jauns simulators \u013cauj apg\u016bt epidur\u0101lo anest\u0113ziju un jostas punkciju.<\/li>\n<li>Izgatavots no re\u0101listiskiem materi\u0101liem, radot re\u0101listisku piesk\u0101rienu un saj\u016btu.<\/li>\n<li>Dz\u012bves izm\u0113ra modelis ar anatomiski pareizu mugurkaulu no Th7 l\u012bdz L5.<\/li>\n<li>Visi svar\u012bg\u0101kie orientieri ir iek\u013cauti palp\u0101cijai.<\/li>\n<li>Nodro\u0161ina \u012bstu pretest\u012bbu, un injekcijas laik\u0101 var sajust sprak\u0161\u0137i.<\/li>\n<li>Pacientu apm\u0101c\u012bbai var izmantot kreisaj\u0101 vai labaj\u0101 pus\u0113.<\/li>\n<\/ul>\n<h3>Epidur\u0101l\u0101s anest\u0113zijas simulatori \u2013 <a href=\"http:\/\/labostera.lt\/lv\/product-brand\/erler-zimmer-gmbh-co-kg\/\">Erlera-Zimmera anatomijas grupa<\/a><\/h3>\n<p>Vair\u0101k inform\u0101cijas: <a href=\"https:\/\/erler-zimmer.de\/en\/Epidural-Anesthesia-Simulator\/R16603\" target=\"_blank\" rel=\"noopener nofollow\">ra\u017eot\u0101ja t\u012bmek\u013ca vietn\u0113<\/a> vai nos\u016btiet mums piepras\u012bjumu!<\/p>","protected":false},"excerpt":{"rendered":"<p>Erlera-Zimmera epidur\u0101l\u0101s anest\u0113zijas simulators \u2013 re\u0101listisks apm\u0101c\u012bbas simulators epidur\u0101l\u0101s anest\u0113zijas un jostas punkcijas apm\u0101c\u012bbai. Dz\u012bves izm\u0113ra modelis ar anatomisku mugurkaulu un galvenajiem orientieriem.<\/p>","protected":false},"featured_media":20958,"template":"","meta":[],"product_cat":[838,75,79],"product_tag":[1024,692,831,832,829,830,577,690,833,490],"class_list":{"0":"post-20948","1":"product","2":"type-product","3":"status-publish","4":"has-post-thumbnail","6":"product_brand-erler-zimmer-gmbh-co-kg","7":"product_cat-medicininiai-simuliatoriai","8":"product_cat-modeliai-manekenai-muliazai","9":"product_cat-mokymo-priemones-ir-iranga","10":"product_tag-epidurines-anestezijos-simuliatoriai","11":"product_tag-erler-zimmer-gmbh-co-kg","12":"product_tag-medical-models","13":"product_tag-medical-simulators","14":"product_tag-medicininiai-modeliai","15":"product_tag-medicininiai-simuliatoriai","16":"product_tag-modeliai","17":"product_tag-models","18":"product_tag-simulatoriai","19":"product_tag-simulators","21":"first","22":"onbackorder","23":"shipping-taxable","24":"purchasable","25":"product-type-simple"},"_links":{"self":[{"href":"https:\/\/labostera.lt\/lv\/wp-json\/wp\/v2\/product\/20948","targetHints":{"allow":["GET"]}}],"collection":[{"href":"https:\/\/labostera.lt\/lv\/wp-json\/wp\/v2\/product"}],"about":[{"href":"https:\/\/labostera.lt\/lv\/wp-json\/wp\/v2\/types\/product"}],"wp:featuredmedia":[{"embeddable":true,"href":"https:\/\/labostera.lt\/lv\/wp-json\/wp\/v2\/media\/20958"}],"wp:attachment":[{"href":"https:\/\/labostera.lt\/lv\/wp-json\/wp\/v2\/media?parent=20948"}],"wp:term":[{"taxonomy":"product_cat","embeddable":true,"href":"https:\/\/labostera.lt\/lv\/wp-json\/wp\/v2\/product_cat?post=20948"},{"taxonomy":"product_tag","embeddable":true,"href":"https:\/\/labostera.lt\/lv\/wp-json\/wp\/v2\/product_tag?post=20948"}],"curies":[{"name":"wp","href":"https:\/\/api.w.org\/{rel}","templated":true}]}}