{"id":20922,"date":"2024-05-06T14:32:53","date_gmt":"2024-05-06T11:32:53","guid":{"rendered":"http:\/\/labostera.lt\/?post_type=product&#038;p=20922"},"modified":"2024-10-18T15:14:54","modified_gmt":"2024-10-18T12:14:54","slug":"krutines-lastos-neuraksialinis-simuliatorius-erler-zimmer-thoraxis-thoracic-neuraxial-simulator","status":"publish","type":"product","link":"https:\/\/labostera.lt\/lv\/priemones-ir-iranga\/mokymo-priemones-ir-iranga\/medicininiai-simuliatoriai\/krutines-lastos-neuraksialinis-simuliatorius-erler-zimmer-thoraxis-thoracic-neuraxial-simulator\/","title":{"rendered":"Kr\u016b\u0161kurvja neiraksi\u0101lais simulators Erler-Zimmer \u201cTHORAXIS\u201d kr\u016b\u0161u kurvja neiraksi\u0101lais simulators"},"content":{"rendered":"<h2><strong>Erler-Zimmer GmbH &amp; Co. KG kr\u016b\u0161kurvja neiraksi\u0101lais simulators<\/strong>:<\/h2>\n<ul>\n<li>Modelis: R66700<\/li>\n<li>Ide\u0101ls treni\u0146u simulators visbie\u017e\u0101k izmantotaj\u0101m neiraksi\u0101laj\u0101m blok\u0101d\u0113m.<\/li>\n<li>Simul\u0113 re\u0101listisku dur\u0101lo membr\u0101nas punkciju, zuduma pretest\u012bbu un intratek\u0101la \u0161\u0137idruma piepild\u012b\u0161anu, l\u012bdz\u012bgi k\u0101 cilv\u0113kam.<\/li>\n<li>\u013bauj noteikt pareiz\u0101s m\u0113r\u0137a zonas.<\/li>\n<li><strong>Funkcijas:<\/strong>\n<ul>\n<li>Mugurkaula dobums (\u0161\u0137idruma caurules imit\u0101cija simboliz\u0113 dura materi\u0101la pl\u012bsumu un cerebrospin\u0101l\u0101 \u0161\u0137idruma (CSF) apstiprin\u0101jumu).<\/li>\n<li>Epidur\u0101l\u0101 telpa (atdarina LOR tehniku).<\/li>\n<li>Skrieme\u013ca \u0137erme\u0146i (identific\u0113jiet starpeni ar redzamiem un palp\u0113jamiem skrieme\u013cu izaugumiem).<\/li>\n<li>Ligamentum flavum (stingra un raupja tekst\u016bra nodro\u0161ina re\u0101listisku taustes saj\u016btu).<\/li>\n<li>L\u0101psti\u0146as le\u0146\u0137i (l\u0101psti\u0146as aug\u0161\u0113jais un apak\u0161\u0113jais le\u0146\u0137is kalpo k\u0101 anatomiski orientieri).<\/li>\n<\/ul>\n<\/li>\n<li><strong>M\u0101c\u012bbu metodes:<\/strong>\n<ul>\n<li>Epidur\u0101l\u0101 LOR (identific\u0113t epidur\u0101lo nopl\u016bdi).<\/li>\n<li>Katetra ievieto\u0161ana (ievietojiet epidur\u0101los un mugurkaula katetrus).<\/li>\n<li>Ultraska\u0146as sader\u012bba (palielina ultraska\u0146as kompetenci).<\/li>\n<\/ul>\n<\/li>\n<\/ul>\n<h3>Torak\u0101l\u0101s neiroaksi\u0101l\u0101s simul\u0101cijas \u2013 <a href=\"http:\/\/labostera.lt\/lv\/product-brand\/erler-zimmer-gmbh-co-kg\/\">Erlera-Zimmera anatomijas grupa<\/a><\/h3>\n<p>Vair\u0101k inform\u0101cijas: <a href=\"https:\/\/erler-zimmer.de\/en\/THORAXIS-Thoracic-Neuraxial-Simulator\/R66700\" target=\"_blank\" rel=\"noopener nofollow\">ra\u017eot\u0101ja t\u012bmek\u013ca vietn\u0113<\/a> vai nos\u016btiet mums piepras\u012bjumu!<\/p>","protected":false},"excerpt":{"rendered":"<p>Erlera-Zimmera kr\u016b\u0161u kurvja neiroaksi\u0101lais simulators \u201cTHORAXIS\u201d \u2013 ide\u0101li piem\u0113rots bie\u017ei izmantotu neiroaksi\u0101lo blok\u0101\u017eu apm\u0101c\u012bbai. Re\u0101listiska durvju caurdur\u0161ana, iztur\u012bba pret zudumiem un ar \u0161\u0137idrumu pild\u012btas intratek\u0101las telpas atdarina cilv\u0113ka pacientu.<\/p>","protected":false},"featured_media":20925,"template":"","meta":[],"product_cat":[838,75,79],"product_tag":[692,1022,831,832,829,830,577,690,833,490],"class_list":{"0":"post-20922","1":"product","2":"type-product","3":"status-publish","4":"has-post-thumbnail","6":"product_brand-erler-zimmer-gmbh-co-kg","7":"product_cat-medicininiai-simuliatoriai","8":"product_cat-modeliai-manekenai-muliazai","9":"product_cat-mokymo-priemones-ir-iranga","10":"product_tag-erler-zimmer-gmbh-co-kg","11":"product_tag-krutines-lastos-neuraksialinis-simuliatoriai","12":"product_tag-medical-models","13":"product_tag-medical-simulators","14":"product_tag-medicininiai-modeliai","15":"product_tag-medicininiai-simuliatoriai","16":"product_tag-modeliai","17":"product_tag-models","18":"product_tag-simulatoriai","19":"product_tag-simulators","21":"first","22":"onbackorder","23":"shipping-taxable","24":"purchasable","25":"product-type-simple"},"_links":{"self":[{"href":"https:\/\/labostera.lt\/lv\/wp-json\/wp\/v2\/product\/20922","targetHints":{"allow":["GET"]}}],"collection":[{"href":"https:\/\/labostera.lt\/lv\/wp-json\/wp\/v2\/product"}],"about":[{"href":"https:\/\/labostera.lt\/lv\/wp-json\/wp\/v2\/types\/product"}],"wp:featuredmedia":[{"embeddable":true,"href":"https:\/\/labostera.lt\/lv\/wp-json\/wp\/v2\/media\/20925"}],"wp:attachment":[{"href":"https:\/\/labostera.lt\/lv\/wp-json\/wp\/v2\/media?parent=20922"}],"wp:term":[{"taxonomy":"product_cat","embeddable":true,"href":"https:\/\/labostera.lt\/lv\/wp-json\/wp\/v2\/product_cat?post=20922"},{"taxonomy":"product_tag","embeddable":true,"href":"https:\/\/labostera.lt\/lv\/wp-json\/wp\/v2\/product_tag?post=20922"}],"curies":[{"name":"wp","href":"https:\/\/api.w.org\/{rel}","templated":true}]}}