{"id":20917,"date":"2024-05-06T14:06:30","date_gmt":"2024-05-06T11:06:30","guid":{"rendered":"http:\/\/labostera.lt\/?post_type=product&#038;p=20917"},"modified":"2024-10-18T15:14:56","modified_gmt":"2024-10-18T12:14:56","slug":"vaiku-juosmens-punkcijos-simuliatorius-erler-zimmer-pediatric-lumbar-puncture-simulator-2","status":"publish","type":"product","link":"https:\/\/labostera.lt\/lv\/priemones-ir-iranga\/mokymo-priemones-ir-iranga\/medicininiai-simuliatoriai\/vaiku-juosmens-punkcijos-simuliatorius-erler-zimmer-pediatric-lumbar-puncture-simulator-2\/","title":{"rendered":"Pediatrisk\u0101 jostas punkcijas simulators Erler-Zimmer pediatrisk\u0101 jostas punkcijas simulators"},"content":{"rendered":"<h2><strong>Erler-Zimmer GmbH &amp; Co. KG b\u0113rnu jostas punkcijas simulators<\/strong>:<\/h2>\n<ul>\n<li>Modelis R16608:\n<ul>\n<li>\u0160o jostasvietas punkcijas simulatoru izstr\u0101d\u0101ja medic\u012bnas izgl\u012bt\u012bbas eksperti, lai uzlabotu form\u0101lo apm\u0101c\u012bbu un LP proced\u016bru prasmju nov\u0113rt\u0113\u0161anu.<\/li>\n<li>Tas \u013cauj studentiem un medic\u012bnas speci\u0101listiem bie\u017ei praktiz\u0113t un sasniegt augstu procesu\u0101l\u0101s kompetences l\u012bmeni, neradot nek\u0101du risku pacientiem.<\/li>\n<li>Funkcijas:\n<ul>\n<li>Prec\u012bzi simul\u0113 viduk\u013ca anatomisko strukt\u016bru, ieskaitot anatomisko mar\u0137ieri.<\/li>\n<li>Nodro\u0161ina re\u0101listisku saj\u016btu gan par \u0101das, gan audu pretest\u012bbu mugurkaula adatas iek\u013c\u016b\u0161anai.<\/li>\n<li>\u013bauj studentiem gan sav\u0101kt cerebrospin\u0101l\u0101 \u0161\u0137idruma (CSF) daudzumu, gan izm\u0113r\u012bt CSF \u0161\u0137idruma spiedienu saist\u012bb\u0101 ar kl\u012bniskajiem apst\u0101k\u013ciem.<\/li>\n<li>Caursp\u012bd\u012bgais punkcijas bloks \u013cauj tie\u0161i nov\u0113rot gan anatomisko strukt\u016bru, gan mugurkaula adatas ce\u013cu.<\/li>\n<\/ul>\n<\/li>\n<\/ul>\n<\/li>\n<\/ul>\n<h3>B\u0113rnu jostas punkcijas simulatori \u2013 <a href=\"http:\/\/labostera.lt\/lv\/product-brand\/erler-zimmer-gmbh-co-kg\/\">Erlera-Zimmera anatomijas grupa<\/a><\/h3>\n<p>Vair\u0101k inform\u0101cijas: <a href=\"https:\/\/erler-zimmer.de\/en\/Paediatric-Lumbar-Puncture-Simulator\/R16608\" target=\"_blank\" rel=\"noopener nofollow\">ra\u017eot\u0101ja t\u012bmek\u013ca vietn\u0113<\/a> vai nos\u016btiet mums piepras\u012bjumu!<\/p>","protected":false},"excerpt":{"rendered":"<p>Erler-Zimmer pediatriskais jostasvietas punkcijas simulators \u2013 re\u0101listiska punkcijas proced\u016bru apm\u0101c\u012bba.<\/p>","protected":false},"featured_media":20920,"template":"","meta":[],"product_cat":[838,75,79],"product_tag":[692,831,832,829,830,577,690,833,490,1020],"class_list":{"0":"post-20917","1":"product","2":"type-product","3":"status-publish","4":"has-post-thumbnail","6":"product_brand-erler-zimmer-gmbh-co-kg","7":"product_cat-medicininiai-simuliatoriai","8":"product_cat-modeliai-manekenai-muliazai","9":"product_cat-mokymo-priemones-ir-iranga","10":"product_tag-erler-zimmer-gmbh-co-kg","11":"product_tag-medical-models","12":"product_tag-medical-simulators","13":"product_tag-medicininiai-modeliai","14":"product_tag-medicininiai-simuliatoriai","15":"product_tag-modeliai","16":"product_tag-models","17":"product_tag-simulatoriai","18":"product_tag-simulators","19":"product_tag-vaiku-juosmens-punkcijos-simuliatoriai","21":"first","22":"onbackorder","23":"shipping-taxable","24":"purchasable","25":"product-type-simple"},"_links":{"self":[{"href":"https:\/\/labostera.lt\/lv\/wp-json\/wp\/v2\/product\/20917","targetHints":{"allow":["GET"]}}],"collection":[{"href":"https:\/\/labostera.lt\/lv\/wp-json\/wp\/v2\/product"}],"about":[{"href":"https:\/\/labostera.lt\/lv\/wp-json\/wp\/v2\/types\/product"}],"wp:featuredmedia":[{"embeddable":true,"href":"https:\/\/labostera.lt\/lv\/wp-json\/wp\/v2\/media\/20920"}],"wp:attachment":[{"href":"https:\/\/labostera.lt\/lv\/wp-json\/wp\/v2\/media?parent=20917"}],"wp:term":[{"taxonomy":"product_cat","embeddable":true,"href":"https:\/\/labostera.lt\/lv\/wp-json\/wp\/v2\/product_cat?post=20917"},{"taxonomy":"product_tag","embeddable":true,"href":"https:\/\/labostera.lt\/lv\/wp-json\/wp\/v2\/product_tag?post=20917"}],"curies":[{"name":"wp","href":"https:\/\/api.w.org\/{rel}","templated":true}]}}