{"id":20913,"date":"2024-05-06T13:53:07","date_gmt":"2024-05-06T10:53:07","guid":{"rendered":"http:\/\/labostera.lt\/?post_type=product&#038;p=20913"},"modified":"2024-10-18T15:14:57","modified_gmt":"2024-10-18T12:14:57","slug":"kudikiu-juosmens-punkcijos-simuliatorius-erler-zimmer-infant-lumbar-punction-simulator","status":"publish","type":"product","link":"https:\/\/labostera.lt\/lv\/priemones-ir-iranga\/mokymo-priemones-ir-iranga\/medicininiai-simuliatoriai\/kudikiu-juosmens-punkcijos-simuliatorius-erler-zimmer-infant-lumbar-punction-simulator\/","title":{"rendered":"Erler-Zimmer z\u012bdai\u0146u jostas punkcijas simulators"},"content":{"rendered":"<h2><strong>Erler-Zimmer GmbH &amp; Co. KG Z\u012bdai\u0146u jostas punkcijas simulators<\/strong>:<\/h2>\n<ul>\n<li>Modelis R10105:\n<ul>\n<li>Jaundzimu\u0161ais tiek reanim\u0113ts un novietots jostas punkcijas tehnikas praktiz\u0113\u0161anai.<\/li>\n<li>Kreisais izgul\u0113jums st\u0101vus<\/li>\n<li>Re\u0101listiski kust\u012bga mugurkaula da\u013ca ar muguras smadzen\u0113m, kuras var palp\u0113t, lai noteiktu pareizo punkcijas vietu<\/li>\n<li>\u0160\u0137idrumu var injic\u0113t<\/li>\n<\/ul>\n<\/li>\n<\/ul>\n<h3>Z\u012bdai\u0146u jostas punkcijas simulatori \u2013 <a href=\"http:\/\/labostera.lt\/lv\/product-brand\/erler-zimmer-gmbh-co-kg\/\">Erlera-Zimmera anatomijas grupa<\/a><\/h3>\n<p>Vair\u0101k inform\u0101cijas: <a href=\"https:\/\/erler-zimmer.de\/en\/Baby-Stap\/R10105\" target=\"_blank\" rel=\"noopener nofollow\">ra\u017eot\u0101ja t\u012bmek\u013ca vietn\u0113<\/a> vai nos\u016btiet mums piepras\u012bjumu!<\/p>","protected":false},"excerpt":{"rendered":"<p>Erlera-Zimmera z\u012bdai\u0146u jostasvietas punkcijas simulators \u2013 re\u0101listiska punkcijas tehniku apguve.<\/p>","protected":false},"featured_media":20915,"template":"","meta":[],"product_cat":[838,75,79],"product_tag":[692,1021,831,832,829,830,577,690,833,490],"class_list":{"0":"post-20913","1":"product","2":"type-product","3":"status-publish","4":"has-post-thumbnail","6":"product_brand-erler-zimmer-gmbh-co-kg","7":"product_cat-medicininiai-simuliatoriai","8":"product_cat-modeliai-manekenai-muliazai","9":"product_cat-mokymo-priemones-ir-iranga","10":"product_tag-erler-zimmer-gmbh-co-kg","11":"product_tag-kudikiu-juosmens-punkcijos-simuliatoriai","12":"product_tag-medical-models","13":"product_tag-medical-simulators","14":"product_tag-medicininiai-modeliai","15":"product_tag-medicininiai-simuliatoriai","16":"product_tag-modeliai","17":"product_tag-models","18":"product_tag-simulatoriai","19":"product_tag-simulators","21":"first","22":"onbackorder","23":"shipping-taxable","24":"purchasable","25":"product-type-simple"},"_links":{"self":[{"href":"https:\/\/labostera.lt\/lv\/wp-json\/wp\/v2\/product\/20913","targetHints":{"allow":["GET"]}}],"collection":[{"href":"https:\/\/labostera.lt\/lv\/wp-json\/wp\/v2\/product"}],"about":[{"href":"https:\/\/labostera.lt\/lv\/wp-json\/wp\/v2\/types\/product"}],"wp:featuredmedia":[{"embeddable":true,"href":"https:\/\/labostera.lt\/lv\/wp-json\/wp\/v2\/media\/20915"}],"wp:attachment":[{"href":"https:\/\/labostera.lt\/lv\/wp-json\/wp\/v2\/media?parent=20913"}],"wp:term":[{"taxonomy":"product_cat","embeddable":true,"href":"https:\/\/labostera.lt\/lv\/wp-json\/wp\/v2\/product_cat?post=20913"},{"taxonomy":"product_tag","embeddable":true,"href":"https:\/\/labostera.lt\/lv\/wp-json\/wp\/v2\/product_tag?post=20913"}],"curies":[{"name":"wp","href":"https:\/\/api.w.org\/{rel}","templated":true}]}}