{"id":20908,"date":"2024-05-06T13:09:15","date_gmt":"2024-05-06T10:09:15","guid":{"rendered":"http:\/\/labostera.lt\/?post_type=product&#038;p=20908"},"modified":"2024-10-18T15:14:58","modified_gmt":"2024-10-18T12:14:58","slug":"vaiku-kaudalines-injekcijos-simuliatorius-erler-zimmer-pediatric-caudal-injection-simulator","status":"publish","type":"product","link":"https:\/\/labostera.lt\/lv\/priemones-ir-iranga\/mokymo-priemones-ir-iranga\/medicininiai-simuliatoriai\/vaiku-kaudalines-injekcijos-simuliatorius-erler-zimmer-pediatric-caudal-injection-simulator\/","title":{"rendered":"Pediatrisk\u0101 kaud\u0101l\u0101s injekcijas simulators Erler-Zimmera pediatrisk\u0101 kaud\u0101l\u0101s injekcijas simulators"},"content":{"rendered":"<h2><strong>Erler-Zimmer GmbH &amp; Co. KG pediatriskais kaud\u0101l\u0101s injekcijas simulators<\/strong>:<\/h2>\n<ul>\n<li>Modelis R11031:\n<ul>\n<li>Kaud\u0101l\u0101 blok\u0101de tiek pla\u0161i izmantota k\u0101 dro\u0161a, vienk\u0101r\u0161a un efekt\u012bva re\u0123ion\u0101l\u0101s anest\u0113zijas metode b\u0113rnu \u0137irur\u0123ij\u0101.<\/li>\n<li>\u0160is unik\u0101lais neskaidrais simulators att\u0113lo 12 m\u0113ne\u0161us vecu b\u0113rnu kreisaj\u0101 s\u0101nu gu\u013cus st\u0101vokl\u012b ar saliektu kaklu un ce\u013cgaliem.<\/li>\n<li>Saglab\u0101jot visas pediatrisk\u0101 jostas punkcijas simulatora R11031 funkcijas, pediatriskaj\u0101 astes injekcijas simulator\u0101 ir iek\u013cauts ar\u012b anatomiski pareizs kraniokaud\u0101ls kauls ar sakr\u0101lu demark\u0101ciju, lai nodro\u0161in\u0101tu p\u0113c iesp\u0113jas prec\u012bz\u0101ku praksi.<\/li>\n<li>Tam ir ieb\u016bv\u0113ts g\u016b\u017eas cekuls izcilam re\u0101lismam, no\u0146emams mugurkauls, taust\u0101mi pareizs mugurkaula kan\u0101ls un divi m\u012bksti \u0101das spilveni \u2014 viens caursp\u012bd\u012bgs s\u0101kotn\u0113jiem anatomiskiem p\u0113t\u012bjumiem, bet otrs necaursp\u012bd\u012bgs \u2014 sare\u017e\u0123\u012bt\u0101k\u0101m praktisk\u0101m apm\u0101c\u012bb\u0101m.<\/li>\n<li>\u0160\u0137idrums pl\u016bd\u012bs, nodro\u0161inot t\u016bl\u012bt\u0113ju atgriezenisko saiti par pareizo adatas poz\u012bciju ab\u0101s proced\u016br\u0101s.<\/li>\n<li>Studenti nov\u0113rt\u0113s iesp\u0113ju praktiz\u0113t \u0161\u012bs divas svar\u012bg\u0101s proced\u016bras vien\u0101 simulator\u0101, kas ir pievilc\u012bgs un anatomiski prec\u012bzs.<\/li>\n<\/ul>\n<\/li>\n<\/ul>\n<h3>Pediatrisk\u0101s kaud\u0101l\u0101s injekcijas simulatori \u2013 <a href=\"http:\/\/labostera.lt\/lv\/product-brand\/erler-zimmer-gmbh-co-kg\/\">Erlera-Zimmera anatomijas grupa<\/a><\/h3>\n<p>Vair\u0101k inform\u0101cijas: <a href=\"https:\/\/erler-zimmer.de\/en\/Pediatric-Caudal-Injection-Simulator\/R11032\" target=\"_blank\" rel=\"noopener nofollow\">ra\u017eot\u0101ja t\u012bmek\u013ca vietn\u0113<\/a> vai nos\u016btiet mums piepras\u012bjumu!<\/p>","protected":false},"excerpt":{"rendered":"<p>Erlera-Zimmera pediatrisk\u0101 kaud\u0101l\u0101s injekcijas simulators \u2014 re\u0101listiska apm\u0101c\u012bba pediatrisk\u0101m injekcijas proced\u016br\u0101m.<\/p>","protected":false},"featured_media":20911,"template":"","meta":[],"product_cat":[838,75,79],"product_tag":[692,831,832,829,830,577,690,833,490],"class_list":{"0":"post-20908","1":"product","2":"type-product","3":"status-publish","4":"has-post-thumbnail","6":"product_brand-erler-zimmer-gmbh-co-kg","7":"product_cat-medicininiai-simuliatoriai","8":"product_cat-modeliai-manekenai-muliazai","9":"product_cat-mokymo-priemones-ir-iranga","10":"product_tag-erler-zimmer-gmbh-co-kg","11":"product_tag-medical-models","12":"product_tag-medical-simulators","13":"product_tag-medicininiai-modeliai","14":"product_tag-medicininiai-simuliatoriai","15":"product_tag-modeliai","16":"product_tag-models","17":"product_tag-simulatoriai","18":"product_tag-simulators","20":"first","21":"onbackorder","22":"shipping-taxable","23":"purchasable","24":"product-type-simple"},"_links":{"self":[{"href":"https:\/\/labostera.lt\/lv\/wp-json\/wp\/v2\/product\/20908","targetHints":{"allow":["GET"]}}],"collection":[{"href":"https:\/\/labostera.lt\/lv\/wp-json\/wp\/v2\/product"}],"about":[{"href":"https:\/\/labostera.lt\/lv\/wp-json\/wp\/v2\/types\/product"}],"wp:featuredmedia":[{"embeddable":true,"href":"https:\/\/labostera.lt\/lv\/wp-json\/wp\/v2\/media\/20911"}],"wp:attachment":[{"href":"https:\/\/labostera.lt\/lv\/wp-json\/wp\/v2\/media?parent=20908"}],"wp:term":[{"taxonomy":"product_cat","embeddable":true,"href":"https:\/\/labostera.lt\/lv\/wp-json\/wp\/v2\/product_cat?post=20908"},{"taxonomy":"product_tag","embeddable":true,"href":"https:\/\/labostera.lt\/lv\/wp-json\/wp\/v2\/product_tag?post=20908"}],"curies":[{"name":"wp","href":"https:\/\/api.w.org\/{rel}","templated":true}]}}