{"id":20895,"date":"2024-05-06T11:26:39","date_gmt":"2024-05-06T08:26:39","guid":{"rendered":"http:\/\/labostera.lt\/?post_type=product&#038;p=20895"},"modified":"2024-10-18T15:15:00","modified_gmt":"2024-10-18T12:15:00","slug":"vaiku-juosmens-punkcijos-simuliatorius-erler-zimmer-pediatric-lumbar-puncture-simulator","status":"publish","type":"product","link":"https:\/\/labostera.lt\/lv\/priemones-ir-iranga\/mokymo-priemones-ir-iranga\/medicininiai-simuliatoriai\/vaiku-juosmens-punkcijos-simuliatorius-erler-zimmer-pediatric-lumbar-puncture-simulator\/","title":{"rendered":"Pediatrisk\u0101 jostas punkcijas simulators Erler-Zimmer pediatrisk\u0101 jostas punkcijas simulators"},"content":{"rendered":"<h2><strong>Erler-Zimmer GmbH &amp; Co. KG b\u0113rnu jostas punkcijas simulators<\/strong>:<\/h2>\n<ul>\n<li>Modelis R11031:\n<ul>\n<li>Z\u012bdai\u0146iem bie\u017ei nepiecie\u0161ama jostas punkcija k\u0101 diagnostikas proced\u016bra, lai sav\u0101ktu cerebrospin\u0101l\u0101 \u0161\u0137idruma paraugu, izm\u0113r\u012btu t\u0101 spiedienu vai ievad\u012btu z\u0101les intratek\u0101li.<\/li>\n<li>Pediatriskaj\u0101 jostas punkcijas simulator\u0101 ir att\u0113lots 10\u201312 m\u0113ne\u0161us vecs z\u012bdainis, kas novietots kreisaj\u0101 s\u0101nu gu\u013cus st\u0101vokl\u012b ar saliektu kaklu un ce\u013cgaliem, prec\u012bzi atbilstot nepiecie\u0161amajai aug\u013ca poz\u012bcijai.<\/li>\n<li>Ieb\u016bv\u0113tais gurnu cekuls nodro\u0161ina izcilu re\u0101lismu, savuk\u0101rt no\u0146emamais mugurkauls, mugurkaula kan\u0101ls un \u0101das spilvens atvieglo m\u0101c\u012b\u0161anos un nov\u0113r\u0161 raizes.<\/li>\n<li>Jostas punkciju var veikt L3-L4, L4-L5 vai L5-S1 spraug\u0101s.<\/li>\n<li>Pareizo atra\u0161an\u0101s vietu var noteikt, palp\u0113jot g\u016b\u017eas kaula cekulu un mugurkaulu. Adatai l\u0113n\u0101m iedurot atbilsto\u0161aj\u0101 viet\u0101, j\u016btama neliela pretest\u012bba. \u0160\u0137idrums pl\u016bd\u012bs, kad adata b\u016bs pareizaj\u0101 poz\u012bcij\u0101.<\/li>\n<li>Studenti nov\u0113rt\u0113s iesp\u0113ju praktiz\u0113t \u0161o delik\u0101to, bet bie\u017ei veikto proced\u016bru simulator\u0101, kas ir pievilc\u012bgs un anatomiski prec\u012bzs.<\/li>\n<\/ul>\n<\/li>\n<\/ul>\n<h3>B\u0113rnu jostas punkcijas simulatori \u2013 <a href=\"http:\/\/labostera.lt\/lv\/product-brand\/erler-zimmer-gmbh-co-kg\/\">Erlera-Zimmera anatomijas grupa<\/a><\/h3>\n<p>Vair\u0101k inform\u0101cijas: <a href=\"https:\/\/erler-zimmer.de\/en\/Paediatric-Lumbar-Puncture-Simulator\/R11031\" target=\"_blank\" rel=\"noopener nofollow\">ra\u017eot\u0101ja t\u012bmek\u013ca vietn\u0113<\/a> vai nos\u016btiet mums piepras\u012bjumu!<\/p>","protected":false},"excerpt":{"rendered":"<p>Erler-Zimmer pediatriskais jostas punkcijas simulators \u2013 re\u0101listiska pediatrisko punkcijas proced\u016bru apm\u0101c\u012bba.<\/p>","protected":false},"featured_media":20907,"template":"","meta":[],"product_cat":[838,75,79],"product_tag":[692,831,832,829,830,577,690,833,490,1020],"class_list":{"0":"post-20895","1":"product","2":"type-product","3":"status-publish","4":"has-post-thumbnail","6":"product_brand-erler-zimmer-gmbh-co-kg","7":"product_cat-medicininiai-simuliatoriai","8":"product_cat-modeliai-manekenai-muliazai","9":"product_cat-mokymo-priemones-ir-iranga","10":"product_tag-erler-zimmer-gmbh-co-kg","11":"product_tag-medical-models","12":"product_tag-medical-simulators","13":"product_tag-medicininiai-modeliai","14":"product_tag-medicininiai-simuliatoriai","15":"product_tag-modeliai","16":"product_tag-models","17":"product_tag-simulatoriai","18":"product_tag-simulators","19":"product_tag-vaiku-juosmens-punkcijos-simuliatoriai","21":"first","22":"onbackorder","23":"shipping-taxable","24":"purchasable","25":"product-type-simple"},"_links":{"self":[{"href":"https:\/\/labostera.lt\/lv\/wp-json\/wp\/v2\/product\/20895","targetHints":{"allow":["GET"]}}],"collection":[{"href":"https:\/\/labostera.lt\/lv\/wp-json\/wp\/v2\/product"}],"about":[{"href":"https:\/\/labostera.lt\/lv\/wp-json\/wp\/v2\/types\/product"}],"wp:featuredmedia":[{"embeddable":true,"href":"https:\/\/labostera.lt\/lv\/wp-json\/wp\/v2\/media\/20907"}],"wp:attachment":[{"href":"https:\/\/labostera.lt\/lv\/wp-json\/wp\/v2\/media?parent=20895"}],"wp:term":[{"taxonomy":"product_cat","embeddable":true,"href":"https:\/\/labostera.lt\/lv\/wp-json\/wp\/v2\/product_cat?post=20895"},{"taxonomy":"product_tag","embeddable":true,"href":"https:\/\/labostera.lt\/lv\/wp-json\/wp\/v2\/product_tag?post=20895"}],"curies":[{"name":"wp","href":"https:\/\/api.w.org\/{rel}","templated":true}]}}