{"id":20873,"date":"2024-05-06T10:02:01","date_gmt":"2024-05-06T07:02:01","guid":{"rendered":"http:\/\/labostera.lt\/?post_type=product&#038;p=20873"},"modified":"2024-10-18T15:19:15","modified_gmt":"2024-10-18T12:19:15","slug":"galvos-modelis-veido-injekcijoms-erler-zimmer-head-model-for-facial-injections","status":"publish","type":"product","link":"https:\/\/labostera.lt\/lv\/priemones-ir-iranga\/mokymo-priemones-ir-iranga\/medicininiai-simuliatoriai\/galvos-modelis-veido-injekcijoms-erler-zimmer-head-model-for-facial-injections\/","title":{"rendered":"Erlera-Zimmera galvas modelis sejas injekcij\u0101m"},"content":{"rendered":"<h2><strong>Erler-Zimmer GmbH &amp; Co. KG galvas modelis sejas injekcij\u0101m<\/strong>:<\/h2>\n<ul>\n<li>M\u016bsu sejas injekciju mode\u013ci ir izgatavoti no augstas kvalit\u0101tes plat\u012bna t\u012bra silikona, kas rada re\u0101listisku saj\u016btu.<\/li>\n<li>M\u0113s piestiprin\u0101j\u0101m \u0101du pie cieta putuplasta galvaskausa, uz kura ir da\u017e\u0101di mar\u0137ieri, lai pal\u012bdz\u0113tu treni\u0146u proces\u0101.<\/li>\n<li>\u0160ie galvaskausi ir piestiprin\u0101ti pie 2 elast\u012bgiem stat\u012bviem, kas \u013cauj noliekt galvu pareizaj\u0101s poz\u012bcij\u0101s, un katra galva p\u0113c tam tiek apgleznota ar rok\u0101m, piestiprin\u0101ta pie vakuum\u0101 form\u0113ta aizmugur\u0113j\u0101 pane\u013ca un uzst\u0101d\u012bta uz kvalitat\u012bvas pamatnes.<\/li>\n<li>Izv\u0113lieties no 9 da\u017e\u0101d\u0101m iesp\u0113j\u0101m, kas ietver da\u017e\u0101das \u0101das kr\u0101sas, sejas formas, grumbas, musku\u013cu grupas, galvenos art\u0113riju un nervu t\u012bklus:\n<ul>\n<li>Modelis 8100 \u2013 A versija<\/li>\n<li>Modelis 8110 \u2013 B versija<\/li>\n<li>Modelis 8120 \u2013 C versija<\/li>\n<li>Modelis 8130 \u2013 D versija<\/li>\n<li>Modelis 8140 \u2013 E versija<\/li>\n<li>Modelis 8150 \u2013 F versija<\/li>\n<li>Modelis 8160 \u2013 G versija<\/li>\n<li>8200.\u00a0modelis\u00a0\u2014 \u0161aj\u0101 versij\u0101 musku\u013cu grupas ir redzamas vien\u0101 pus\u0113. Lieliski piem\u0113rots zin\u0101tnei, jo \u013cauj izskaidrot musku\u013cu grupas un par\u0101d\u012bt pareizo injekcijas poz\u012bciju.<\/li>\n<li>8210.\u00a0modelis\u00a0\u2014 \u0161aj\u0101 versij\u0101 vien\u0101 pus\u0113 ir redzamas musku\u013cu grupas, galven\u0101s art\u0113rijas un nervu t\u012bkli. Lieliski piem\u0113rots zin\u0101tnei, jo \u013cauj izskaidrot sejas anatomiju un demonstr\u0113t pareizu injekcijas poz\u012bciju.<\/li>\n<\/ul>\n<\/li>\n<\/ul>\n<h3>Galvas mode\u013ci sejas injekcij\u0101m \u2013 <a href=\"http:\/\/labostera.lt\/lv\/product-brand\/erler-zimmer-gmbh-co-kg\/\">Erlera-Zimmera anatomijas grupa<\/a><\/h3>\n<p>Vair\u0101k inform\u0101cijas: <a href=\"https:\/\/erler-zimmer.de\/en\/Head-for-facial-injections-version-A\/8100\" target=\"_blank\" rel=\"noopener nofollow\">ra\u017eot\u0101ja t\u012bmek\u013ca vietn\u0113<\/a> vai nos\u016btiet mums piepras\u012bjumu!<\/p>","protected":false},"excerpt":{"rendered":"<p>Erlera-Cimmera galvas modelis sejas injekcij\u0101m \u2013 re\u0101listisks modelis ar da\u017e\u0101diem sejas tipiem un kr\u0101s\u0101m.<\/p>","protected":false},"featured_media":20884,"template":"","meta":[],"product_cat":[838,75,79],"product_tag":[692,1019,831,832,829,830,577,690,833,490],"class_list":{"0":"post-20873","1":"product","2":"type-product","3":"status-publish","4":"has-post-thumbnail","6":"product_brand-erler-zimmer-gmbh-co-kg","7":"product_cat-medicininiai-simuliatoriai","8":"product_cat-modeliai-manekenai-muliazai","9":"product_cat-mokymo-priemones-ir-iranga","10":"product_tag-erler-zimmer-gmbh-co-kg","11":"product_tag-galvos-modeliai-veido-injekcijoms","12":"product_tag-medical-models","13":"product_tag-medical-simulators","14":"product_tag-medicininiai-modeliai","15":"product_tag-medicininiai-simuliatoriai","16":"product_tag-modeliai","17":"product_tag-models","18":"product_tag-simulatoriai","19":"product_tag-simulators","21":"first","22":"onbackorder","23":"shipping-taxable","24":"purchasable","25":"product-type-variable"},"_links":{"self":[{"href":"https:\/\/labostera.lt\/lv\/wp-json\/wp\/v2\/product\/20873","targetHints":{"allow":["GET"]}}],"collection":[{"href":"https:\/\/labostera.lt\/lv\/wp-json\/wp\/v2\/product"}],"about":[{"href":"https:\/\/labostera.lt\/lv\/wp-json\/wp\/v2\/types\/product"}],"wp:featuredmedia":[{"embeddable":true,"href":"https:\/\/labostera.lt\/lv\/wp-json\/wp\/v2\/media\/20884"}],"wp:attachment":[{"href":"https:\/\/labostera.lt\/lv\/wp-json\/wp\/v2\/media?parent=20873"}],"wp:term":[{"taxonomy":"product_cat","embeddable":true,"href":"https:\/\/labostera.lt\/lv\/wp-json\/wp\/v2\/product_cat?post=20873"},{"taxonomy":"product_tag","embeddable":true,"href":"https:\/\/labostera.lt\/lv\/wp-json\/wp\/v2\/product_tag?post=20873"}],"curies":[{"name":"wp","href":"https:\/\/api.w.org\/{rel}","templated":true}]}}