{"id":20866,"date":"2024-05-06T08:33:24","date_gmt":"2024-05-06T05:33:24","guid":{"rendered":"http:\/\/labostera.lt\/?post_type=product&#038;p=20866"},"modified":"2024-10-18T15:15:05","modified_gmt":"2024-10-18T12:15:05","slug":"pilvo-tyrimo-simuliatorius-erler-zimmer-abdominal-examination-simulator","status":"publish","type":"product","link":"https:\/\/labostera.lt\/lv\/priemones-ir-iranga\/mokymo-priemones-ir-iranga\/medicininiai-simuliatoriai\/pilvo-tyrimo-simuliatorius-erler-zimmer-abdominal-examination-simulator\/","title":{"rendered":"V\u0113dera dobuma izmekl\u0113\u0161anas simulators Erler-Zimmera v\u0113dera dobuma izmekl\u0113\u0161anas simulators"},"content":{"rendered":"<h2><strong>Erler-Zimmer GmbH &amp; Co. KG v\u0113dera izmekl\u0113\u0161anas simulators<\/strong>:<\/h2>\n<ul>\n<li>Modelis R16655:\n<ul>\n<li>Augstas kvalit\u0101tes modelis v\u0113dera dobuma izmekl\u0113\u0161anai. Prec\u012bzi mar\u0137\u0113jumi un anatomisk\u0101 uzb\u016bve, k\u0101 ar\u012b main\u0101mi org\u0101ni da\u017e\u0101diem st\u0101vok\u013ciem.<\/li>\n<li>\u0160is simulators \u013cauj efekt\u012bvi praktiz\u0113t v\u0113dera dobuma izmekl\u0113\u0161anas prasmes.<\/li>\n<li>Funkcijas:\n<ul>\n<li>Aknu un liesas perkusija<\/li>\n<li>Dz\u012bv\u012bga \u0101da ar re\u0101listisku piesk\u0101riena saj\u016btu<\/li>\n<li>Urp\u016b\u0161\u013ca, aortas un v\u0113dera art\u0113riju pl\u016bsmas ska\u0146u auskult\u0101cija<\/li>\n<li>Zarnu ska\u0146u auskult\u0101cija (norm\u0101la, subileusa)<\/li>\n<li>Palp\u0101cija:\n<ul>\n<li>Aknas (norm\u0101las, hronisks hepat\u012bts, ciroze)<\/li>\n<li>Liesa (norm\u0101la, nedaudz palielin\u0101ta, liela)<\/li>\n<li>Ur\u012bnp\u016bslis (norm\u0101ls, cistas, hidronefroze)<\/li>\n<li>Aug\u0161stilba kauls (norm\u0101ls, limfoma)<\/li>\n<li>Dzemde (norm\u0101la, miomas)<\/li>\n<\/ul>\n<\/li>\n<\/ul>\n<\/li>\n<li>Org\u0101nus var \u0101tri nomain\u012bt, un var simul\u0113t ar\u012b elpo\u0161anu.<\/li>\n<\/ul>\n<\/li>\n<\/ul>\n<h3>V\u0113dera dobuma izmekl\u0113\u0161anas simulatori \u2013 <a href=\"http:\/\/labostera.lt\/lv\/product-brand\/erler-zimmer-gmbh-co-kg\/\">Erlera-Zimmera anatomijas grupa<\/a><\/h3>\n<p>Vair\u0101k inform\u0101cijas: <a href=\"https:\/\/erler-zimmer.de\/en\/Abdominal-Examination-Simulator\/R16655\" target=\"_blank\" rel=\"noopener nofollow\">ra\u017eot\u0101ja t\u012bmek\u013ca vietn\u0113<\/a> vai nos\u016btiet mums piepras\u012bjumu!<\/p>","protected":false},"excerpt":{"rendered":"<p>Erlera-Zimmera v\u0113dera dobuma izmekl\u0113\u0161anas simulators \u2013 re\u0101listiska v\u0113dera dobuma izmekl\u0113\u0161anas apm\u0101c\u012bba.<\/p>","protected":false},"featured_media":20868,"template":"","meta":[],"product_cat":[838,75,79],"product_tag":[692,831,832,829,830,577,690,1017,833,490],"class_list":{"0":"post-20866","1":"product","2":"type-product","3":"status-publish","4":"has-post-thumbnail","6":"product_brand-erler-zimmer-gmbh-co-kg","7":"product_cat-medicininiai-simuliatoriai","8":"product_cat-modeliai-manekenai-muliazai","9":"product_cat-mokymo-priemones-ir-iranga","10":"product_tag-erler-zimmer-gmbh-co-kg","11":"product_tag-medical-models","12":"product_tag-medical-simulators","13":"product_tag-medicininiai-modeliai","14":"product_tag-medicininiai-simuliatoriai","15":"product_tag-modeliai","16":"product_tag-models","17":"product_tag-pilvo-tyrimo-simuliatoriai","18":"product_tag-simulatoriai","19":"product_tag-simulators","21":"first","22":"onbackorder","23":"shipping-taxable","24":"purchasable","25":"product-type-simple"},"_links":{"self":[{"href":"https:\/\/labostera.lt\/lv\/wp-json\/wp\/v2\/product\/20866","targetHints":{"allow":["GET"]}}],"collection":[{"href":"https:\/\/labostera.lt\/lv\/wp-json\/wp\/v2\/product"}],"about":[{"href":"https:\/\/labostera.lt\/lv\/wp-json\/wp\/v2\/types\/product"}],"wp:featuredmedia":[{"embeddable":true,"href":"https:\/\/labostera.lt\/lv\/wp-json\/wp\/v2\/media\/20868"}],"wp:attachment":[{"href":"https:\/\/labostera.lt\/lv\/wp-json\/wp\/v2\/media?parent=20866"}],"wp:term":[{"taxonomy":"product_cat","embeddable":true,"href":"https:\/\/labostera.lt\/lv\/wp-json\/wp\/v2\/product_cat?post=20866"},{"taxonomy":"product_tag","embeddable":true,"href":"https:\/\/labostera.lt\/lv\/wp-json\/wp\/v2\/product_tag?post=20866"}],"curies":[{"name":"wp","href":"https:\/\/api.w.org\/{rel}","templated":true}]}}