{"id":20860,"date":"2024-05-03T16:17:24","date_gmt":"2024-05-03T13:17:24","guid":{"rendered":"http:\/\/labostera.lt\/?post_type=product&#038;p=20860"},"modified":"2024-10-18T15:15:06","modified_gmt":"2024-10-18T12:15:06","slug":"kardiologijos-pacientu-simuliatorius-erler-zimmer-k-ver-2-cardiology-patient-simulator","status":"publish","type":"product","link":"https:\/\/labostera.lt\/lv\/priemones-ir-iranga\/mokymo-priemones-ir-iranga\/medicininiai-simuliatoriai\/kardiologijos-pacientu-simuliatorius-erler-zimmer-k-ver-2-cardiology-patient-simulator\/","title":{"rendered":"Kardiolo\u0123ijas pacienta simulators Erler-Zimmer K 2. versija Kardiolo\u0123ijas pacienta simulators"},"content":{"rendered":"<h2><strong>\u201eErler-Zimmer GmbH &amp; Co. KG K Ver.2 kardiolo\u0123ijas pacientu simulators<\/strong>:<\/h2>\n<ul>\n<li>Modelis R16677:\n<ul>\n<li>Lieliski piem\u0113rots sirds slim\u012bbu pacientu nov\u0113ro\u0161anai, palp\u0101cijai un auskult\u0101cijai kardiolo\u0123ij\u0101.<\/li>\n<li>Prasmes, piem\u0113ram:\n<ul>\n<li>Jugul\u0101ro v\u0113nu monitor\u0113\u0161ana<\/li>\n<li>Arteri\u0101lo impulsu palp\u0101cija 8 viet\u0101s<\/li>\n<li>Sirds un plau\u0161u ska\u0146u auskult\u0101cija<\/li>\n<li>Sirdsdarb\u012bbas monitor\u0113\u0161ana un palp\u0101cija tr\u012bs viet\u0101s<\/li>\n<li>88 elektrokardiogrammas<\/li>\n<\/ul>\n<\/li>\n<li>Modelis tiek vad\u012bts bezvadu re\u017e\u012bm\u0101, izmantojot sk\u0101rienekr\u0101nu, un to var ieprogramm\u0113t atbilsto\u0161i j\u016bsu treni\u0146u vajadz\u012bb\u0101m.<\/li>\n<li>Integr\u0113ta pa\u0161p\u0101rbaudes rut\u012bna samazina apkopes un kontroles piep\u016bli.<\/li>\n<li>Sist\u0113ma ir piln\u012bb\u0101 konfigur\u0113ta un to var lietot bez tehnisk\u0101m zin\u0101\u0161an\u0101m.<\/li>\n<\/ul>\n<\/li>\n<\/ul>\n<h3>Kardiolo\u0123ijas pacientu simulatori \u2013 <a href=\"http:\/\/labostera.lt\/lv\/product-brand\/erler-zimmer-gmbh-co-kg\/\">Erlera-Zimmera anatomijas grupa<\/a><\/h3>\n<p>Vair\u0101k inform\u0101cijas: <a href=\"https:\/\/erler-zimmer.de\/en\/Cardiology-Patient-Simulator-K-ver.2\/R16677\" target=\"_blank\" rel=\"noopener nofollow\">ra\u017eot\u0101ja t\u012bmek\u013ca vietn\u0113<\/a> vai nos\u016btiet mums piepras\u012bjumu!<\/p>","protected":false},"excerpt":{"rendered":"<p>Erler-Zimmer K 2. versijas kardiolo\u0123ijas pacienta simulators \u2014 ide\u0101ls sirds slimnieks apm\u0101c\u012bbai.<\/p>","protected":false},"featured_media":20863,"template":"","meta":[],"product_cat":[838,75,79],"product_tag":[692,1016,831,832,829,830,577,690,833,490],"class_list":{"0":"post-20860","1":"product","2":"type-product","3":"status-publish","4":"has-post-thumbnail","6":"product_brand-erler-zimmer-gmbh-co-kg","7":"product_cat-medicininiai-simuliatoriai","8":"product_cat-modeliai-manekenai-muliazai","9":"product_cat-mokymo-priemones-ir-iranga","10":"product_tag-erler-zimmer-gmbh-co-kg","11":"product_tag-kardiologijos-pacientu-simuliatoriai","12":"product_tag-medical-models","13":"product_tag-medical-simulators","14":"product_tag-medicininiai-modeliai","15":"product_tag-medicininiai-simuliatoriai","16":"product_tag-modeliai","17":"product_tag-models","18":"product_tag-simulatoriai","19":"product_tag-simulators","21":"first","22":"onbackorder","23":"shipping-taxable","24":"purchasable","25":"product-type-simple"},"_links":{"self":[{"href":"https:\/\/labostera.lt\/lv\/wp-json\/wp\/v2\/product\/20860","targetHints":{"allow":["GET"]}}],"collection":[{"href":"https:\/\/labostera.lt\/lv\/wp-json\/wp\/v2\/product"}],"about":[{"href":"https:\/\/labostera.lt\/lv\/wp-json\/wp\/v2\/types\/product"}],"wp:featuredmedia":[{"embeddable":true,"href":"https:\/\/labostera.lt\/lv\/wp-json\/wp\/v2\/media\/20863"}],"wp:attachment":[{"href":"https:\/\/labostera.lt\/lv\/wp-json\/wp\/v2\/media?parent=20860"}],"wp:term":[{"taxonomy":"product_cat","embeddable":true,"href":"https:\/\/labostera.lt\/lv\/wp-json\/wp\/v2\/product_cat?post=20860"},{"taxonomy":"product_tag","embeddable":true,"href":"https:\/\/labostera.lt\/lv\/wp-json\/wp\/v2\/product_tag?post=20860"}],"curies":[{"name":"wp","href":"https:\/\/api.w.org\/{rel}","templated":true}]}}