{"id":20856,"date":"2024-05-03T14:46:33","date_gmt":"2024-05-03T11:46:33","guid":{"rendered":"http:\/\/labostera.lt\/?post_type=product&#038;p=20856"},"modified":"2024-10-18T15:15:07","modified_gmt":"2024-10-18T12:15:07","slug":"vaiku-plauciu-auskultacijos-simuliatorius-erler-zimmer-lsat-pediatric-lung-auscultation-simulator","status":"publish","type":"product","link":"https:\/\/labostera.lt\/lv\/priemones-ir-iranga\/mokymo-priemones-ir-iranga\/medicininiai-simuliatoriai\/vaiku-plauciu-auskultacijos-simuliatorius-erler-zimmer-lsat-pediatric-lung-auscultation-simulator\/","title":{"rendered":"Pediatrisk\u0101 plau\u0161u auskult\u0101cijas simulators Erler-Zimmer LSAT pediatrisk\u0101 plau\u0161u auskult\u0101cijas simulators"},"content":{"rendered":"<h2><strong>Erler-Zimmer GmbH &amp; Co. KG LSAT Pediatric Lung Auscultation Simulator<\/strong>:<\/h2>\n<ul>\n<li>Modelis R16689:\n<ul>\n<li>Balstoties uz unik\u0101lo LSAT simulatoru, \u0161is pediatriskais auskult\u0101cijas simulators pied\u0101v\u0101 pla\u0161u pediatrisko gad\u012bjumu kl\u0101stu efekt\u012bvai plau\u0161u auskult\u0101cijas apm\u0101c\u012bbai.<\/li>\n<li>Pacienta fizisko st\u0101vokli var uzraudz\u012bt, izmantojot sk\u0101rienekr\u0101na plan\u0161etdatoru.<\/li>\n<li>Simulator\u0101 ir iek\u013cauti XX pacientu gad\u012bjumi ar inform\u0101ciju par gad\u012bjumiem, piem\u0113ram, rentgena, datortomogr\u0101fijas un bronhoskopijas att\u0113liem.<\/li>\n<li>\u0136ermen\u012b ir 7 priek\u0161\u0113j\u0101s un 7 aizmugur\u0113j\u0101s auskult\u0101cijas zonas, kuras var auskult\u0113t, izmantojot parasto stetoskopu. Tas \u013cauj vair\u0101kiem studentiem klaus\u012bties vienlaikus.<\/li>\n<li>Visas ska\u0146as ir klasific\u0113tas saska\u0146\u0101 ar Amerikas Torakoskopijas biedr\u012bbas klasifik\u0101ciju. Integr\u0113tais LED gaismas indikators sinhroni ar ska\u0146\u0101m (var izsl\u0113gt) nor\u0101da ieelpas un izelpas f\u0101zes.<\/li>\n<li>Tiek ieviestas fona sirds ska\u0146as, kuru ska\u013cumu var regul\u0113t.<\/li>\n<li>Sist\u0113ma ir piln\u012bb\u0101 iepriek\u0161 konfigur\u0113ta un novietota uz rite\u0146iem (to var no\u0146emt, lai to var\u0113tu izmantot uz galda). Sist\u0113mas inicializ\u0101cijas laik\u0101 tai ir autom\u0101tiska k\u013c\u016bdu p\u0101rbaudes funkcija.<\/li>\n<\/ul>\n<\/li>\n<\/ul>\n<h3>B\u0113rnu plau\u0161u auskult\u0101cijas simulatori \u2013 <a href=\"http:\/\/labostera.lt\/lv\/product-brand\/erler-zimmer-gmbh-co-kg\/\">Erlera-Zimmera anatomijas grupa<\/a><\/h3>\n<p>Vair\u0101k inform\u0101cijas: <a href=\"https:\/\/erler-zimmer.de\/en\/Pedriatric-LSAT-Lung-Auscultation-Trainer\/R16689\" target=\"_blank\" rel=\"noopener nofollow\">ra\u017eot\u0101ja t\u012bmek\u013ca vietn\u0113<\/a> vai nos\u016btiet mums piepras\u012bjumu!<\/p>","protected":false},"excerpt":{"rendered":"<p>Erlera-Zimmera LSAT b\u0113rnu plau\u0161u auskult\u0101cijas simulators. Efekt\u012bva apm\u0101c\u012bba ar pla\u0161u pediatrisko gad\u012bjumu kl\u0101stu.<\/p>","protected":false},"featured_media":20859,"template":"","meta":[],"product_cat":[838,75,79],"product_tag":[692,831,832,829,830,577,690,1015,833,490],"class_list":{"0":"post-20856","1":"product","2":"type-product","3":"status-publish","4":"has-post-thumbnail","6":"product_brand-erler-zimmer-gmbh-co-kg","7":"product_cat-medicininiai-simuliatoriai","8":"product_cat-modeliai-manekenai-muliazai","9":"product_cat-mokymo-priemones-ir-iranga","10":"product_tag-erler-zimmer-gmbh-co-kg","11":"product_tag-medical-models","12":"product_tag-medical-simulators","13":"product_tag-medicininiai-modeliai","14":"product_tag-medicininiai-simuliatoriai","15":"product_tag-modeliai","16":"product_tag-models","17":"product_tag-plauciu-auskultacijos-simuliatoriai","18":"product_tag-simulatoriai","19":"product_tag-simulators","21":"first","22":"onbackorder","23":"shipping-taxable","24":"purchasable","25":"product-type-simple"},"_links":{"self":[{"href":"https:\/\/labostera.lt\/lv\/wp-json\/wp\/v2\/product\/20856","targetHints":{"allow":["GET"]}}],"collection":[{"href":"https:\/\/labostera.lt\/lv\/wp-json\/wp\/v2\/product"}],"about":[{"href":"https:\/\/labostera.lt\/lv\/wp-json\/wp\/v2\/types\/product"}],"wp:featuredmedia":[{"embeddable":true,"href":"https:\/\/labostera.lt\/lv\/wp-json\/wp\/v2\/media\/20859"}],"wp:attachment":[{"href":"https:\/\/labostera.lt\/lv\/wp-json\/wp\/v2\/media?parent=20856"}],"wp:term":[{"taxonomy":"product_cat","embeddable":true,"href":"https:\/\/labostera.lt\/lv\/wp-json\/wp\/v2\/product_cat?post=20856"},{"taxonomy":"product_tag","embeddable":true,"href":"https:\/\/labostera.lt\/lv\/wp-json\/wp\/v2\/product_tag?post=20856"}],"curies":[{"name":"wp","href":"https:\/\/api.w.org\/{rel}","templated":true}]}}