{"id":20839,"date":"2024-05-03T13:23:16","date_gmt":"2024-05-03T10:23:16","guid":{"rendered":"http:\/\/labostera.lt\/?post_type=product&#038;p=20839"},"modified":"2024-10-18T15:19:16","modified_gmt":"2024-10-18T12:19:16","slug":"auskultacijos-simuliatorius-erler-zimmer-auscultation-simulator","status":"publish","type":"product","link":"https:\/\/labostera.lt\/lv\/priemones-ir-iranga\/mokymo-priemones-ir-iranga\/medicininiai-simuliatoriai\/auskultacijos-simuliatorius-erler-zimmer-auscultation-simulator\/","title":{"rendered":"Auskult\u0101cijas simulators Erler-Zimmer Auskult\u0101cijas simulators"},"content":{"rendered":"<h2><strong>\u201eErler-Zimmer GmbH &amp; Co. KG auskult\u0101cijas simulators<\/strong>:<\/h2>\n<ul>\n<li>Modelis R10001:\n<ul>\n<li>Neaizst\u0101jams m\u0101c\u012bbu l\u012bdzeklis sirds slim\u012bbu, \u012bpa\u0161i to, kuras studenti vai \u0101rsti praks\u0113 dzird reti, izp\u0113tei. \u0160is modelis ir pirmais pasaul\u0113, kas simul\u0113 rakstur\u012bg\u0101s sirds ska\u0146u un trok\u0161\u0146u izmai\u0146as, kas saist\u012btas ar neparast\u0101m sirds slim\u012bb\u0101m.<\/li>\n<li>Simulators atveido 20 da\u017e\u0101das sirds ska\u0146as 4 poz\u012bcij\u0101s (aortas, plau\u0161u, trikuspid\u0101l\u0101 un mitr\u0101l\u0101 v\u0101rstu\u013ca), k\u0101 ar\u012b 10 da\u017e\u0101das elpo\u0161anas ska\u0146as 3 poz\u012bcij\u0101s.<\/li>\n<li>Visas ska\u0146as tiek dzirdamas, izmantojot stetoskopu, un sirdsdarb\u012bbas \u0101trumu var regul\u0113t. Komplekt\u0101 ietilpst m\u012bksts \u0101das maci\u0146\u0161, viedteleskops un digit\u0101la t\u0101lvad\u012bbas pults ar ang\u013cu valodas displeju.<\/li>\n<li>Izm\u0113rs: 62 x 43,5 x 27,5 cm, svars: 12,6 kg.<\/li>\n<\/ul>\n<\/li>\n<li>Modelis R10002:\n<ul>\n<li>Papildu stetoskops R10001 auskult\u0101cijas simulatoram.<\/li>\n<\/ul>\n<\/li>\n<li>Modelis R10003:\n<ul>\n<li>Ja \u0161is ska\u013crunis ir pievienots, visa klase vai grupa var dzird\u0113t sirds un plau\u0161u ska\u0146as. Ar pastiprin\u0101t\u0101ju. Lieto\u0161anai ar R10001 auskult\u0101cijas simulatoru.<\/li>\n<\/ul>\n<\/li>\n<\/ul>\n<h3>Auskult\u0101cijas simulatori \u2013 <a href=\"http:\/\/labostera.lt\/lv\/product-brand\/erler-zimmer-gmbh-co-kg\/\">Erlera-Zimmera anatomijas grupa<\/a><\/h3>\n<p>Vair\u0101k inform\u0101cijas: <a href=\"https:\/\/erler-zimmer.de\/en\/Auscultation-Simulator\/R10001\" target=\"_blank\" rel=\"noopener nofollow\">ra\u017eot\u0101ja t\u012bmek\u013ca vietn\u0113<\/a> vai nos\u016btiet mums piepras\u012bjumu!<\/p>","protected":false},"excerpt":{"rendered":"<p>Erlera-Zimmera auskult\u0101cijas simulators \u2014 apg\u016bstiet sirds auskult\u0101ciju ar \u0161o neaizst\u0101jamo apm\u0101c\u012bbas r\u012bku.<\/p>","protected":false},"featured_media":20843,"template":"","meta":[],"product_cat":[838,75,79],"product_tag":[1014,692,831,832,829,830,577,690,833,490],"class_list":{"0":"post-20839","1":"product","2":"type-product","3":"status-publish","4":"has-post-thumbnail","6":"product_brand-erler-zimmer-gmbh-co-kg","7":"product_cat-medicininiai-simuliatoriai","8":"product_cat-modeliai-manekenai-muliazai","9":"product_cat-mokymo-priemones-ir-iranga","10":"product_tag-auskultacijos-simuliatoriai","11":"product_tag-erler-zimmer-gmbh-co-kg","12":"product_tag-medical-models","13":"product_tag-medical-simulators","14":"product_tag-medicininiai-modeliai","15":"product_tag-medicininiai-simuliatoriai","16":"product_tag-modeliai","17":"product_tag-models","18":"product_tag-simulatoriai","19":"product_tag-simulators","21":"first","22":"onbackorder","23":"shipping-taxable","24":"purchasable","25":"product-type-variable"},"_links":{"self":[{"href":"https:\/\/labostera.lt\/lv\/wp-json\/wp\/v2\/product\/20839","targetHints":{"allow":["GET"]}}],"collection":[{"href":"https:\/\/labostera.lt\/lv\/wp-json\/wp\/v2\/product"}],"about":[{"href":"https:\/\/labostera.lt\/lv\/wp-json\/wp\/v2\/types\/product"}],"wp:featuredmedia":[{"embeddable":true,"href":"https:\/\/labostera.lt\/lv\/wp-json\/wp\/v2\/media\/20843"}],"wp:attachment":[{"href":"https:\/\/labostera.lt\/lv\/wp-json\/wp\/v2\/media?parent=20839"}],"wp:term":[{"taxonomy":"product_cat","embeddable":true,"href":"https:\/\/labostera.lt\/lv\/wp-json\/wp\/v2\/product_cat?post=20839"},{"taxonomy":"product_tag","embeddable":true,"href":"https:\/\/labostera.lt\/lv\/wp-json\/wp\/v2\/product_tag?post=20839"}],"curies":[{"name":"wp","href":"https:\/\/api.w.org\/{rel}","templated":true}]}}