{"id":20815,"date":"2024-05-03T08:46:09","date_gmt":"2024-05-03T05:46:09","guid":{"rendered":"http:\/\/labostera.lt\/?post_type=product&#038;p=20815"},"modified":"2024-10-18T15:15:12","modified_gmt":"2024-10-18T12:15:12","slug":"kraujo-spaudimo-treniravimo-sistema-erler-zimmer-blood-pressure-training-system","status":"publish","type":"product","link":"https:\/\/labostera.lt\/lv\/priemones-ir-iranga\/mokymo-priemones-ir-iranga\/medicininiai-simuliatoriai\/kraujo-spaudimo-treniravimo-sistema-erler-zimmer-blood-pressure-training-system\/","title":{"rendered":"Erler-Zimmer asinsspiediena treni\u0146u sist\u0113ma"},"content":{"rendered":"<h2><strong>Erler-Zimmer GmbH &amp; Co. KG asinsspiediena treni\u0146u sist\u0113ma<\/strong>:<\/h2>\n<ul>\n<li>Modelis R11200:\n<ul>\n<li>Asinsspiediena treni\u0146u sist\u0113m\u0101 ir iek\u013cauts pilna izm\u0113ra pieaugu\u0161a cilv\u0113ka kreis\u0101s rokas modelis, ko var piestiprin\u0101t ar\u012b da\u017eiem m\u016bsu m\u0101su manekeniem.<\/li>\n<li>Tas ir daudzpus\u012bgs apm\u0101c\u012bbas r\u012bks, kas paredz\u0113ts, lai pal\u012bdz\u0113tu vesel\u012bbas apr\u016bpes speci\u0101listiem apg\u016bt asinsspiediena auskult\u0101cijas proced\u016bru un meto\u017eu veik\u0161anai nepiecie\u0161amos procesus un prasmes.<\/li>\n<li>Funkcijas:\n<ul>\n<li>Pilna izm\u0113ra kreis\u0101s rokas modelis, ko var piestiprin\u0101t ar\u012b pie da\u017eiem manekeniem<\/li>\n<li>Programm\u0113jams, sataust\u0101ms radi\u0101lais pulss, kad aproces spiediens ir zem\u0101ks par izv\u0113l\u0113to sistolisko asinsspiedienu<\/li>\n<li>Starp sistolisko un diastolisko spiedienu dzirdamas Korotkova ska\u0146as no K1 l\u012bdz K4 (K5 \u2013 klusums).<\/li>\n<li>Korotkova ska\u0146as tiek autom\u0101tiski apklusin\u0101tas, ja tiek izv\u0113l\u0113ta auskult\u0101cijas pauze.<\/li>\n<li>Korotkova ska\u0146as tiek autom\u0101tiski piel\u0101gotas atkar\u012bb\u0101 no izv\u0113l\u0113t\u0101 sirdsdarb\u012bbas \u0101truma un aproces izlai\u0161anas \u0101truma.<\/li>\n<li>Parasts stetoskops \u013cauj auskult\u0113t Korotkova ska\u0146as elko\u0146a rajon\u0101.<\/li>\n<li>Programm\u0113jams asinsspiediena auskult\u0101cijas treneris<\/li>\n<li>Regul\u0113jams sistoliskais un diastoliskais spiediens<\/li>\n<li>Regul\u0113jama auskult\u0101cijas sprauga<\/li>\n<li>Regul\u0113jama impulsa frekvence<\/li>\n<li>Displejs izseko aproces spiedienu.<\/li>\n<li>Papildu ska\u013cru\u0146u opcijas ar ska\u013cuma regul\u0113\u0161anu \u013cauj studentiem dzird\u0113t to, ko dzird cits students, izmantojot stetoskopu<\/li>\n<li>M\u012bksta p\u0101rn\u0113s\u0101\u0161anas soma<\/li>\n<li>Lieto\u0161anas instrukcija<\/li>\n<\/ul>\n<\/li>\n<\/ul>\n<\/li>\n<\/ul>\n<h3>Asinsspiediena treni\u0146u sist\u0113mas \u2013 <a href=\"http:\/\/labostera.lt\/lv\/product-brand\/erler-zimmer-gmbh-co-kg\/\">Erlera-Zimmera anatomijas grupa<\/a><\/h3>\n<p>Vair\u0101k inform\u0101cijas: <a href=\"https:\/\/erler-zimmer.de\/en\/Blood-pressure-Training-System\/R11200\" target=\"_blank\" rel=\"noopener nofollow\">ra\u017eot\u0101ja t\u012bmek\u013ca vietn\u0113<\/a> vai nos\u016btiet mums piepras\u012bjumu!<\/p>","protected":false},"excerpt":{"rendered":"<p>Erlera-Zimmera asinsspiediena treni\u0146u sist\u0113ma ir daudzpus\u012bgs instruments, kas paredz\u0113ts asinsspiediena auskult\u0101cijas proced\u016bru apm\u0101c\u012bbai.<\/p>","protected":false},"featured_media":20817,"template":"","meta":[],"product_cat":[838,75,79],"product_tag":[692,1012,831,832,829,830,577,690,833,490],"class_list":{"0":"post-20815","1":"product","2":"type-product","3":"status-publish","4":"has-post-thumbnail","6":"product_brand-erler-zimmer-gmbh-co-kg","7":"product_cat-medicininiai-simuliatoriai","8":"product_cat-modeliai-manekenai-muliazai","9":"product_cat-mokymo-priemones-ir-iranga","10":"product_tag-erler-zimmer-gmbh-co-kg","11":"product_tag-kraujo-spaudimo-treniravimo-sistemos","12":"product_tag-medical-models","13":"product_tag-medical-simulators","14":"product_tag-medicininiai-modeliai","15":"product_tag-medicininiai-simuliatoriai","16":"product_tag-modeliai","17":"product_tag-models","18":"product_tag-simulatoriai","19":"product_tag-simulators","21":"first","22":"onbackorder","23":"shipping-taxable","24":"purchasable","25":"product-type-simple"},"_links":{"self":[{"href":"https:\/\/labostera.lt\/lv\/wp-json\/wp\/v2\/product\/20815","targetHints":{"allow":["GET"]}}],"collection":[{"href":"https:\/\/labostera.lt\/lv\/wp-json\/wp\/v2\/product"}],"about":[{"href":"https:\/\/labostera.lt\/lv\/wp-json\/wp\/v2\/types\/product"}],"wp:featuredmedia":[{"embeddable":true,"href":"https:\/\/labostera.lt\/lv\/wp-json\/wp\/v2\/media\/20817"}],"wp:attachment":[{"href":"https:\/\/labostera.lt\/lv\/wp-json\/wp\/v2\/media?parent=20815"}],"wp:term":[{"taxonomy":"product_cat","embeddable":true,"href":"https:\/\/labostera.lt\/lv\/wp-json\/wp\/v2\/product_cat?post=20815"},{"taxonomy":"product_tag","embeddable":true,"href":"https:\/\/labostera.lt\/lv\/wp-json\/wp\/v2\/product_tag?post=20815"}],"curies":[{"name":"wp","href":"https:\/\/api.w.org\/{rel}","templated":true}]}}