{"id":20812,"date":"2024-05-02T16:46:24","date_gmt":"2024-05-02T13:46:24","guid":{"rendered":"http:\/\/labostera.lt\/?post_type=product&#038;p=20812"},"modified":"2024-10-18T15:15:14","modified_gmt":"2024-10-18T12:15:14","slug":"pneumatines-otoskopijos-rinkinys-erler-zimmer-pneumatic-otoscopy-kit","status":"publish","type":"product","link":"https:\/\/labostera.lt\/lv\/priemones-ir-iranga\/mokymo-priemones-ir-iranga\/medicininiai-simuliatoriai\/pneumatines-otoskopijos-rinkinys-erler-zimmer-pneumatic-otoscopy-kit\/","title":{"rendered":"Pneimatisk\u0101 otoskopijas komplekts Erler-Zimmer pneimatisk\u0101 otoskopijas komplekts"},"content":{"rendered":"<h2><strong>Erler-Zimmer GmbH &amp; Co. KG Pneimatisk\u0101s otoskopijas komplekts<\/strong>:<\/h2>\n<ul>\n<li>Modelis R10901:\n<ul>\n<li>Papildu r\u012bks diagnostikas un proced\u016bru dzirdes trena\u017eierim.<\/li>\n<li>Pneimatisk\u0101 otoskopija ir nepiecie\u0161ama ausu izmekl\u0113\u0161anas proced\u016bra, ta\u010du p\u0113t\u012bjumi liecina, ka liel\u0101k\u0101 da\u013ca t\u0101s tiek veikta nepareizi.<\/li>\n<li>Ar \u0161o komplektu studenti, rezidenti un praktiz\u0113jo\u0161i \u0101rsti var iem\u0101c\u012bties rad\u012bt atbilsto\u0161u gaisa spiedienu, kas nepiecie\u0161ams, lai prec\u012bzi veiktu pneimatisko otoskopiju un p\u0101rbaud\u012btu bung\u0101di\u0146as kust\u012bgumu.<\/li>\n<li>Komplekt\u0101 ietilpst: pneimatiskais spiediena m\u0113r\u012bt\u0101js, divas pneimatisk\u0101s ausis ar spiediena caurul\u0113m un aptuveni 100 bung\u0101di\u0146u membr\u0101nas.<\/li>\n<\/ul>\n<\/li>\n<\/ul>\n<h3>Pneimatiskie otoskopijas komplekti \u2013 <a href=\"http:\/\/labostera.lt\/lv\/product-brand\/erler-zimmer-gmbh-co-kg\/\">Erlera-Zimmera anatomijas grupa<\/a><\/h3>\n<p>Vair\u0101k inform\u0101cijas: <a href=\"https:\/\/erler-zimmer.de\/en\/Pneumatic-Otoscopy-Kit-for-R10900\/R10901\" target=\"_blank\" rel=\"noopener nofollow\">ra\u017eot\u0101ja t\u012bmek\u013ca vietn\u0113<\/a> vai nos\u016btiet mums piepras\u012bjumu!<\/p>","protected":false},"excerpt":{"rendered":"<p>Erler-Zimmer pneimatisk\u0101 otoskopijas komplekts \u2014 \u012bstais instruments prec\u012bz\u0101m ausu izmekl\u0113\u0161anas proced\u016br\u0101m.<\/p>","protected":false},"featured_media":20813,"template":"","meta":[],"product_cat":[838,75,79],"product_tag":[692,831,832,829,830,577,690,1011,833,490],"class_list":{"0":"post-20812","1":"product","2":"type-product","3":"status-publish","4":"has-post-thumbnail","6":"product_brand-erler-zimmer-gmbh-co-kg","7":"product_cat-medicininiai-simuliatoriai","8":"product_cat-modeliai-manekenai-muliazai","9":"product_cat-mokymo-priemones-ir-iranga","10":"product_tag-erler-zimmer-gmbh-co-kg","11":"product_tag-medical-models","12":"product_tag-medical-simulators","13":"product_tag-medicininiai-modeliai","14":"product_tag-medicininiai-simuliatoriai","15":"product_tag-modeliai","16":"product_tag-models","17":"product_tag-pneumatines-otoskopijos-rinkiniai","18":"product_tag-simulatoriai","19":"product_tag-simulators","21":"first","22":"onbackorder","23":"shipping-taxable","24":"purchasable","25":"product-type-simple"},"_links":{"self":[{"href":"https:\/\/labostera.lt\/lv\/wp-json\/wp\/v2\/product\/20812","targetHints":{"allow":["GET"]}}],"collection":[{"href":"https:\/\/labostera.lt\/lv\/wp-json\/wp\/v2\/product"}],"about":[{"href":"https:\/\/labostera.lt\/lv\/wp-json\/wp\/v2\/types\/product"}],"wp:featuredmedia":[{"embeddable":true,"href":"https:\/\/labostera.lt\/lv\/wp-json\/wp\/v2\/media\/20813"}],"wp:attachment":[{"href":"https:\/\/labostera.lt\/lv\/wp-json\/wp\/v2\/media?parent=20812"}],"wp:term":[{"taxonomy":"product_cat","embeddable":true,"href":"https:\/\/labostera.lt\/lv\/wp-json\/wp\/v2\/product_cat?post=20812"},{"taxonomy":"product_tag","embeddable":true,"href":"https:\/\/labostera.lt\/lv\/wp-json\/wp\/v2\/product_tag?post=20812"}],"curies":[{"name":"wp","href":"https:\/\/api.w.org\/{rel}","templated":true}]}}