{"id":20808,"date":"2024-05-02T16:15:47","date_gmt":"2024-05-02T13:15:47","guid":{"rendered":"http:\/\/labostera.lt\/?post_type=product&#038;p=20808"},"modified":"2024-10-18T15:15:15","modified_gmt":"2024-10-18T12:15:15","slug":"diagnostinis-ir-procedurinis-ausu-treniruoklis-erler-zimmer-diagnostic-and-procedural-ear-trainer","status":"publish","type":"product","link":"https:\/\/labostera.lt\/lv\/priemones-ir-iranga\/mokymo-priemones-ir-iranga\/medicininiai-simuliatoriai\/diagnostinis-ir-procedurinis-ausu-treniruoklis-erler-zimmer-diagnostic-and-procedural-ear-trainer\/","title":{"rendered":"Erlera-Zimmera diagnostikas un proced\u016bru ausu trena\u017eieris"},"content":{"rendered":"<h2><strong>Erler-Zimmer GmbH &amp; Co. KG diagnostikas un proced\u016bru dzirdes trena\u017eieris<\/strong>:<\/h2>\n<ul>\n<li>Modelis R10900:\n<ul>\n<li>\u013bauj apg\u016bt cilv\u0113ka auss p\u0101rbaudi, izmantojot vizu\u0101las nor\u0101des, pareizi diagnostic\u0113t bie\u017ei sastopamas slim\u012bbas, t\u012br\u012bt auss kan\u0101lu, iz\u0146emt sve\u0161\u0137ermeni un veikt miringotomiju ar auss caurul\u012bti.<\/li>\n<li>Anatomiski pareizas un dz\u012bv\u012bbai l\u012bdz\u012bgas lab\u0101s un kreis\u0101s auss atpaz\u012bst diagnostikas un proced\u016bru metodes, un t\u0101s ir no\u0146emamas, lai nodro\u0161in\u0101tu \u0113rtu kop\u0161anu un glab\u0101\u0161anu.<\/li>\n<li>Vidusauss var b\u016bt piepild\u012bta ar da\u017e\u0101diem \u0161\u0137idrumiem, kas atdarina re\u0101l\u0101s pasaules apst\u0101k\u013cus.<\/li>\n<li>9 diagnostikas kasetes ar pilnkr\u0101su fotoatt\u0113lu izdruk\u0101m att\u0113lo da\u017e\u0101das ausu slim\u012bbas un st\u0101vok\u013cus.<\/li>\n<li>Trena\u017eierim komplekt\u0101 ietilpst divas ausis, aptuveni 100 iepriek\u0161 sagrieztas bung\u0101di\u0146as, speci\u0101li izstr\u0101d\u0101ts ausu s\u0113rs, viena standarta vidusauss kapsula ar \u0161\u013circi, regul\u0113jams stat\u012bvs un ciets futr\u0101lis.<\/li>\n<li>Otoskops, ventil\u0101cijas caurules un \u0137irur\u0123iskie instrumenti nav iek\u013cauti.<\/li>\n<li>Svars: 5 kg.<\/li>\n<\/ul>\n<\/li>\n<\/ul>\n<h3>Diagnostiskie un proced\u016bru ausu simulatori \u2013 <a href=\"http:\/\/labostera.lt\/lv\/product-brand\/erler-zimmer-gmbh-co-kg\/\">Erlera-Zimmera anatomijas grupa<\/a><\/h3>\n<p>Vair\u0101k inform\u0101cijas: <a href=\"https:\/\/erler-zimmer.de\/en\/Diagnostic-and-procedural-ear-trainer\/R10900\" target=\"_blank\" rel=\"noopener nofollow\">ra\u017eot\u0101ja t\u012bmek\u013ca vietn\u0113<\/a> vai nos\u016btiet mums piepras\u012bjumu!<\/p>","protected":false},"excerpt":{"rendered":"<p>Erlera-Zimmera diagnostikas un proced\u016bru ausu trena\u017eieris \u2014 praktiz\u0113jiet ausu p\u0101rbaudi un proced\u016bras ar re\u0101listisku trena\u017eieri.<\/p>","protected":false},"featured_media":20810,"template":"","meta":[],"product_cat":[838,75,79],"product_tag":[1010,692,831,832,829,830,577,690,833,490],"class_list":{"0":"post-20808","1":"product","2":"type-product","3":"status-publish","4":"has-post-thumbnail","6":"product_brand-erler-zimmer-gmbh-co-kg","7":"product_cat-medicininiai-simuliatoriai","8":"product_cat-modeliai-manekenai-muliazai","9":"product_cat-mokymo-priemones-ir-iranga","10":"product_tag-diagnostiniai-ir-proceduriniai-ausu-treniruokliai","11":"product_tag-erler-zimmer-gmbh-co-kg","12":"product_tag-medical-models","13":"product_tag-medical-simulators","14":"product_tag-medicininiai-modeliai","15":"product_tag-medicininiai-simuliatoriai","16":"product_tag-modeliai","17":"product_tag-models","18":"product_tag-simulatoriai","19":"product_tag-simulators","21":"first","22":"onbackorder","23":"shipping-taxable","24":"purchasable","25":"product-type-simple"},"_links":{"self":[{"href":"https:\/\/labostera.lt\/lv\/wp-json\/wp\/v2\/product\/20808","targetHints":{"allow":["GET"]}}],"collection":[{"href":"https:\/\/labostera.lt\/lv\/wp-json\/wp\/v2\/product"}],"about":[{"href":"https:\/\/labostera.lt\/lv\/wp-json\/wp\/v2\/types\/product"}],"wp:featuredmedia":[{"embeddable":true,"href":"https:\/\/labostera.lt\/lv\/wp-json\/wp\/v2\/media\/20810"}],"wp:attachment":[{"href":"https:\/\/labostera.lt\/lv\/wp-json\/wp\/v2\/media?parent=20808"}],"wp:term":[{"taxonomy":"product_cat","embeddable":true,"href":"https:\/\/labostera.lt\/lv\/wp-json\/wp\/v2\/product_cat?post=20808"},{"taxonomy":"product_tag","embeddable":true,"href":"https:\/\/labostera.lt\/lv\/wp-json\/wp\/v2\/product_tag?post=20808"}],"curies":[{"name":"wp","href":"https:\/\/api.w.org\/{rel}","templated":true}]}}