{"id":20800,"date":"2024-05-02T15:20:13","date_gmt":"2024-05-02T12:20:13","guid":{"rendered":"http:\/\/labostera.lt\/?post_type=product&#038;p=20800"},"modified":"2024-10-18T15:15:18","modified_gmt":"2024-10-18T12:15:18","slug":"ausu-tyrimo-simuliatorius-erler-zimmer-ear-examination-simulator","status":"publish","type":"product","link":"https:\/\/labostera.lt\/lv\/priemones-ir-iranga\/mokymo-priemones-ir-iranga\/medicininiai-simuliatoriai\/ausu-tyrimo-simuliatorius-erler-zimmer-ear-examination-simulator\/","title":{"rendered":"Ausu izmekl\u0113\u0161anas simulators Erlera-Zimmera ausu izmekl\u0113\u0161anas simulators"},"content":{"rendered":"<h2><strong>Erler-Zimmer GmbH &amp; Co. KG ausu izmekl\u0113\u0161anas simulators<\/strong>:<\/h2>\n<ul>\n<li>Modelis R16115:\n<ul>\n<li>\u013bauj praktiz\u0113t ausu p\u0101rbaudi.<\/li>\n<li>Sast\u0101v no galvas ar 6 main\u0101m\u0101m, elast\u012bg\u0101m aus\u012bm ar re\u0101listisk\u0101m \u0101r\u0113j\u0101m un iek\u0161\u0113j\u0101m strukt\u016br\u0101m.<\/li>\n<li>Kr\u0101sainie izdrukas, kas ieb\u016bv\u0113tas 5 no 6 aus\u012bm, \u013cauj diagnostic\u0113t da\u017e\u0101das patolo\u0123ijas.<\/li>\n<li>Viena auss nav nokr\u0101sota, bet to var izmantot ausu s\u0113ra no\u0146em\u0161anas vingrin\u0101jumiem.<\/li>\n<li>Simulatora komplekt\u0101 ietilpst 2 sint\u0113tisk\u0101 ausu s\u0113ra t\u016bbi\u0146as, devi\u0146i 35 mm slaidi (5 st\u0101vok\u013ci, k\u0101 nor\u0101d\u012bts t\u0101l\u0101k, plus 4 st\u0101vok\u013ci no m\u016bsu papildu komplekta) un transport\u0113\u0161anas soma.<\/li>\n<li>Otoskops nav iek\u013cauts.<\/li>\n<\/ul>\n<\/li>\n<\/ul>\n<h3>Ausu izmekl\u0113\u0161anas simulatori \u2013 <a href=\"http:\/\/labostera.lt\/lv\/product-brand\/erler-zimmer-gmbh-co-kg\/\">Erlera-Zimmera anatomijas grupa<\/a><\/h3>\n<p>Vair\u0101k inform\u0101cijas: <a href=\"https:\/\/erler-zimmer.de\/en\/Ear-examination-Simulator\/R16115\" target=\"_blank\" rel=\"noopener nofollow\">ra\u017eot\u0101ja t\u012bmek\u013ca vietn\u0113<\/a> vai nos\u016btiet mums piepras\u012bjumu!<\/p>","protected":false},"excerpt":{"rendered":"<p>Erlera-Zimmera ausu izmekl\u0113\u0161anas simulators \u2013 re\u0101listisks apm\u0101c\u012bbas r\u012bks, kas \u013cauj praktiz\u0113t ausu izmekl\u0113\u0161anu un patolo\u0123iju diagnostiku.<\/p>","protected":false},"featured_media":20802,"template":"","meta":[],"product_cat":[838,75,79],"product_tag":[1009,692,831,832,829,830,577,690,833,490],"class_list":{"0":"post-20800","1":"product","2":"type-product","3":"status-publish","4":"has-post-thumbnail","6":"product_brand-erler-zimmer-gmbh-co-kg","7":"product_cat-medicininiai-simuliatoriai","8":"product_cat-modeliai-manekenai-muliazai","9":"product_cat-mokymo-priemones-ir-iranga","10":"product_tag-ausu-tyrimo-simuliatoriai","11":"product_tag-erler-zimmer-gmbh-co-kg","12":"product_tag-medical-models","13":"product_tag-medical-simulators","14":"product_tag-medicininiai-modeliai","15":"product_tag-medicininiai-simuliatoriai","16":"product_tag-modeliai","17":"product_tag-models","18":"product_tag-simulatoriai","19":"product_tag-simulators","21":"first","22":"onbackorder","23":"shipping-taxable","24":"purchasable","25":"product-type-simple"},"_links":{"self":[{"href":"https:\/\/labostera.lt\/lv\/wp-json\/wp\/v2\/product\/20800","targetHints":{"allow":["GET"]}}],"collection":[{"href":"https:\/\/labostera.lt\/lv\/wp-json\/wp\/v2\/product"}],"about":[{"href":"https:\/\/labostera.lt\/lv\/wp-json\/wp\/v2\/types\/product"}],"wp:featuredmedia":[{"embeddable":true,"href":"https:\/\/labostera.lt\/lv\/wp-json\/wp\/v2\/media\/20802"}],"wp:attachment":[{"href":"https:\/\/labostera.lt\/lv\/wp-json\/wp\/v2\/media?parent=20800"}],"wp:term":[{"taxonomy":"product_cat","embeddable":true,"href":"https:\/\/labostera.lt\/lv\/wp-json\/wp\/v2\/product_cat?post=20800"},{"taxonomy":"product_tag","embeddable":true,"href":"https:\/\/labostera.lt\/lv\/wp-json\/wp\/v2\/product_tag?post=20800"}],"curies":[{"name":"wp","href":"https:\/\/api.w.org\/{rel}","templated":true}]}}