{"id":20787,"date":"2024-05-02T11:39:45","date_gmt":"2024-05-02T08:39:45","guid":{"rendered":"http:\/\/labostera.lt\/?post_type=product&#038;p=20787"},"modified":"2024-10-18T15:15:22","modified_gmt":"2024-10-18T12:15:22","slug":"kudikiu-kateterizavimo-trenivarimo-modelis-erler-zimmer-infant-catheterization-training-model","status":"publish","type":"product","link":"https:\/\/labostera.lt\/lv\/priemones-ir-iranga\/mokymo-priemones-ir-iranga\/medicininiai-simuliatoriai\/kudikiu-kateterizavimo-trenivarimo-modelis-erler-zimmer-infant-catheterization-training-model\/","title":{"rendered":"Erlera-Zimmera z\u012bdai\u0146u kateteriz\u0101cijas apm\u0101c\u012bbas modelis"},"content":{"rendered":"<h2><strong>Erler-Zimmer GmbH &amp; Co. KG z\u012bdai\u0146u kateteriz\u0101cijas apm\u0101c\u012bbas modelis<\/strong>:<\/h2>\n<ul>\n<li>Modelis R10857:\n<ul>\n<li>Z\u012bdai\u0146u v\u012brie\u0161u un sievie\u0161u kateteriz\u0101cijas apm\u0101c\u012bbas modelis ir l\u0113ts 2-in-1 trena\u017eieris, kas nodro\u0161ina re\u0101listisku \u0161\u012bs sare\u017e\u0123\u012bt\u0101s prasmju proced\u016bras praktiz\u0113\u0161anu.<\/li>\n<li>Praktiz\u0113jiet katetra balona ievieto\u0161anu, pozicion\u0113\u0161anu, piep\u016b\u0161anu un iztuk\u0161o\u0161anu.<\/li>\n<li>Saj\u016btiet pretest\u012bbu un spiedienu k\u0101 ar \u012bstu pacientu.<\/li>\n<li>Ur\u012bns pl\u016bst, kad katetrs ir pareizaj\u0101 poz\u012bcij\u0101.<\/li>\n<li>Praktiz\u0113t gan z\u0113nu, gan meite\u0146u z\u012bdai\u0146u kateteriz\u0101cijas apm\u0101c\u012bbu.<\/li>\n<li>Anatomiski re\u0101listiski veidots, ar gan v\u012brie\u0161u, gan sievie\u0161u dzimumorg\u0101niem.<\/li>\n<li>Dzimumorg\u0101ni ir izgatavoti no m\u012bksta, dz\u012bv\u012bbai l\u012bdz\u012bga materi\u0101la.<\/li>\n<li>V\u012brie\u0161u un sievie\u0161u dzimumorg\u0101ni tiek apmain\u012bti.<\/li>\n<li>Tikai b\u0113rna apak\u0161\u0113j\u0101 da\u013ca.<\/li>\n<\/ul>\n<\/li>\n<\/ul>\n<h3>Z\u012bdai\u0146u kateteriz\u0101cijas apm\u0101c\u012bbas mode\u013ci \u2013 <a href=\"http:\/\/labostera.lt\/lv\/product-brand\/erler-zimmer-gmbh-co-kg\/\">Erlera-Zimmera anatomijas grupa<\/a><\/h3>\n<p>Vair\u0101k inform\u0101cijas: <a href=\"https:\/\/erler-zimmer.de\/en\/Infant-Male-and-Female-Catheterisation-Trainer\/R10857\" target=\"_blank\" rel=\"noopener nofollow\">ra\u017eot\u0101ja t\u012bmek\u013ca vietn\u0113<\/a> vai nos\u016btiet mums piepras\u012bjumu!<\/p>","protected":false},"excerpt":{"rendered":"<p>Erlera-Zimmera z\u012bdai\u0146u kateteriz\u0101cijas apm\u0101c\u012bbas modelis \u2013 re\u0101listisks m\u0101c\u012bbu l\u012bdzeklis, kas sniedz praktisku pieredzi un ir noder\u012bgs abu dzimumu z\u012bdai\u0146u kateteriz\u0101cijai.<\/p>","protected":false},"featured_media":20788,"template":"","meta":[],"product_cat":[838,75,79],"product_tag":[692,1006,831,832,829,830,577,690,833,490],"class_list":{"0":"post-20787","1":"product","2":"type-product","3":"status-publish","4":"has-post-thumbnail","6":"product_brand-erler-zimmer-gmbh-co-kg","7":"product_cat-medicininiai-simuliatoriai","8":"product_cat-modeliai-manekenai-muliazai","9":"product_cat-mokymo-priemones-ir-iranga","10":"product_tag-erler-zimmer-gmbh-co-kg","11":"product_tag-kudikiu-kateterizavimo-treniravimo-modeliai","12":"product_tag-medical-models","13":"product_tag-medical-simulators","14":"product_tag-medicininiai-modeliai","15":"product_tag-medicininiai-simuliatoriai","16":"product_tag-modeliai","17":"product_tag-models","18":"product_tag-simulatoriai","19":"product_tag-simulators","21":"first","22":"onbackorder","23":"shipping-taxable","24":"purchasable","25":"product-type-simple"},"_links":{"self":[{"href":"https:\/\/labostera.lt\/lv\/wp-json\/wp\/v2\/product\/20787","targetHints":{"allow":["GET"]}}],"collection":[{"href":"https:\/\/labostera.lt\/lv\/wp-json\/wp\/v2\/product"}],"about":[{"href":"https:\/\/labostera.lt\/lv\/wp-json\/wp\/v2\/types\/product"}],"wp:featuredmedia":[{"embeddable":true,"href":"https:\/\/labostera.lt\/lv\/wp-json\/wp\/v2\/media\/20788"}],"wp:attachment":[{"href":"https:\/\/labostera.lt\/lv\/wp-json\/wp\/v2\/media?parent=20787"}],"wp:term":[{"taxonomy":"product_cat","embeddable":true,"href":"https:\/\/labostera.lt\/lv\/wp-json\/wp\/v2\/product_cat?post=20787"},{"taxonomy":"product_tag","embeddable":true,"href":"https:\/\/labostera.lt\/lv\/wp-json\/wp\/v2\/product_tag?post=20787"}],"curies":[{"name":"wp","href":"https:\/\/api.w.org\/{rel}","templated":true}]}}