{"id":20779,"date":"2024-05-02T11:16:20","date_gmt":"2024-05-02T08:16:20","guid":{"rendered":"http:\/\/labostera.lt\/?post_type=product&#038;p=20779"},"modified":"2024-10-18T15:15:23","modified_gmt":"2024-10-18T12:15:23","slug":"kateterizavimo-trenivarimo-modelis-erler-zimmer-catheterization-training-model","status":"publish","type":"product","link":"https:\/\/labostera.lt\/lv\/priemones-ir-iranga\/mokymo-priemones-ir-iranga\/medicininiai-simuliatoriai\/kateterizavimo-trenivarimo-modelis-erler-zimmer-catheterization-training-model\/","title":{"rendered":"Kateteriz\u0101cijas apm\u0101c\u012bbas modelis Erlera-Zimmera kateteriz\u0101cijas apm\u0101c\u012bbas modelis"},"content":{"rendered":"<h2><strong>Erler-Zimmer GmbH &amp; Co. KG kateteriz\u0101cijas apm\u0101c\u012bbas modelis<\/strong>:<\/h2>\n<ul>\n<li>Modelis R10858:\n<ul>\n<li>\u0160im jaunajam kateteriz\u0101cijas trena\u017eiera modelim ir main\u0101mi v\u012brie\u0161u un sievie\u0161u dzimumorg\u0101ni. V\u012brie\u0161u dzimumorg\u0101niem ir funkcion\u0101la aizmugur\u0113j\u0101 \u0101da.<\/li>\n<li>Piem\u0113rots m\u0101szin\u012bbu pedagogu, universit\u0101\u0161u, kopienas koled\u017eu, simul\u0101cijas laboratoriju koordinatoru un cita m\u0101szin\u012bbu vai padzi\u013cin\u0101to studiju person\u0101la m\u0101c\u012bbu vajadz\u012bb\u0101m.<\/li>\n<li>Piem\u0113rots ilgtermi\u0146a apr\u016bpes iest\u0101d\u0113m un neatliekam\u0101s pal\u012bdz\u012bbas noda\u013cu apm\u0101c\u012bbai.<\/li>\n<li>Funkcijas:<br \/>\nParasti konfigur\u0113ts starp v\u012brie\u0161u vai sievie\u0161u dzimumu.<br \/>\nSuprapubisk\u0101s kateteriz\u0101cijas apm\u0101c\u012bba.<br \/>\nDeta\u013cas tiek nomain\u012btas un apkalpotas.<br \/>\nViegli t\u012br\u0101ms un kopjams.<br \/>\nApm\u0101c\u012bba ar taisn\u0101s zarnas svec\u012bt\u0113m un klizmas.<br \/>\nVienreizlietojamais ur\u012bnp\u016bslis darbojas vis\u0101s jom\u0101s.<\/li>\n<li>Pieg\u0101de: Komplekt\u0101 ietilpst 3 nomain\u0101mas muguras \u0101das, 3 nomain\u0101mas suprapubisk\u0101s \u0101das un 3 nomain\u0101mas ur\u012bnp\u016b\u0161\u013ca aizsargpl\u0113ves.<\/li>\n<\/ul>\n<\/li>\n<\/ul>\n<h3>Kateteriz\u0101cijas apm\u0101c\u012bbas mode\u013ci \u2013 <a href=\"http:\/\/labostera.lt\/lv\/product-brand\/erler-zimmer-gmbh-co-kg\/\">Erlera-Zimmera anatomijas grupa<\/a><\/h3>\n<p>Vair\u0101k inform\u0101cijas: <a href=\"https:\/\/erler-zimmer.de\/en\/Catheterization-Trainer-with-suprapubic-access\/R10858\" target=\"_blank\" rel=\"noopener nofollow\">ra\u017eot\u0101ja t\u012bmek\u013ca vietn\u0113<\/a> vai nos\u016btiet mums piepras\u012bjumu!<\/p>","protected":false},"excerpt":{"rendered":"<p>Erlera-Zimmera kateteriz\u0101cijas apm\u0101c\u012bbas modelis \u2013 daudzpus\u012bgs apm\u0101c\u012bbas r\u012bks ar main\u0101miem v\u012brie\u0161u un sievie\u0161u dzimumorg\u0101niem.<\/p>","protected":false},"featured_media":20783,"template":"","meta":[],"product_cat":[838,75,79],"product_tag":[692,997,831,832,829,830,577,690,833,490],"class_list":{"0":"post-20779","1":"product","2":"type-product","3":"status-publish","4":"has-post-thumbnail","6":"product_brand-erler-zimmer-gmbh-co-kg","7":"product_cat-medicininiai-simuliatoriai","8":"product_cat-modeliai-manekenai-muliazai","9":"product_cat-mokymo-priemones-ir-iranga","10":"product_tag-erler-zimmer-gmbh-co-kg","11":"product_tag-kateterizavimo-treniravimo-modeliai","12":"product_tag-medical-models","13":"product_tag-medical-simulators","14":"product_tag-medicininiai-modeliai","15":"product_tag-medicininiai-simuliatoriai","16":"product_tag-modeliai","17":"product_tag-models","18":"product_tag-simulatoriai","19":"product_tag-simulators","21":"first","22":"onbackorder","23":"shipping-taxable","24":"purchasable","25":"product-type-simple"},"_links":{"self":[{"href":"https:\/\/labostera.lt\/lv\/wp-json\/wp\/v2\/product\/20779","targetHints":{"allow":["GET"]}}],"collection":[{"href":"https:\/\/labostera.lt\/lv\/wp-json\/wp\/v2\/product"}],"about":[{"href":"https:\/\/labostera.lt\/lv\/wp-json\/wp\/v2\/types\/product"}],"wp:featuredmedia":[{"embeddable":true,"href":"https:\/\/labostera.lt\/lv\/wp-json\/wp\/v2\/media\/20783"}],"wp:attachment":[{"href":"https:\/\/labostera.lt\/lv\/wp-json\/wp\/v2\/media?parent=20779"}],"wp:term":[{"taxonomy":"product_cat","embeddable":true,"href":"https:\/\/labostera.lt\/lv\/wp-json\/wp\/v2\/product_cat?post=20779"},{"taxonomy":"product_tag","embeddable":true,"href":"https:\/\/labostera.lt\/lv\/wp-json\/wp\/v2\/product_tag?post=20779"}],"curies":[{"name":"wp","href":"https:\/\/api.w.org\/{rel}","templated":true}]}}