{"id":20768,"date":"2024-05-02T10:18:46","date_gmt":"2024-05-02T07:18:46","guid":{"rendered":"http:\/\/labostera.lt\/?post_type=product&#038;p=20768"},"modified":"2024-10-18T15:19:21","modified_gmt":"2024-10-18T12:19:21","slug":"kateterizavimo-simuliatorius-erler-zimmer-catheterization-simulator","status":"publish","type":"product","link":"https:\/\/labostera.lt\/lv\/priemones-ir-iranga\/mokymo-priemones-ir-iranga\/medicininiai-simuliatoriai\/kateterizavimo-simuliatorius-erler-zimmer-catheterization-simulator\/","title":{"rendered":"Kateteriz\u0101cijas simulators Erlera-Zimmera kateteriz\u0101cijas simulators"},"content":{"rendered":"<h2><strong>Erler-Zimmer GmbH &amp; Co. KG katetriz\u0101cijas simulators<\/strong>:<\/h2>\n<ul>\n<li>Modelis R10855:\n<ul>\n<li>\u0160\u012b simulatora v\u012brie\u0161u versija ir veidota no v\u012brie\u0161a v\u0113dera un \u013cauj sajust spiedienu un pretest\u012bbu, ko rada g\u013cot\u0101das krokas, bulbouretr\u0101lais tuberkuls un iek\u0161\u0113jais ur\u012bnizvadkan\u0101la sfinkteris tie\u0161i pie ur\u012bnizvadkan\u0101la ieejas.<\/li>\n<li>Kad katetrs non\u0101k ur\u012bnvad\u0101, caur katetru pl\u016bd\u012bs m\u0101ksl\u012bgais ur\u012bns (\u016bdens).<\/li>\n<li>Pareizu dzimumlocek\u013ca novietojumu un kust\u012bbas kateteriz\u0101cijas laik\u0101 var viegli praktiz\u0113t. Komplekt\u0101 ietilpst katetrs, lubrikants un transport\u0113\u0161anas kaste.<\/li>\n<\/ul>\n<\/li>\n<li>Modelis R10856:\n<ul>\n<li>\u0160\u012b sievie\u0161u simulatora versija ir veidota no sievietes v\u0113dera un \u013cauj sajust spiedienu un pretest\u012bbu, kad katetrs tiek ievietots caur ur\u012bnizvadkan\u0101lu un sfinkteru ur\u012bnvad\u0101.<\/li>\n<li>Kad katetrs non\u0101k ur\u012bnvad\u0101, caur katetru pl\u016bd\u012bs m\u0101ksl\u012bgais ur\u012bns (\u016bdens).<\/li>\n<li>Re\u0101listiski veidoti \u0101r\u0113jie dzimumorg\u0101ni un starpene, mazie kaunuma l\u016bpas, klitors, ur\u012bnizvadkan\u0101la atvere un maksts ieeja. Komplekt\u0101 ietilpst katetrs, lubrikants un p\u0101rn\u0113s\u0101\u0161anas maci\u0146\u0161.<\/li>\n<\/ul>\n<\/li>\n<\/ul>\n<h3>Kateteriz\u0101cijas simulatori \u2013 <a href=\"http:\/\/labostera.lt\/lv\/product-brand\/erler-zimmer-gmbh-co-kg\/\">Erlera-Zimmera anatomijas grupa<\/a><\/h3>\n<p>Vair\u0101k inform\u0101cijas: <a href=\"https:\/\/erler-zimmer.de\/en\/Catheterisation-Simulator-male\/R10855\" target=\"_blank\" rel=\"noopener nofollow\">ra\u017eot\u0101ja t\u012bmek\u013ca vietn\u0113<\/a> vai nos\u016btiet mums piepras\u012bjumu!<\/p>","protected":false},"excerpt":{"rendered":"<p>Erlera-Zimmera kateteriz\u0101cijas simulators \u2013 re\u0101listisks m\u0101c\u012bbu l\u012bdzeklis, kas sniedz iesp\u0113ju sajust un praktiz\u0113t katetra ievieto\u0161anu.<\/p>","protected":false},"featured_media":20776,"template":"","meta":[],"product_cat":[838,75,79],"product_tag":[692,996,831,832,829,830,577,690,833,490],"class_list":{"0":"post-20768","1":"product","2":"type-product","3":"status-publish","4":"has-post-thumbnail","6":"product_brand-erler-zimmer-gmbh-co-kg","7":"product_cat-medicininiai-simuliatoriai","8":"product_cat-modeliai-manekenai-muliazai","9":"product_cat-mokymo-priemones-ir-iranga","10":"product_tag-erler-zimmer-gmbh-co-kg","11":"product_tag-kateterizavimo-simuliatoriai","12":"product_tag-medical-models","13":"product_tag-medical-simulators","14":"product_tag-medicininiai-modeliai","15":"product_tag-medicininiai-simuliatoriai","16":"product_tag-modeliai","17":"product_tag-models","18":"product_tag-simulatoriai","19":"product_tag-simulators","21":"first","22":"onbackorder","23":"shipping-taxable","24":"purchasable","25":"product-type-variable"},"_links":{"self":[{"href":"https:\/\/labostera.lt\/lv\/wp-json\/wp\/v2\/product\/20768","targetHints":{"allow":["GET"]}}],"collection":[{"href":"https:\/\/labostera.lt\/lv\/wp-json\/wp\/v2\/product"}],"about":[{"href":"https:\/\/labostera.lt\/lv\/wp-json\/wp\/v2\/types\/product"}],"wp:featuredmedia":[{"embeddable":true,"href":"https:\/\/labostera.lt\/lv\/wp-json\/wp\/v2\/media\/20776"}],"wp:attachment":[{"href":"https:\/\/labostera.lt\/lv\/wp-json\/wp\/v2\/media?parent=20768"}],"wp:term":[{"taxonomy":"product_cat","embeddable":true,"href":"https:\/\/labostera.lt\/lv\/wp-json\/wp\/v2\/product_cat?post=20768"},{"taxonomy":"product_tag","embeddable":true,"href":"https:\/\/labostera.lt\/lv\/wp-json\/wp\/v2\/product_tag?post=20768"}],"curies":[{"name":"wp","href":"https:\/\/api.w.org\/{rel}","templated":true}]}}