{"id":20742,"date":"2024-04-30T15:29:53","date_gmt":"2024-04-30T12:29:53","guid":{"rendered":"http:\/\/labostera.lt\/?post_type=product&#038;p=20742"},"modified":"2024-10-18T15:15:30","modified_gmt":"2024-10-18T12:15:30","slug":"vyru-kateterizavimo-ir-klizmos-simuliatorius-erler-zimmer-male-catheterization-and-enema-simulator","status":"publish","type":"product","link":"https:\/\/labostera.lt\/lv\/priemones-ir-iranga\/mokymo-priemones-ir-iranga\/medicininiai-simuliatoriai\/vyru-kateterizavimo-ir-klizmos-simuliatorius-erler-zimmer-male-catheterization-and-enema-simulator\/","title":{"rendered":"Erlera-Zimmera v\u012brie\u0161u kateteriz\u0101cijas un klizmas simulators"},"content":{"rendered":"<h2><strong>Erler-Zimmer GmbH &amp; Co. KG v\u012brie\u0161u kateteriz\u0101cijas un klizmas simulators<\/strong>:<\/h2>\n<ul>\n<li>Modelis LM109:\n<ul>\n<li>Simulators atdarina v\u012brie\u0161u pacienta ur\u012bnce\u013cu \u012bpa\u0161o formu. Ur\u012bnp\u016b\u0161\u013ca katetrs tiek ievietots, izmantojot pareizu tehniku, lai sasniegtu ur\u012bnvadu. Kad tas sasniedz ur\u012bnizvadkan\u0101lu, ur\u012bns (\u016bdens) izpl\u016bst.<\/li>\n<li>Dzimumlocek\u013ca saj\u016bta ir \u013coti l\u012bdz\u012bga \u012bstam cilv\u0113ka dzimumloceklim. Var izmantot t\u0101das metodes k\u0101 ur\u012bnizvadkan\u0101la \u0101r\u0113j\u0101s aizsardz\u012bbas dezinfekcija un kaunuma zonas t\u012br\u012b\u0161ana.<\/li>\n<li>Galveno korpusu var sadal\u012bt pa vidusl\u012bniju, lai p\u0101rbaud\u012btu ur\u012bnce\u013cu formu, katetra ievieto\u0161anas vietu un poz\u012bcijas anatomisko saist\u012bbu.<\/li>\n<\/ul>\n<\/li>\n<\/ul>\n<h3>V\u012brie\u0161u kateteriz\u0101cijas un klizmas simulatori \u2013 <a href=\"http:\/\/labostera.lt\/lv\/product-brand\/erler-zimmer-gmbh-co-kg\/\">Erlera-Zimmera anatomijas grupa<\/a><\/h3>\n<p>Vair\u0101k inform\u0101cijas: <a href=\"https:\/\/erler-zimmer.de\/en\/Male-Catheterization-and-Enema-Simulator\/LM109\" target=\"_blank\" rel=\"noopener nofollow\">ra\u017eot\u0101ja t\u012bmek\u013ca vietn\u0113<\/a> vai nos\u016btiet mums piepras\u012bjumu!<\/p>","protected":false},"excerpt":{"rendered":"<p>Erlera-Zimmera v\u012brie\u0161u kateteriz\u0101cijas un klizmas simulators. Lielisks m\u0101c\u012bbu l\u012bdzeklis, kas re\u0101listiski simul\u0113 v\u012brie\u0161u ur\u012bnp\u016b\u0161\u013ca kateteriz\u0101ciju un klizmu. Piem\u0113rots medic\u012bnas studentiem un profesion\u0101\u013ciem.<\/p>","protected":false},"featured_media":20747,"template":"","meta":[],"product_cat":[838,75,79],"product_tag":[692,831,832,829,830,577,690,833,490,992],"class_list":{"0":"post-20742","1":"product","2":"type-product","3":"status-publish","4":"has-post-thumbnail","6":"product_brand-erler-zimmer-gmbh-co-kg","7":"product_cat-medicininiai-simuliatoriai","8":"product_cat-modeliai-manekenai-muliazai","9":"product_cat-mokymo-priemones-ir-iranga","10":"product_tag-erler-zimmer-gmbh-co-kg","11":"product_tag-medical-models","12":"product_tag-medical-simulators","13":"product_tag-medicininiai-modeliai","14":"product_tag-medicininiai-simuliatoriai","15":"product_tag-modeliai","16":"product_tag-models","17":"product_tag-simulatoriai","18":"product_tag-simulators","19":"product_tag-vyru-kateterizavimo-ir-klizmos-simuliatoriai","21":"first","22":"onbackorder","23":"shipping-taxable","24":"purchasable","25":"product-type-simple"},"_links":{"self":[{"href":"https:\/\/labostera.lt\/lv\/wp-json\/wp\/v2\/product\/20742","targetHints":{"allow":["GET"]}}],"collection":[{"href":"https:\/\/labostera.lt\/lv\/wp-json\/wp\/v2\/product"}],"about":[{"href":"https:\/\/labostera.lt\/lv\/wp-json\/wp\/v2\/types\/product"}],"wp:featuredmedia":[{"embeddable":true,"href":"https:\/\/labostera.lt\/lv\/wp-json\/wp\/v2\/media\/20747"}],"wp:attachment":[{"href":"https:\/\/labostera.lt\/lv\/wp-json\/wp\/v2\/media?parent=20742"}],"wp:term":[{"taxonomy":"product_cat","embeddable":true,"href":"https:\/\/labostera.lt\/lv\/wp-json\/wp\/v2\/product_cat?post=20742"},{"taxonomy":"product_tag","embeddable":true,"href":"https:\/\/labostera.lt\/lv\/wp-json\/wp\/v2\/product_tag?post=20742"}],"curies":[{"name":"wp","href":"https:\/\/api.w.org\/{rel}","templated":true}]}}