{"id":20703,"date":"2024-04-30T10:48:26","date_gmt":"2024-04-30T07:48:26","guid":{"rendered":"http:\/\/labostera.lt\/?post_type=product&#038;p=20703"},"modified":"2024-10-18T15:19:25","modified_gmt":"2024-10-18T12:19:25","slug":"amziaus-simuliatoriaus-rinkinys-erler-zimmer-ageman-age-simulation-set","status":"publish","type":"product","link":"https:\/\/labostera.lt\/lv\/priemones-ir-iranga\/mokymo-priemones-ir-iranga\/medicininiai-simuliatoriai\/amziaus-simuliatoriaus-rinkinys-erler-zimmer-ageman-age-simulation-set\/","title":{"rendered":"Erler-Zimmer &quot;AgeMan&quot; vecuma simul\u0101cijas komplekts"},"content":{"rendered":"<h2><strong>Erler-Zimmer GmbH &amp; Co.\u00a0KG AgeMan vecuma simulatora komplekts<\/strong>:<\/h2>\n<ul>\n<li>Modelis AMC01:\n<ul>\n<li>Svara veste 8 kg: sp\u0113ka samazin\u0101\u0161anas simul\u0101cija<\/li>\n<li>Brilles: kr\u0101su redzes mai\u0146a un presbiopija<\/li>\n<li>Dzirdes apar\u0101ts 50+: m\u0113rens dzirdes zudums, pamatojoties uz zin\u0101tniskiem datiem<\/li>\n<li>Kakla p\u0101rs\u0113js: samazin\u0101ta mobilit\u0101te vis\u0101s tr\u012bs plakn\u0113s<\/li>\n<li>Loc\u012btavu svari: sp\u0113ka samazin\u0101\u0161anas simul\u0101cija<\/li>\n<li>Loc\u012btavas p\u0101rs\u0113js: samazin\u0101ta loc\u012btavas elast\u012bba<\/li>\n<li>Cimdi: samazin\u0101ta elast\u012bba<\/li>\n<\/ul>\n<\/li>\n<li>Modelis AMB01:\n<ul>\n<li>Svara veste 10 kg: sp\u0113ka samazin\u0101\u0161anas simul\u0101cija<\/li>\n<li>Speci\u0101l\u0101s brilles: redzes lauka ierobe\u017eo\u0161ana, kr\u0101su redzes korekcija un presbiopija<\/li>\n<li>Dzirdes apar\u0101ts 60+: dzirdes trauc\u0113jumu simul\u0101cija, ar vecumu saist\u012btas probl\u0113mas runas izpratn\u0113<\/li>\n<li>Kakla p\u0101rs\u0113js: samazin\u0101ta mobilit\u0101te vis\u0101s tr\u012bs plakn\u0113s<\/li>\n<li>Loc\u012btavu svari: sp\u0113ka samazin\u0101\u0161anas simul\u0101cija<\/li>\n<li>Loc\u012btavas p\u0101rs\u0113js: samazin\u0101ta loc\u012btavas elast\u012bba<\/li>\n<li>Cimdi: ierobe\u017eota roku un pirkstu loc\u012btavu kust\u012bgums<\/li>\n<li>Kokvilnas cimdi: samazin\u0101ta \u0101das jut\u012bba un elast\u012bba<\/li>\n<\/ul>\n<\/li>\n<li>Modelis AMP01:\n<ul>\n<li>Divpus\u0113js sv\u0113rts t\u0113rps, kas imit\u0113 sp\u0113ka samazin\u0101\u0161anu svar\u012bg\u0101s anatomisk\u0101s zon\u0101s<\/li>\n<li>Svara veste 10 kg: sp\u0113ka samazin\u0101\u0161anas simul\u0101cija<\/li>\n<li>Speci\u0101l\u0101s brilles: redzes lauka ierobe\u017eo\u0161ana, kr\u0101su redzes korekcija un presbiopija<\/li>\n<li>Bri\u013c\u013cu ietvari: papla\u0161in\u0101tas simul\u0101cijas iesp\u0113jas<\/li>\n<li>Dzirdes apar\u0101ts 60+: dzirdes trauc\u0113jumu simul\u0101cija, ar vecumu saist\u012btas probl\u0113mas runas izpratn\u0113<\/li>\n<li>Kakla p\u0101rs\u0113js: samazin\u0101ta mobilit\u0101te vis\u0101s tr\u012bs plakn\u0113s<\/li>\n<li>Loc\u012btavu p\u0101rs\u0113js: samazin\u0101ta loc\u012btavas elast\u012bba (pieejams XXL izm\u0113r\u0101)<\/li>\n<li>Muguras p\u0101rs\u0113js: lieces un saliek\u0161an\u0101s ierobe\u017eojums<\/li>\n<li>Cimdi: ierobe\u017eota roku un pirkstu loc\u012btavu kust\u012bgums<\/li>\n<li>Kokvilnas cimdi: samazin\u0101ta \u0101das jut\u012bba un elast\u012bba<\/li>\n<\/ul>\n<\/li>\n<li>Modelis AMT01:\n<ul>\n<li>Tiek rad\u012bts frekvences kontrol\u0113ts tremors (smalks l\u012bdz vid\u0113ji sp\u0113c\u012bgs, neparkinsonisma tremors).<\/li>\n<li>Vienreizlietojams (labaj\u0101 pus\u0113)<\/li>\n<\/ul>\n<\/li>\n<li>Modelis AMT02:\n<ul>\n<li>Tiek rad\u012bts frekvences kontrol\u0113ts tremors (smalks l\u012bdz vid\u0113ji sp\u0113c\u012bgs, neparkinsonisma tremors).<\/li>\n<li>Divk\u0101r\u0161s (pa labi un pa kreisi)<\/li>\n<\/ul>\n<\/li>\n<li>Modelis AMA01:\n<ul>\n<li>6 brilles, lai piedz\u012bvotu ar vecumu un slim\u012bb\u0101m saist\u012btus redzes trauc\u0113jumus. Brilles par\u0101da AMD, glaukomu, hemianopiju, kataraktu, presbiopiju un retinop\u0101tiju.<\/li>\n<\/ul>\n<\/li>\n<li>Modelis AMH01:\n<ul>\n<li>Iek\u013cauts k\u0101ju ortoze, elko\u0146u ortoze, ausu aizb\u0101\u017e\u0146i, brilles hemianopijai un k\u0101ju svars.<\/li>\n<\/ul>\n<\/li>\n<\/ul>\n<h3>Vecuma simulatoru komplekti \u2013 <a href=\"http:\/\/labostera.lt\/lv\/product-brand\/erler-zimmer-gmbh-co-kg\/\">Erlera-Zimmera anatomijas grupa<\/a><\/h3>\n<p>Vair\u0101k inform\u0101cijas: <a href=\"https:\/\/erler-zimmer.de\/en\/AgeMan-Age-Simulator-Premium\/AMP01\" target=\"_blank\" rel=\"noopener nofollow\">ra\u017eot\u0101ja t\u012bmek\u013ca vietn\u0113<\/a> vai nos\u016btiet mums piepras\u012bjumu!<\/p>","protected":false},"excerpt":{"rendered":"<p>Erler-Zimmer &quot;AgeMan&quot; vecuma simulatora komplekts. Izm\u0113\u0123iniet noveco\u0161an\u0101s efektus ar iespaid\u012bgu komplektu, kas simul\u0113 vecuma main\u012bgumu. Ide\u0101li piem\u0113rots vec\u0101ka gadag\u0101juma cilv\u0113kiem un medic\u012bnas studentiem.<\/p>","protected":false},"featured_media":20719,"template":"","meta":[],"product_cat":[838,75,79],"product_tag":[990,692,831,832,829,830,577,690,833,490],"class_list":{"0":"post-20703","1":"product","2":"type-product","3":"status-publish","4":"has-post-thumbnail","6":"product_brand-erler-zimmer-gmbh-co-kg","7":"product_cat-medicininiai-simuliatoriai","8":"product_cat-modeliai-manekenai-muliazai","9":"product_cat-mokymo-priemones-ir-iranga","10":"product_tag-amziaus-simuliatoriu-rinkiniai","11":"product_tag-erler-zimmer-gmbh-co-kg","12":"product_tag-medical-models","13":"product_tag-medical-simulators","14":"product_tag-medicininiai-modeliai","15":"product_tag-medicininiai-simuliatoriai","16":"product_tag-modeliai","17":"product_tag-models","18":"product_tag-simulatoriai","19":"product_tag-simulators","21":"first","22":"onbackorder","23":"shipping-taxable","24":"purchasable","25":"product-type-variable"},"_links":{"self":[{"href":"https:\/\/labostera.lt\/lv\/wp-json\/wp\/v2\/product\/20703","targetHints":{"allow":["GET"]}}],"collection":[{"href":"https:\/\/labostera.lt\/lv\/wp-json\/wp\/v2\/product"}],"about":[{"href":"https:\/\/labostera.lt\/lv\/wp-json\/wp\/v2\/types\/product"}],"wp:featuredmedia":[{"embeddable":true,"href":"https:\/\/labostera.lt\/lv\/wp-json\/wp\/v2\/media\/20719"}],"wp:attachment":[{"href":"https:\/\/labostera.lt\/lv\/wp-json\/wp\/v2\/media?parent=20703"}],"wp:term":[{"taxonomy":"product_cat","embeddable":true,"href":"https:\/\/labostera.lt\/lv\/wp-json\/wp\/v2\/product_cat?post=20703"},{"taxonomy":"product_tag","embeddable":true,"href":"https:\/\/labostera.lt\/lv\/wp-json\/wp\/v2\/product_tag?post=20703"}],"curies":[{"name":"wp","href":"https:\/\/api.w.org\/{rel}","templated":true}]}}