{"id":20693,"date":"2024-04-16T09:04:41","date_gmt":"2024-04-16T06:04:41","guid":{"rendered":"http:\/\/labostera.lt\/?post_type=product&#038;p=20693"},"modified":"2024-10-18T15:19:27","modified_gmt":"2024-10-18T12:19:27","slug":"amziaus-simuliatoriaus-rinkinys-erler-zimmer-age-simulation-set","status":"publish","type":"product","link":"https:\/\/labostera.lt\/lv\/priemones-ir-iranga\/mokymo-priemones-ir-iranga\/medicininiai-simuliatoriai\/amziaus-simuliatoriaus-rinkinys-erler-zimmer-age-simulation-set\/","title":{"rendered":"Erler-Zimmer vecuma simul\u0101cijas komplekts"},"content":{"rendered":"<h2><strong>\u201eErler-Zimmer GmbH &amp; Co. KG vecuma simulatora komplekts<\/strong>:<\/h2>\n<ul>\n<li>Modelis LM60 un LM102:<\/li>\n<li>\u0160is unik\u0101lais komplekts sniedz iesp\u0113ju izjust noveco\u0161anas rad\u012bt\u0101s ne\u0113rt\u012bbas. Loc\u012btavu ierobe\u017eojumi, svari, ortozes, ausu aizb\u0101\u017e\u0146i un brilles ierobe\u017eo m\u0101c\u012bbu iesp\u0113jas t\u0101, ka vecuma fiziskie ierobe\u017eojumi k\u013c\u016bst \u013coti re\u0101listiski. \u0160\u012b iespaid\u012bg\u0101 demonstr\u0101cija b\u016btu j\u0101izmanto jebkur\u0101 medic\u012bnas izgl\u012bt\u012bb\u0101. T\u0101 pal\u012bdz studentiem izprast gados vec\u0101ku pacientu probl\u0113mas un atbilsto\u0161i rea\u0123\u0113t.<\/li>\n<li>Komplekt\u0101 ietilpst:<\/li>\n<li>Brilles<br \/>\n\u0160\u012bs brilles \u013cauj studentam izjust redzes funkcijas izmai\u0146as, piem\u0113ram, perif\u0113r\u0101s redzes zudumu un redzes funkcijas izmai\u0146as kataraktas d\u0113\u013c.<\/li>\n<li>Cimdi (kreisaj\u0101 un labaj\u0101 pus\u0113)<br \/>\n\u0160ie cimdi \u013cauj studentam zaud\u0113t saj\u016btu rok\u0101s un pirkstos.<\/li>\n<li>Pirkstu pieturas (pa kreisi un pa labi)<br \/>\n\u0160ie ierobe\u017eojumi ierobe\u017eo pirkstu loc\u012btavu kust\u012bgumu, padarot studentu nesp\u0113j\u012bgu kustin\u0101t rokas.<\/li>\n<li>N\u016bja<br \/>\nSniedz pieredzi, k\u0101 atbalst\u012bties ar spie\u0137i.<\/li>\n<li>Ausu aizb\u0101\u017e\u0146i (50 p\u0101ri)<br \/>\nAusu aizb\u0101\u017e\u0146i blo\u0137\u0113 augstas frekvences ska\u0146as, izraisot studentam presbiokuzi.<\/li>\n<li>Muguras aizsardz\u012bbas pakl\u0101ji\u0146\u0161<br \/>\n\u0160is pacel\u0161an\u0101s ierobe\u017eo skol\u0113na st\u0101ju, piespie\u017eot vi\u0146u ie\u0146emt specifisku, sakumpu\u0161u pozu, kas rakstur\u012bga noveco\u0161anai.<\/li>\n<li>Elko\u0146a loc\u012btavu ierobe\u017eojumi (kreisaj\u0101 un labaj\u0101 pus\u0113)<br \/>\n\u0160ie ierobe\u017eot\u0101ji ierobe\u017eo elko\u0146u loc\u012btavu kust\u012bbu, k\u0101 rezult\u0101t\u0101 students piedz\u012bvo nekust\u012bgas rokas.<\/li>\n<li>Plaukstas loc\u012btavas atsvari (kreisaj\u0101 un labaj\u0101 pus\u0113)<br \/>\n\u0160ie svari ir piestiprin\u0101ti pie plaukstas loc\u012btav\u0101m, lai students piedz\u012bvotu sp\u0113ka zudumu roku musku\u013cos.<\/li>\n<li>Loc\u012btavu ierobe\u017eot\u0101ji ce\u013ca loc\u012btav\u0101m (kreisajai un labajai)<br \/>\n\u0160ie ierobe\u017eot\u0101ji ierobe\u017eo ce\u013ca loc\u012btavas kust\u012bbu, k\u0101 rezult\u0101t\u0101 students piedz\u012bvo nekust\u012bgas k\u0101jas.<\/li>\n<li>Svars k\u0101j\u0101m (kreisajai un labajai)<br \/>\n\u0160ie svari ir piestiprin\u0101ti pie gurniem, lai students piedz\u012bvotu sp\u0113ka zudumu k\u0101ju musku\u013cos.<\/li>\n<li>XL versija (LM102) ir paredz\u0113ta cilv\u0113kiem, kuru augums p\u0101rsniedz 175 cm vai kuriem ir liel\u0101ka \u0137erme\u0146a uzb\u016bve.<\/li>\n<\/ul>\n<h3>Vecuma simulatoru komplekti \u2013 <a href=\"http:\/\/labostera.lt\/lv\/product-brand\/erler-zimmer-gmbh-co-kg\/\">Erlera-Zimmera anatomijas grupa<\/a><\/h3>\n<p>Vair\u0101k inform\u0101cijas: <a href=\"https:\/\/erler-zimmer.de\/en\/Age-Simulation-Set\/LM60\" target=\"_blank\" rel=\"noopener nofollow\">ra\u017eot\u0101ja t\u012bmek\u013ca vietn\u0113<\/a> vai nos\u016btiet mums piepras\u012bjumu!<\/p>","protected":false},"excerpt":{"rendered":"<p>Erlera-Zimmera vecuma simulatora komplekts \u2014 izbaudiet noveco\u0161an\u0101s rad\u012bt\u0101s ne\u0113rt\u012bbas. Izmanto medic\u012bnas izgl\u012bt\u012bb\u0101. <\/p>","protected":false},"featured_media":20697,"template":"","meta":[],"product_cat":[838,75,79],"product_tag":[990,692,831,832,829,830,577,690,833,490],"class_list":{"0":"post-20693","1":"product","2":"type-product","3":"status-publish","4":"has-post-thumbnail","6":"product_brand-erler-zimmer-gmbh-co-kg","7":"product_cat-medicininiai-simuliatoriai","8":"product_cat-modeliai-manekenai-muliazai","9":"product_cat-mokymo-priemones-ir-iranga","10":"product_tag-amziaus-simuliatoriu-rinkiniai","11":"product_tag-erler-zimmer-gmbh-co-kg","12":"product_tag-medical-models","13":"product_tag-medical-simulators","14":"product_tag-medicininiai-modeliai","15":"product_tag-medicininiai-simuliatoriai","16":"product_tag-modeliai","17":"product_tag-models","18":"product_tag-simulatoriai","19":"product_tag-simulators","21":"first","22":"onbackorder","23":"shipping-taxable","24":"purchasable","25":"product-type-variable"},"_links":{"self":[{"href":"https:\/\/labostera.lt\/lv\/wp-json\/wp\/v2\/product\/20693","targetHints":{"allow":["GET"]}}],"collection":[{"href":"https:\/\/labostera.lt\/lv\/wp-json\/wp\/v2\/product"}],"about":[{"href":"https:\/\/labostera.lt\/lv\/wp-json\/wp\/v2\/types\/product"}],"wp:featuredmedia":[{"embeddable":true,"href":"https:\/\/labostera.lt\/lv\/wp-json\/wp\/v2\/media\/20697"}],"wp:attachment":[{"href":"https:\/\/labostera.lt\/lv\/wp-json\/wp\/v2\/media?parent=20693"}],"wp:term":[{"taxonomy":"product_cat","embeddable":true,"href":"https:\/\/labostera.lt\/lv\/wp-json\/wp\/v2\/product_cat?post=20693"},{"taxonomy":"product_tag","embeddable":true,"href":"https:\/\/labostera.lt\/lv\/wp-json\/wp\/v2\/product_tag?post=20693"}],"curies":[{"name":"wp","href":"https:\/\/api.w.org\/{rel}","templated":true}]}}