{"id":20678,"date":"2024-04-15T15:41:13","date_gmt":"2024-04-15T12:41:13","guid":{"rendered":"http:\/\/labostera.lt\/?post_type=product&#038;p=20678"},"modified":"2024-10-18T15:19:28","modified_gmt":"2024-10-18T12:19:28","slug":"nutukima-imituojantis-kostiumas-erler-zimmer-obesity-simulation-suit","status":"publish","type":"product","link":"https:\/\/labostera.lt\/lv\/priemones-ir-iranga\/mokymo-priemones-ir-iranga\/medicininiai-simuliatoriai\/nutukima-imituojantis-kostiumas-erler-zimmer-obesity-simulation-suit\/","title":{"rendered":"Erler-Zimmer aptauko\u0161an\u0101s simul\u0101cijas uzvalks"},"content":{"rendered":"<h2><strong>Erler-Zimmer GmbH &amp; Co. KG aptauko\u0161an\u0101s simul\u0101cijas t\u0113rps<\/strong>:<\/h2>\n<ul>\n<li>Visp\u0101r\u012bg\u0101s \u012bpa\u0161\u012bbas:<\/li>\n<li>Jauna veida kost\u012bms \u013cauj skol\u0113niem rota\u013c\u012bg\u0101 un vieglpr\u0101t\u012bg\u0101 veid\u0101 izprast liek\u0101 svara un aptauko\u0161an\u0101s ikdienas dz\u012bves kait\u012bgumu un s\u0101pes. M\u016bsu profesion\u0101lais &quot;Fat Suit&quot; iespaid\u012bgi un efekt\u012bvi atspogu\u013co \u0161o st\u0101vokli. \u0160\u012b jaunatkl\u0101t\u0101 perspekt\u012bva pal\u012bdz izprast situ\u0101ciju un piev\u0113r\u0161 uzman\u012bbu aptaukoju\u0161os cilv\u0113ku \u012bpa\u0161aj\u0101m vajadz\u012bb\u0101m. PAT piem\u0113ro\u0161anas joma profesion\u0101lam tauku treneram ir gandr\u012bz neierobe\u017eota. Tas pal\u012bdz\u0113s jums str\u0101d\u0101t ar cilv\u0113kiem ar aptauko\u0161anos, to var izmantot profilakses programm\u0101s un grafiski atspogu\u013co aptauko\u0161an\u0101s ietekmi uz studenta \u0137ermeni.<\/li>\n<li>PAT pied\u0101v\u0101 Jums:<\/li>\n<li>\u0100trs svara pieaugums. Regul\u0113jams ar 230 g soli, regul\u0113jams l\u012bdz maksim\u0101li 30 kg papildu svara (kas ir \u0101rk\u0101rt\u012bgi liela pieredze, jo nav l\u0113nas palielin\u0101\u0161anas).<\/li>\n<li>\u0136erme\u0146a apjoma palielin\u0101\u0161an\u0101s, \u012bpa\u0161i v\u0113lamaj\u0101s viet\u0101s, piem\u0113ram, kr\u016bt\u012bs, v\u0113der\u0101, s\u0113\u017eamviet\u0101, aug\u0161stilbos un aug\u0161delmos<\/li>\n<li>Standarta PAT profesion\u0101l\u0101 tauku trena\u017eiera komplekt\u0101 ietilpst:<\/li>\n<li>Svara veste ar main\u0101mu svaru. Standarta svars \u2013 9 kg, papla\u0161in\u0101ms l\u012bdz maksim\u0101li 18 kg<\/li>\n<li>Sv\u0113rtas bikses ar main\u0101mu svaru. Standarta svars \u2013 4,5 kg, papla\u0161in\u0101ms l\u012bdz maksim\u0101li 9 kg.<\/li>\n<li>Svars vest\u0113 der\u0113s biks\u0113m un otr\u0101di.<\/li>\n<li>Apjoma uzvalks, mazg\u0101jams, ieskaitot virsdr\u0113bes.<\/li>\n<li>Iztur\u012bgs transport\u0113\u0161anas un uzglab\u0101\u0161anas komplekts (apjoma kost\u012bms tiek glab\u0101ts \u0101rpus telp\u0101m)<\/li>\n<li>Lietot\u0101ja rokasgr\u0101mata<\/li>\n<\/ul>\n<ul>\n<li><strong>Modelis 8001<\/strong><\/li>\n<li>Unisex versija<\/li>\n<\/ul>\n<ul>\n<li><strong>Modelis 8001M<\/strong><\/li>\n<li>V\u012brie\u0161u versija<\/li>\n<\/ul>\n<ul>\n<li><strong>Modelis 8001W<\/strong><\/li>\n<li>Sievie\u0161u versija.<\/li>\n<\/ul>\n<ul>\n<li><strong>Modelis 8003<\/strong><\/li>\n<li>B\u0113rni un pusaud\u017ei neizb\u0113gami izjut\u012bs liek\u0101 svara sekas un ierobe\u017eojumus, ko rada p\u0101rm\u0113r\u012bgs \u0137erme\u0146a svars. Ar \u0161o pieredzi vi\u0146i var k\u013c\u016bt jut\u012bgi pret vesel\u012bgu uzturu un att\u012bst\u012bt emp\u0101tiju pret cilv\u0113kiem ar aptauko\u0161anos. Lielisks instruments uztura izgl\u012bt\u012bbai vai soci\u0101lajai m\u0101c\u012b\u0161anai.<\/li>\n<li>PAT Junior sast\u0101v no svara vestes, kuras svars ir aptuveni 5 kg, un apjoma t\u0113rpa \u0137erme\u0146a izm\u0113riem no 125 l\u012bdz 160 cm un maksim\u0101lajam viduk\u013ca apk\u0101rtm\u0113ram l\u012bdz 100 cm.<\/li>\n<li>Izm\u0113ru var regul\u0113t ar elast\u012bg\u0101m lent\u0113m uzvalka aizmugur\u0113.<\/li>\n<\/ul>\n<h3>Aptauko\u0161anos imit\u0113jo\u0161i kost\u012bmi \u2013 <a href=\"http:\/\/labostera.lt\/lv\/product-brand\/erler-zimmer-gmbh-co-kg\/\">Erlera-Zimmera anatomijas grupa<\/a><\/h3>\n<p>Vair\u0101k inform\u0101cijas: <a href=\"https:\/\/erler-zimmer.de\/en\/Obesity-Simulation-suit-unisex\/8001\" target=\"_blank\" rel=\"noopener nofollow\">ra\u017eot\u0101ja t\u012bmek\u013ca vietn\u0113<\/a> vai nos\u016btiet mums piepras\u012bjumu!<\/p>","protected":false},"excerpt":{"rendered":"<p>Erlera-Zimmera aptauko\u0161an\u0101s simul\u0101cijas t\u0113rps \u2013 palieliniet \u0137erme\u0146a svaru un izprotiet aptauko\u0161an\u0101s sekas.<\/p>","protected":false},"featured_media":20680,"template":"","meta":[],"product_cat":[838,75,79],"product_tag":[692,831,832,829,830,577,690,988,833,490],"class_list":{"0":"post-20678","1":"product","2":"type-product","3":"status-publish","4":"has-post-thumbnail","6":"product_brand-erler-zimmer-gmbh-co-kg","7":"product_cat-medicininiai-simuliatoriai","8":"product_cat-modeliai-manekenai-muliazai","9":"product_cat-mokymo-priemones-ir-iranga","10":"product_tag-erler-zimmer-gmbh-co-kg","11":"product_tag-medical-models","12":"product_tag-medical-simulators","13":"product_tag-medicininiai-modeliai","14":"product_tag-medicininiai-simuliatoriai","15":"product_tag-modeliai","16":"product_tag-models","17":"product_tag-nutukima-imituojantis-kostiumai","18":"product_tag-simulatoriai","19":"product_tag-simulators","21":"first","22":"onbackorder","23":"shipping-taxable","24":"purchasable","25":"product-type-variable"},"_links":{"self":[{"href":"https:\/\/labostera.lt\/lv\/wp-json\/wp\/v2\/product\/20678","targetHints":{"allow":["GET"]}}],"collection":[{"href":"https:\/\/labostera.lt\/lv\/wp-json\/wp\/v2\/product"}],"about":[{"href":"https:\/\/labostera.lt\/lv\/wp-json\/wp\/v2\/types\/product"}],"wp:featuredmedia":[{"embeddable":true,"href":"https:\/\/labostera.lt\/lv\/wp-json\/wp\/v2\/media\/20680"}],"wp:attachment":[{"href":"https:\/\/labostera.lt\/lv\/wp-json\/wp\/v2\/media?parent=20678"}],"wp:term":[{"taxonomy":"product_cat","embeddable":true,"href":"https:\/\/labostera.lt\/lv\/wp-json\/wp\/v2\/product_cat?post=20678"},{"taxonomy":"product_tag","embeddable":true,"href":"https:\/\/labostera.lt\/lv\/wp-json\/wp\/v2\/product_tag?post=20678"}],"curies":[{"name":"wp","href":"https:\/\/api.w.org\/{rel}","templated":true}]}}