{"id":20667,"date":"2024-04-15T14:47:15","date_gmt":"2024-04-15T11:47:15","guid":{"rendered":"http:\/\/labostera.lt\/?post_type=product&#038;p=20667"},"modified":"2024-10-18T15:15:38","modified_gmt":"2024-10-18T12:15:38","slug":"vamzdelio-padavimo-simuliatorius-erler-zimmer-tube-feeding-simulator-ng-og-peg","status":"publish","type":"product","link":"https:\/\/labostera.lt\/lv\/priemones-ir-iranga\/mokymo-priemones-ir-iranga\/medicininiai-simuliatoriai\/vamzdelio-padavimo-simuliatorius-erler-zimmer-tube-feeding-simulator-ng-og-peg\/","title":{"rendered":"Erler-Zimmer caurules baro\u0161anas simulators (NG, OG, PEG)"},"content":{"rendered":"<h2><strong>Erler-Zimmer GmbH &amp; Co. KG cauru\u013cu baro\u0161anas simulators<\/strong>:<\/h2>\n<ul>\n<li>Modelis R16660:<\/li>\n<li>Zondes baro\u0161anas simulators ir efekt\u012bvs apm\u0101c\u012bbas r\u012bks medm\u0101s\u0101m un medic\u012bnas speci\u0101listiem, kas baro pacientus ar enter\u0101laj\u0101m zond\u0113m. Manekenam ir tr\u012bs EN caurul\u012b\u0161u ievades ce\u013ci, un tas \u013cauj m\u0101c\u012bties ar \u012bstu \u0161\u0137idru p\u0101rtiku. Lai atvieglotu anatomisko izpratni, komplekt\u0101 ir iek\u013cauts baro\u0161anas ce\u013ca panelis demonstr\u0101cijai un kr\u016b\u0161kurvja anatomijas modelis novieto\u0161anai uz manekena. Cauru\u013cu novietojumu var apstiprin\u0101t, klausoties ar stetoskopu, k\u0101 ar\u012b tie\u0161i nov\u0113rojot. \u0160is simulators ir kompakts un p\u0101rn\u0113s\u0101jams. Kakls ir elast\u012bgs, lai var\u0113tu apg\u016bt pareizu kakla\/galvas poz\u012bciju. Var ievietot zondes peror\u0101lai\/naz\u0101lai baro\u0161anai un perkut\u0101nai endoskopiskai gastrostomijai. Cauru\u013cu novietojumu var apstiprin\u0101t, klausoties ar stetoskopu. Caursp\u012bd\u012bg\u0101 strukt\u016bra \u013cauj tie\u0161i uzraudz\u012bt progresu un m\u0113\u0123enes poz\u012bciju. Manekenu var novietot \u201cFowler\u201d poz\u012bcij\u0101. Ir iesp\u0113jama \u012bstu \u0161\u0137idru p\u0101rtikas produktu (mais\u012bjumu) ievad\u012b\u0161ana. Cauru\u013cu izvieto\u0161anas panelis un kr\u016b\u0161kurvja lapa atvieglo demonstr\u0113\u0161anu un anatomisku izpratni.<\/li>\n<\/ul>\n<h3>Zondes baro\u0161anas simulatori \u2013 <a href=\"http:\/\/labostera.lt\/lv\/product-brand\/erler-zimmer-gmbh-co-kg\/\">Erlera-Zimmera anatomijas grupa<\/a><\/h3>\n<p>Vair\u0101k inform\u0101cijas: <a href=\"https:\/\/erler-zimmer.de\/en\/Simulation-breast-plate-for-tracheotomy-care\/R66510\" target=\"_blank\" rel=\"noopener nofollow\">ra\u017eot\u0101ja t\u012bmek\u013ca vietn\u0113<\/a> vai nos\u016btiet mums piepras\u012bjumu!<\/p>","protected":false},"excerpt":{"rendered":"<p>Erlera-Zimmera zondes baro\u0161anas simulators \u2014 tren\u0113jieties ar \u012bstu \u0161\u0137idru p\u0101rtiku un apstipriniet zondes novietojumu.<\/p>","protected":false},"featured_media":20668,"template":"","meta":[],"product_cat":[838,75,79],"product_tag":[692,831,832,829,830,577,690,833,490,987],"class_list":{"0":"post-20667","1":"product","2":"type-product","3":"status-publish","4":"has-post-thumbnail","6":"product_brand-erler-zimmer-gmbh-co-kg","7":"product_cat-medicininiai-simuliatoriai","8":"product_cat-modeliai-manekenai-muliazai","9":"product_cat-mokymo-priemones-ir-iranga","10":"product_tag-erler-zimmer-gmbh-co-kg","11":"product_tag-medical-models","12":"product_tag-medical-simulators","13":"product_tag-medicininiai-modeliai","14":"product_tag-medicininiai-simuliatoriai","15":"product_tag-modeliai","16":"product_tag-models","17":"product_tag-simulatoriai","18":"product_tag-simulators","19":"product_tag-vamzdelio-padavimo-simuliatoriai","21":"first","22":"onbackorder","23":"shipping-taxable","24":"purchasable","25":"product-type-simple"},"_links":{"self":[{"href":"https:\/\/labostera.lt\/lv\/wp-json\/wp\/v2\/product\/20667","targetHints":{"allow":["GET"]}}],"collection":[{"href":"https:\/\/labostera.lt\/lv\/wp-json\/wp\/v2\/product"}],"about":[{"href":"https:\/\/labostera.lt\/lv\/wp-json\/wp\/v2\/types\/product"}],"wp:featuredmedia":[{"embeddable":true,"href":"https:\/\/labostera.lt\/lv\/wp-json\/wp\/v2\/media\/20668"}],"wp:attachment":[{"href":"https:\/\/labostera.lt\/lv\/wp-json\/wp\/v2\/media?parent=20667"}],"wp:term":[{"taxonomy":"product_cat","embeddable":true,"href":"https:\/\/labostera.lt\/lv\/wp-json\/wp\/v2\/product_cat?post=20667"},{"taxonomy":"product_tag","embeddable":true,"href":"https:\/\/labostera.lt\/lv\/wp-json\/wp\/v2\/product_tag?post=20667"}],"curies":[{"name":"wp","href":"https:\/\/api.w.org\/{rel}","templated":true}]}}