{"id":20665,"date":"2024-04-15T13:50:26","date_gmt":"2024-04-15T10:50:26","guid":{"rendered":"http:\/\/labostera.lt\/?post_type=product&#038;p=20665"},"modified":"2024-10-18T15:15:40","modified_gmt":"2024-10-18T12:15:40","slug":"tracheostomijos-prieziuros-kruties-ploksteles-simuliatorius-erler-zimmer-simulation-breast-plate-for-tracheotomy-care","status":"publish","type":"product","link":"https:\/\/labostera.lt\/lv\/priemones-ir-iranga\/mokymo-priemones-ir-iranga\/medicininiai-simuliatoriai\/tracheostomijos-prieziuros-kruties-ploksteles-simuliatorius-erler-zimmer-simulation-breast-plate-for-tracheotomy-care\/","title":{"rendered":"Erlera-Zimmera simul\u0101cijas kr\u016b\u0161u pl\u0101ksne traheotomijas apr\u016bpei"},"content":{"rendered":"<h2><strong>Erler-Zimmer GmbH &amp; Co. KG Traheostomijas apr\u016bpes kr\u016b\u0161kurvja pl\u0101ksnes simulators<\/strong>:<\/h2>\n<ul>\n<li>Modelis R66510:<\/li>\n<li>\u0160\u012b kakla pl\u0101ksne ir paredz\u0113ta n\u0113s\u0101\u0161anai k\u0101 kakla siksni\u0146a (piestiprin\u0101ta ap kaklu). T\u0101s galvenais m\u0113r\u0137is ir praktiz\u0113t vingrin\u0101jumus, kas saist\u012bti ar traheostomijas caurules apstr\u0101di un t\u012br\u012b\u0161anu, neatkar\u012bgi no t\u0101, vai tos veic medic\u012bnas speci\u0101listi (medm\u0101sas, apr\u016bpes asistenti utt.) vai pacientu radinieki. Nav paredz\u0113ta caurule. Piez\u012bme: \u0160is modelis nav paredz\u0113ts \u0137irur\u0123iskai praksei.<\/li>\n<\/ul>\n<h3>Traheostomijas apr\u016bpes kr\u016b\u0161kurvja pl\u0101k\u0161\u0146u simulatori \u2013 <a href=\"http:\/\/labostera.lt\/lv\/product-brand\/erler-zimmer-gmbh-co-kg\/\">Erlera-Zimmera anatomijas grupa<\/a><\/h3>\n<p>Vair\u0101k inform\u0101cijas: <a href=\"https:\/\/erler-zimmer.de\/en\/Simulation-breast-plate-for-tracheotomy-care\/R66510\" target=\"_blank\" rel=\"noopener nofollow\">ra\u017eot\u0101ja t\u012bmek\u013ca vietn\u0113<\/a> vai nos\u016btiet mums piepras\u012bjumu!<\/p>","protected":false},"excerpt":{"rendered":"<p>Erlera-Zimmera traheostomijas p\u0101rvald\u012bbas simulators \u2013 modelis, kas paredz\u0113ts traheostomijas pacientu apr\u016bpes proced\u016bru praktiz\u0113\u0161anai.<\/p>","protected":false},"featured_media":20666,"template":"","meta":[],"product_cat":[838,75,79],"product_tag":[692,831,832,829,830,577,690,833,490,986],"class_list":{"0":"post-20665","1":"product","2":"type-product","3":"status-publish","4":"has-post-thumbnail","6":"product_brand-erler-zimmer-gmbh-co-kg","7":"product_cat-medicininiai-simuliatoriai","8":"product_cat-modeliai-manekenai-muliazai","9":"product_cat-mokymo-priemones-ir-iranga","10":"product_tag-erler-zimmer-gmbh-co-kg","11":"product_tag-medical-models","12":"product_tag-medical-simulators","13":"product_tag-medicininiai-modeliai","14":"product_tag-medicininiai-simuliatoriai","15":"product_tag-modeliai","16":"product_tag-models","17":"product_tag-simulatoriai","18":"product_tag-simulators","19":"product_tag-tracheostomijos-prieziuros-kruties-ploksteles-simuliatoriai","21":"first","22":"onbackorder","23":"shipping-taxable","24":"purchasable","25":"product-type-simple"},"_links":{"self":[{"href":"https:\/\/labostera.lt\/lv\/wp-json\/wp\/v2\/product\/20665","targetHints":{"allow":["GET"]}}],"collection":[{"href":"https:\/\/labostera.lt\/lv\/wp-json\/wp\/v2\/product"}],"about":[{"href":"https:\/\/labostera.lt\/lv\/wp-json\/wp\/v2\/types\/product"}],"wp:featuredmedia":[{"embeddable":true,"href":"https:\/\/labostera.lt\/lv\/wp-json\/wp\/v2\/media\/20666"}],"wp:attachment":[{"href":"https:\/\/labostera.lt\/lv\/wp-json\/wp\/v2\/media?parent=20665"}],"wp:term":[{"taxonomy":"product_cat","embeddable":true,"href":"https:\/\/labostera.lt\/lv\/wp-json\/wp\/v2\/product_cat?post=20665"},{"taxonomy":"product_tag","embeddable":true,"href":"https:\/\/labostera.lt\/lv\/wp-json\/wp\/v2\/product_tag?post=20665"}],"curies":[{"name":"wp","href":"https:\/\/api.w.org\/{rel}","templated":true}]}}