{"id":20663,"date":"2024-04-15T13:01:55","date_gmt":"2024-04-15T10:01:55","guid":{"rendered":"http:\/\/labostera.lt\/?post_type=product&#038;p=20663"},"modified":"2024-10-18T15:15:41","modified_gmt":"2024-10-18T12:15:41","slug":"tracheostomijos-valdymo-simuliatorius-erler-zimmer-tracheostomy-management-simulator","status":"publish","type":"product","link":"https:\/\/labostera.lt\/lv\/priemones-ir-iranga\/mokymo-priemones-ir-iranga\/medicininiai-simuliatoriai\/tracheostomijos-valdymo-simuliatorius-erler-zimmer-tracheostomy-management-simulator\/","title":{"rendered":"Traheostomijas \u0101rst\u0113\u0161anas simulators Erlera-Zimmera traheostomijas \u0101rst\u0113\u0161anas simulators"},"content":{"rendered":"<h2><strong>Erler-Zimmer GmbH &amp; Co. KG traheostomijas vad\u012bbas simulators<\/strong>:<\/h2>\n<ul>\n<li>Modelis LM106:<\/li>\n<li>\u0160o modeli var izmantot, lai praktiz\u0113tu traheostomijas pacientu apr\u016bpes proced\u016bras m\u0101su un apr\u016bpes iest\u0101d\u0113s, mainot kanulas vai veicot ats\u016bk\u0161anu caur kanulu. Modeli var sadal\u012bt div\u0101s da\u013c\u0101s, un trahejas da\u013ca ir caursp\u012bd\u012bga, kas \u013cauj ats\u016bk\u0161anas laik\u0101 apstiprin\u0101t kanulas ievieto\u0161anas statusu un ats\u016bk\u0161anas katetra poz\u012bciju kanul\u0101. Turkl\u0101t, pievienojot speci\u0101li paredz\u0113tu kanulu, ventilatoru var darbin\u0101t, pievienojot testa plau\u0161u (simul\u0113tu plau\u0161u) modelim.<\/li>\n<\/ul>\n<h3>Traheostomijas vad\u012bbas simulatori \u2013 <a href=\"http:\/\/labostera.lt\/lv\/product-brand\/erler-zimmer-gmbh-co-kg\/\">Erlera-Zimmera anatomijas grupa<\/a><\/h3>\n<p>Vair\u0101k inform\u0101cijas: <a href=\"https:\/\/erler-zimmer.de\/en\/Tracheostomy-management-simulator\/LM106\" target=\"_blank\" rel=\"noopener nofollow\">ra\u017eot\u0101ja t\u012bmek\u013ca vietn\u0113<\/a> vai nos\u016btiet mums piepras\u012bjumu!<\/p>","protected":false},"excerpt":{"rendered":"<p>Erlera-Zimmera traheostomijas p\u0101rvald\u012bbas simulators \u2013 modelis, kas paredz\u0113ts traheostomijas pacientu apr\u016bpes proced\u016bru praktiz\u0113\u0161anai.<\/p>","protected":false},"featured_media":20664,"template":"","meta":[],"product_cat":[838,75,79],"product_tag":[692,831,832,829,830,577,690,833,490,985],"class_list":{"0":"post-20663","1":"product","2":"type-product","3":"status-publish","4":"has-post-thumbnail","6":"product_brand-erler-zimmer-gmbh-co-kg","7":"product_cat-medicininiai-simuliatoriai","8":"product_cat-modeliai-manekenai-muliazai","9":"product_cat-mokymo-priemones-ir-iranga","10":"product_tag-erler-zimmer-gmbh-co-kg","11":"product_tag-medical-models","12":"product_tag-medical-simulators","13":"product_tag-medicininiai-modeliai","14":"product_tag-medicininiai-simuliatoriai","15":"product_tag-modeliai","16":"product_tag-models","17":"product_tag-simulatoriai","18":"product_tag-simulators","19":"product_tag-tracheostomijos-valdymo-simuliatoriai","21":"first","22":"onbackorder","23":"shipping-taxable","24":"purchasable","25":"product-type-simple"},"_links":{"self":[{"href":"https:\/\/labostera.lt\/lv\/wp-json\/wp\/v2\/product\/20663","targetHints":{"allow":["GET"]}}],"collection":[{"href":"https:\/\/labostera.lt\/lv\/wp-json\/wp\/v2\/product"}],"about":[{"href":"https:\/\/labostera.lt\/lv\/wp-json\/wp\/v2\/types\/product"}],"wp:featuredmedia":[{"embeddable":true,"href":"https:\/\/labostera.lt\/lv\/wp-json\/wp\/v2\/media\/20664"}],"wp:attachment":[{"href":"https:\/\/labostera.lt\/lv\/wp-json\/wp\/v2\/media?parent=20663"}],"wp:term":[{"taxonomy":"product_cat","embeddable":true,"href":"https:\/\/labostera.lt\/lv\/wp-json\/wp\/v2\/product_cat?post=20663"},{"taxonomy":"product_tag","embeddable":true,"href":"https:\/\/labostera.lt\/lv\/wp-json\/wp\/v2\/product_tag?post=20663"}],"curies":[{"name":"wp","href":"https:\/\/api.w.org\/{rel}","templated":true}]}}