{"id":20658,"date":"2024-04-15T11:19:55","date_gmt":"2024-04-15T08:19:55","guid":{"rendered":"http:\/\/labostera.lt\/?post_type=product&#038;p=20658"},"modified":"2024-10-18T15:15:43","modified_gmt":"2024-10-18T12:15:43","slug":"nasogastrines-intubacijos-modelis-erler-zimmer-nasogastric-intubation-model","status":"publish","type":"product","link":"https:\/\/labostera.lt\/lv\/priemones-ir-iranga\/mokymo-priemones-ir-iranga\/modeliai-manekenai-muliazai\/nasogastrines-intubacijos-modelis-erler-zimmer-nasogastric-intubation-model\/","title":{"rendered":"Nazogastrisk\u0101s intub\u0101cijas modelis Erlera-Zimmera nazogastrisk\u0101s intub\u0101cijas modelis"},"content":{"rendered":"<h2><strong>\u201eErler-Zimmer GmbH & Co. KG\u201d nasogastrin\u0117s intubacijos modelis<\/strong>:<\/h2>\n<ul>\n<li>Modelis R10115:<\/li>\n<li>\u0160is izgl\u012btojo\u0161ais modelis par\u0101da deguna, mutes, r\u012bkles, trahejas, bar\u012bbas vada un ku\u0146\u0123a vidusda\u013cu. Plastmasas baro\u0161anas caurules vai katetrus var ievietot caur degunu vai muti bar\u012bbas vad\u0101 un ku\u0146\u0123\u012b. Lai demonstr\u0113tu endotrahe\u0101l\u0101s ats\u016bk\u0161anas iesp\u0113ju, tiek pievienota traheostomija.<\/li>\n<\/ul>\n<h3>Nasogastrin\u0117s intubacijos modeliai \u2013 <a href=\"http:\/\/labostera.lt\/lv\/product-brand\/erler-zimmer-gmbh-co-kg\/\">Erlera-Zimmera anatomijas grupa<\/a><\/h3>\n<p>Vair\u0101k inform\u0101cijas: <a href=\"https:\/\/erler-zimmer.de\/en\/Nasogastric-Intubation-Model\/R10115\" target=\"_blank\" rel=\"noopener nofollow\">ra\u017eot\u0101ja t\u012bmek\u013ca vietn\u0113<\/a> vai nos\u016btiet mums piepras\u012bjumu!<\/p>","protected":false},"excerpt":{"rendered":"<p>Erlera-Zimmera nazogastrisk\u0101s intub\u0101cijas modelis \u2013 apm\u0101c\u012bbas modelis, kas paredz\u0113ts, lai demonstr\u0113tu baro\u0161anas zondes ievieto\u0161anu caur degunu vai muti.<\/p>","protected":false},"featured_media":20662,"template":"","meta":[],"product_cat":[75,79],"product_tag":[692,831,832,829,830,577,690,984,833,490],"class_list":{"0":"post-20658","1":"product","2":"type-product","3":"status-publish","4":"has-post-thumbnail","6":"product_brand-erler-zimmer-gmbh-co-kg","7":"product_cat-modeliai-manekenai-muliazai","8":"product_cat-mokymo-priemones-ir-iranga","9":"product_tag-erler-zimmer-gmbh-co-kg","10":"product_tag-medical-models","11":"product_tag-medical-simulators","12":"product_tag-medicininiai-modeliai","13":"product_tag-medicininiai-simuliatoriai","14":"product_tag-modeliai","15":"product_tag-models","16":"product_tag-nasogastrines-intubacijos-modeliai","17":"product_tag-simulatoriai","18":"product_tag-simulators","20":"first","21":"onbackorder","22":"shipping-taxable","23":"purchasable","24":"product-type-simple"},"_links":{"self":[{"href":"https:\/\/labostera.lt\/lv\/wp-json\/wp\/v2\/product\/20658","targetHints":{"allow":["GET"]}}],"collection":[{"href":"https:\/\/labostera.lt\/lv\/wp-json\/wp\/v2\/product"}],"about":[{"href":"https:\/\/labostera.lt\/lv\/wp-json\/wp\/v2\/types\/product"}],"wp:featuredmedia":[{"embeddable":true,"href":"https:\/\/labostera.lt\/lv\/wp-json\/wp\/v2\/media\/20662"}],"wp:attachment":[{"href":"https:\/\/labostera.lt\/lv\/wp-json\/wp\/v2\/media?parent=20658"}],"wp:term":[{"taxonomy":"product_cat","embeddable":true,"href":"https:\/\/labostera.lt\/lv\/wp-json\/wp\/v2\/product_cat?post=20658"},{"taxonomy":"product_tag","embeddable":true,"href":"https:\/\/labostera.lt\/lv\/wp-json\/wp\/v2\/product_tag?post=20658"}],"curies":[{"name":"wp","href":"https:\/\/api.w.org\/{rel}","templated":true}]}}