{"id":20651,"date":"2024-04-15T10:04:26","date_gmt":"2024-04-15T07:04:26","guid":{"rendered":"http:\/\/labostera.lt\/?post_type=product&#038;p=20651"},"modified":"2024-10-18T15:19:30","modified_gmt":"2024-10-18T12:19:30","slug":"kvepavimo-taku-siurbimo-modelis-erler-zimmer-airway-suction-model","status":"publish","type":"product","link":"https:\/\/labostera.lt\/lv\/priemones-ir-iranga\/mokymo-priemones-ir-iranga\/modeliai-manekenai-muliazai\/kvepavimo-taku-siurbimo-modelis-erler-zimmer-airway-suction-model\/","title":{"rendered":"Erler-Zimmer elpce\u013cu s\u016bk\u0161anas modelis"},"content":{"rendered":"<h2><strong>Erler-Zimmer GmbH &amp; Co. KG elpce\u013cu s\u016bk\u0161anas modelis<\/strong>:<\/h2>\n<ul>\n<li>Modelis LM97:<\/li>\n<li>\u0160is modelis \u013cauj praktiz\u0113t dabiska izm\u0113ra deguna un mutes ats\u016bk\u0161anas tehnikas. Modelis ietver trahejas atv\u0113r\u0161anu zondes ievieto\u0161anai un intrabronhi\u0101las ats\u016bk\u0161anas apm\u0101c\u012bbai. Lai kontrol\u0113tu caurules poz\u012bciju, var no\u0146emt sejas kreiso pusi. Modelim ir m\u0101ksl\u012bgas flegmas, kuras var re\u0101listiski no\u0146emt. Turkl\u0101t modelim ir bar\u012bbas vads, un to var apr\u012bkot ar baro\u0161anas caurul\u0113m ku\u0146\u0123im. Modelis ir \u013coti piem\u0113rots ar\u012b anatomijas m\u0101c\u012b\u0161anai. Komplekt\u0101 ietilpst transport\u0113\u0161anas soma.<\/li>\n<li>Modelis LM97B:<\/li>\n<li>\u0160o modeli var izmantot, lai praktiz\u0113tu ats\u016bk\u0161anas katetru ievieto\u0161anu deguna dobum\u0101, mut\u0113 un traheostomijas viet\u0101, k\u0101 ar\u012b ats\u016bk\u0161anas proced\u016bras, baro\u0161anu caur nazogastr\u0101lo zondi un gastrostomijas apr\u016bpes proced\u016bras, kas ir ikdienas prakse m\u0101su un apr\u016bpes iest\u0101d\u0113s.<\/li>\n<li>Modelis LM97C:<\/li>\n<li>\u0160\u012b ir tikai lampas jaudas komponente, kas paredz\u0113ta lieto\u0161anai ar eso\u0161o LM97 modeli.<\/li>\n<\/ul>\n<h3>Elpce\u013cu ats\u016bk\u0161anas mode\u013ci \u2013 <a href=\"http:\/\/labostera.lt\/lv\/product-brand\/erler-zimmer-gmbh-co-kg\/\">Erlera-Zimmera anatomijas grupa<\/a><\/h3>\n<p>Vair\u0101k inform\u0101cijas: <a href=\"https:\/\/erler-zimmer.de\/en\/Suction-training-model\/LM97\" target=\"_blank\" rel=\"noopener nofollow\">ra\u017eot\u0101ja t\u012bmek\u013ca vietn\u0113<\/a> vai nos\u016btiet mums piepras\u012bjumu!<\/p>","protected":false},"excerpt":{"rendered":"<p>Erlera-Zimmera elpce\u013cu ats\u016bk\u0161anas modelis \u2014 praktiz\u0113jiet dabiska izm\u0113ra deguna un mutes ats\u016bk\u0161anas tehnikas.<\/p>","protected":false},"featured_media":20654,"template":"","meta":[],"product_cat":[75,79],"product_tag":[692,983,831,832,829,830,577,690,833,490],"class_list":{"0":"post-20651","1":"product","2":"type-product","3":"status-publish","4":"has-post-thumbnail","6":"product_brand-erler-zimmer-gmbh-co-kg","7":"product_cat-modeliai-manekenai-muliazai","8":"product_cat-mokymo-priemones-ir-iranga","9":"product_tag-erler-zimmer-gmbh-co-kg","10":"product_tag-kvepavimo-taku-siurbimo-modeliai","11":"product_tag-medical-models","12":"product_tag-medical-simulators","13":"product_tag-medicininiai-modeliai","14":"product_tag-medicininiai-simuliatoriai","15":"product_tag-modeliai","16":"product_tag-models","17":"product_tag-simulatoriai","18":"product_tag-simulators","20":"first","21":"onbackorder","22":"shipping-taxable","23":"purchasable","24":"product-type-variable"},"_links":{"self":[{"href":"https:\/\/labostera.lt\/lv\/wp-json\/wp\/v2\/product\/20651","targetHints":{"allow":["GET"]}}],"collection":[{"href":"https:\/\/labostera.lt\/lv\/wp-json\/wp\/v2\/product"}],"about":[{"href":"https:\/\/labostera.lt\/lv\/wp-json\/wp\/v2\/types\/product"}],"wp:featuredmedia":[{"embeddable":true,"href":"https:\/\/labostera.lt\/lv\/wp-json\/wp\/v2\/media\/20654"}],"wp:attachment":[{"href":"https:\/\/labostera.lt\/lv\/wp-json\/wp\/v2\/media?parent=20651"}],"wp:term":[{"taxonomy":"product_cat","embeddable":true,"href":"https:\/\/labostera.lt\/lv\/wp-json\/wp\/v2\/product_cat?post=20651"},{"taxonomy":"product_tag","embeddable":true,"href":"https:\/\/labostera.lt\/lv\/wp-json\/wp\/v2\/product_tag?post=20651"}],"curies":[{"name":"wp","href":"https:\/\/api.w.org\/{rel}","templated":true}]}}