{"id":20649,"date":"2024-04-15T09:10:58","date_gmt":"2024-04-15T06:10:58","guid":{"rendered":"http:\/\/labostera.lt\/?post_type=product&#038;p=20649"},"modified":"2024-10-18T15:15:46","modified_gmt":"2024-10-18T12:15:46","slug":"kvepavimo-taku-siurbimo-treniruoklis-erler-zimmer-airway-suction-trainer","status":"publish","type":"product","link":"https:\/\/labostera.lt\/lv\/priemones-ir-iranga\/mokymo-priemones-ir-iranga\/modeliai-manekenai-muliazai\/kvepavimo-taku-siurbimo-treniruoklis-erler-zimmer-airway-suction-trainer\/","title":{"rendered":"Erler-Zimmer elpce\u013cu s\u016bk\u0161anas trena\u017eieris"},"content":{"rendered":"<h2><strong>Erler-Zimmer GmbH &amp; Co. KG Airway Suction Trainer<\/strong>:<\/h2>\n<ul>\n<li>Modelis R16662:<\/li>\n<li>\u0160\u012b ir dz\u012bv\u012bga cilv\u0113ka elpo\u0161anas sist\u0113mas imit\u0101cija, kas paredz\u0113ta \u012bslaic\u012bgai elpce\u013cu ats\u016bk\u0161anai un katetra ievieto\u0161anai.<\/li>\n<li>\u013boti efekt\u012bvs instruments ar re\u0101listisku taustes funkciju elpce\u013cu ats\u016bk\u0161anas praktiz\u0113\u0161anai.<\/li>\n<li>Re\u0101listiska anatomija, tostarp mute, m\u0113le, r\u012bkle, traheja un bar\u012bbas vads.<\/li>\n<li>Katetra ievieto\u0161anas veidi var b\u016bt or\u0101li, degun\u0101 vai caur traheostomijas atveri.<\/li>\n<li>Dz\u012bvie org\u0101ni atvieglo pareiza katetra ievieto\u0161anas garuma apg\u016b\u0161anu.<\/li>\n<li>S\u0101nu logs \u013cauj uzraudz\u012bt katetra gaitu.<\/li>\n<li>Re\u0101listiski simul\u0113tas kr\u0113pas piel\u012bp elpce\u013ciem.<\/li>\n<\/ul>\n<h3>Elpce\u013cu ats\u016bk\u0161anas simulatori \u2013 <a href=\"http:\/\/labostera.lt\/lv\/product-brand\/erler-zimmer-gmbh-co-kg\/\">Erlera-Zimmera anatomijas grupa<\/a><\/h3>\n<p>Vair\u0101k inform\u0101cijas: <a href=\"https:\/\/erler-zimmer.de\/en\/Airway-Suction-Trainer\/R16662\" target=\"_blank\" rel=\"noopener nofollow\">ra\u017eot\u0101ja t\u012bmek\u013ca vietn\u0113<\/a> vai nos\u016btiet mums piepras\u012bjumu!<\/p>","protected":false},"excerpt":{"rendered":"<p>Erler-Zimmer elpo\u0161anas s\u016bk\u0161anas trena\u017eieris \u2013 re\u0101listiska cilv\u0113ka elpo\u0161anas sist\u0113mas simul\u0101cija.<\/p>","protected":false},"featured_media":20650,"template":"","meta":[],"product_cat":[75,79],"product_tag":[692,982,831,832,829,830,577,690,833,490],"class_list":{"0":"post-20649","1":"product","2":"type-product","3":"status-publish","4":"has-post-thumbnail","6":"product_brand-erler-zimmer-gmbh-co-kg","7":"product_cat-modeliai-manekenai-muliazai","8":"product_cat-mokymo-priemones-ir-iranga","9":"product_tag-erler-zimmer-gmbh-co-kg","10":"product_tag-kvepavimo-taku-siurbimo-treniruokliai","11":"product_tag-medical-models","12":"product_tag-medical-simulators","13":"product_tag-medicininiai-modeliai","14":"product_tag-medicininiai-simuliatoriai","15":"product_tag-modeliai","16":"product_tag-models","17":"product_tag-simulatoriai","18":"product_tag-simulators","20":"first","21":"onbackorder","22":"shipping-taxable","23":"purchasable","24":"product-type-simple"},"_links":{"self":[{"href":"https:\/\/labostera.lt\/lv\/wp-json\/wp\/v2\/product\/20649","targetHints":{"allow":["GET"]}}],"collection":[{"href":"https:\/\/labostera.lt\/lv\/wp-json\/wp\/v2\/product"}],"about":[{"href":"https:\/\/labostera.lt\/lv\/wp-json\/wp\/v2\/types\/product"}],"wp:featuredmedia":[{"embeddable":true,"href":"https:\/\/labostera.lt\/lv\/wp-json\/wp\/v2\/media\/20650"}],"wp:attachment":[{"href":"https:\/\/labostera.lt\/lv\/wp-json\/wp\/v2\/media?parent=20649"}],"wp:term":[{"taxonomy":"product_cat","embeddable":true,"href":"https:\/\/labostera.lt\/lv\/wp-json\/wp\/v2\/product_cat?post=20649"},{"taxonomy":"product_tag","embeddable":true,"href":"https:\/\/labostera.lt\/lv\/wp-json\/wp\/v2\/product_tag?post=20649"}],"curies":[{"name":"wp","href":"https:\/\/api.w.org\/{rel}","templated":true}]}}