{"id":20647,"date":"2024-04-12T16:25:23","date_gmt":"2024-04-12T13:25:23","guid":{"rendered":"http:\/\/labostera.lt\/?post_type=product&#038;p=20647"},"modified":"2024-10-18T15:15:47","modified_gmt":"2024-10-18T12:15:47","slug":"nasogastrinio-vamzdelio-ir-trachejos-igudziu-simuliatorius-erler-zimmer-nasogastric-tube-trach-skills-simulator","status":"publish","type":"product","link":"https:\/\/labostera.lt\/lv\/priemones-ir-iranga\/mokymo-priemones-ir-iranga\/medicininiai-simuliatoriai\/nasogastrinio-vamzdelio-ir-trachejos-igudziu-simuliatorius-erler-zimmer-nasogastric-tube-trach-skills-simulator\/","title":{"rendered":"Nazogastrisk\u0101s zondes un trahejas prasmju simulators Erlera-Zimmera nazogastrisk\u0101s zondes un trahejas prasmju simulators"},"content":{"rendered":"<h2><strong>Erler-Zimmer GmbH &amp; Co. KG nazogastrisk\u0101s zondes un trahejas prasmju simulators<\/strong>:<\/h2>\n<ul>\n<li>Modelis R11006:<\/li>\n<li>Simulators ir paredz\u0113ts apm\u0101c\u012bbai, praksei un prasmju apguvei trahejas proced\u016br\u0101s un pacientu ar elpce\u013cu slim\u012bb\u0101m apr\u016bp\u0113.<\/li>\n<li>Var izmantot nor\u0101d\u012bjumiem par zarnu iztuk\u0161o\u0161anos caur degunu un muti.<\/li>\n<li>Jaunizveidots galvas un \u0137erme\u0146a modelis ar re\u0101listiskiem mar\u0137\u0113jumiem, traheju, bar\u012bbas vadu, plau\u0161\u0101m un ku\u0146\u0123i.<\/li>\n<li>Metilcelulozes un \u016bdens mais\u012bjumu var sajaukt, lai imit\u0113tu re\u0101la pacienta g\u013cot\u0101m l\u012bdz\u012bgus \u0161\u0137idrumus.<\/li>\n<\/ul>\n<h3>Nazogastrisk\u0101s zondes un trahejas prasmju simulatori \u2013 <a href=\"http:\/\/labostera.lt\/lv\/product-brand\/erler-zimmer-gmbh-co-kg\/\">Erlera-Zimmera anatomijas grupa<\/a><\/h3>\n<p>Vair\u0101k inform\u0101cijas: <a href=\"https:\/\/erler-zimmer.de\/en\/NG-Tube-Trach-Skills-Simulator\/R11006\" target=\"_blank\" rel=\"noopener nofollow\">ra\u017eot\u0101ja t\u012bmek\u013ca vietn\u0113<\/a> vai nos\u016btiet mums piepras\u012bjumu!<\/p>","protected":false},"excerpt":{"rendered":"<p>Erlera-Zimmera nazogastrisk\u0101s zondes un trahejas prasmju simulators \u2013 apm\u0101c\u012bba trahejas proced\u016br\u0101m un elpo\u0161anas apr\u016bpei.<\/p>","protected":false},"featured_media":20648,"template":"","meta":[],"product_cat":[838,75,79],"product_tag":[692,831,832,829,830,577,690,981,833,490],"class_list":{"0":"post-20647","1":"product","2":"type-product","3":"status-publish","4":"has-post-thumbnail","6":"product_brand-erler-zimmer-gmbh-co-kg","7":"product_cat-medicininiai-simuliatoriai","8":"product_cat-modeliai-manekenai-muliazai","9":"product_cat-mokymo-priemones-ir-iranga","10":"product_tag-erler-zimmer-gmbh-co-kg","11":"product_tag-medical-models","12":"product_tag-medical-simulators","13":"product_tag-medicininiai-modeliai","14":"product_tag-medicininiai-simuliatoriai","15":"product_tag-modeliai","16":"product_tag-models","17":"product_tag-nasogastrinio-vamzdelio-ir-trachejos-igudziu-simuliatoriai","18":"product_tag-simulatoriai","19":"product_tag-simulators","21":"first","22":"onbackorder","23":"shipping-taxable","24":"purchasable","25":"product-type-simple"},"_links":{"self":[{"href":"https:\/\/labostera.lt\/lv\/wp-json\/wp\/v2\/product\/20647","targetHints":{"allow":["GET"]}}],"collection":[{"href":"https:\/\/labostera.lt\/lv\/wp-json\/wp\/v2\/product"}],"about":[{"href":"https:\/\/labostera.lt\/lv\/wp-json\/wp\/v2\/types\/product"}],"wp:featuredmedia":[{"embeddable":true,"href":"https:\/\/labostera.lt\/lv\/wp-json\/wp\/v2\/media\/20648"}],"wp:attachment":[{"href":"https:\/\/labostera.lt\/lv\/wp-json\/wp\/v2\/media?parent=20647"}],"wp:term":[{"taxonomy":"product_cat","embeddable":true,"href":"https:\/\/labostera.lt\/lv\/wp-json\/wp\/v2\/product_cat?post=20647"},{"taxonomy":"product_tag","embeddable":true,"href":"https:\/\/labostera.lt\/lv\/wp-json\/wp\/v2\/product_tag?post=20647"}],"curies":[{"name":"wp","href":"https:\/\/api.w.org\/{rel}","templated":true}]}}