{"id":20640,"date":"2024-04-12T13:52:54","date_gmt":"2024-04-12T10:52:54","guid":{"rendered":"http:\/\/labostera.lt\/?post_type=product&#038;p=20640"},"modified":"2024-10-18T15:15:51","modified_gmt":"2024-10-18T12:15:51","slug":"nosiarykles-tepineliu-paemimo-simuliatorius-erler-zimmer-nasopharyngeal-swab-collection-simulator","status":"publish","type":"product","link":"https:\/\/labostera.lt\/lv\/priemones-ir-iranga\/mokymo-priemones-ir-iranga\/medicininiai-simuliatoriai\/nosiarykles-tepineliu-paemimo-simuliatorius-erler-zimmer-nasopharyngeal-swab-collection-simulator\/","title":{"rendered":"Erlera-Zimmera nazofaring\u0101l\u0101s uztriepes sav\u0101k\u0161anas simulators"},"content":{"rendered":"<h2><strong>Erler-Zimmer GmbH &amp; Co. KG nazofaring\u0101lo uztriepju sav\u0101k\u0161anas simulators<\/strong>:<\/h2>\n<ul>\n<li>Modelis R16030:<\/li>\n<li>\u0160is apm\u0101c\u012bbas modelis \u013cauj apg\u016bt un praktiz\u0113t pareizu uztriepes \u0146em\u0161anas metodi no deguna un r\u012bkles zonas.<\/li>\n<li>Apm\u0101c\u012bbas modelis pied\u0101v\u0101 divas da\u017e\u0101das anatomiskas formas kreisajai un labajai deguna puslodei, k\u0101 ar\u012b kr\u0101sainu atgriezenisko saiti, ja ir sasniegta pareiza uztriepes atra\u0161an\u0101s vieta degun\u0101.<\/li>\n<li>Modeli var izmantot ar\u012b, lai iem\u0101c\u012btos lietot m\u0113les dzinekli kop\u0101 ar uztriepi.<\/li>\n<li>Produktam ir pievienots galvas un kakla \u0161\u0137\u0113rsgriezums pareizai apm\u0101c\u012bbai un lab\u0101kai tehnikas skaidro\u0161anai.<\/li>\n<\/ul>\n<h3>Nazofaring\u0101lu uztriepju sav\u0101k\u0161anas simulatori \u2013 <a href=\"http:\/\/labostera.lt\/lv\/product-brand\/erler-zimmer-gmbh-co-kg\/\">Erlera-Zimmera anatomijas grupa<\/a><\/h3>\n<p>Vair\u0101k inform\u0101cijas: <a href=\"https:\/\/erler-zimmer.de\/en\/Nasopharyngeal-swab-collection-simulator\/R16030\" target=\"_blank\" rel=\"noopener nofollow\">ra\u017eot\u0101ja t\u012bmek\u013ca vietn\u0113<\/a> vai nos\u016btiet mums piepras\u012bjumu!<\/p>","protected":false},"excerpt":{"rendered":"<p>Erler-Zimmer nazofaring\u0101las uztriepes sav\u0101k\u0161anas simulators \u2013 apm\u0101c\u012bbas modelis \u013cauj praktiz\u0113t pareizu uztriepes sav\u0101k\u0161anu deguna un r\u012bkles rajon\u0101.<\/p>","protected":false},"featured_media":20642,"template":"","meta":[],"product_cat":[838,75,79],"product_tag":[692,831,832,829,830,577,690,978,833,490],"class_list":{"0":"post-20640","1":"product","2":"type-product","3":"status-publish","4":"has-post-thumbnail","6":"product_brand-erler-zimmer-gmbh-co-kg","7":"product_cat-medicininiai-simuliatoriai","8":"product_cat-modeliai-manekenai-muliazai","9":"product_cat-mokymo-priemones-ir-iranga","10":"product_tag-erler-zimmer-gmbh-co-kg","11":"product_tag-medical-models","12":"product_tag-medical-simulators","13":"product_tag-medicininiai-modeliai","14":"product_tag-medicininiai-simuliatoriai","15":"product_tag-modeliai","16":"product_tag-models","17":"product_tag-nosiarykles-tepineliu-paemimo-simuliatoriai","18":"product_tag-simulatoriai","19":"product_tag-simulators","21":"first","22":"onbackorder","23":"shipping-taxable","24":"purchasable","25":"product-type-simple"},"_links":{"self":[{"href":"https:\/\/labostera.lt\/lv\/wp-json\/wp\/v2\/product\/20640","targetHints":{"allow":["GET"]}}],"collection":[{"href":"https:\/\/labostera.lt\/lv\/wp-json\/wp\/v2\/product"}],"about":[{"href":"https:\/\/labostera.lt\/lv\/wp-json\/wp\/v2\/types\/product"}],"wp:featuredmedia":[{"embeddable":true,"href":"https:\/\/labostera.lt\/lv\/wp-json\/wp\/v2\/media\/20642"}],"wp:attachment":[{"href":"https:\/\/labostera.lt\/lv\/wp-json\/wp\/v2\/media?parent=20640"}],"wp:term":[{"taxonomy":"product_cat","embeddable":true,"href":"https:\/\/labostera.lt\/lv\/wp-json\/wp\/v2\/product_cat?post=20640"},{"taxonomy":"product_tag","embeddable":true,"href":"https:\/\/labostera.lt\/lv\/wp-json\/wp\/v2\/product_tag?post=20640"}],"curies":[{"name":"wp","href":"https:\/\/api.w.org\/{rel}","templated":true}]}}