{"id":20638,"date":"2024-04-12T13:02:03","date_gmt":"2024-04-12T10:02:03","guid":{"rendered":"http:\/\/labostera.lt\/?post_type=product&#038;p=20638"},"modified":"2024-10-18T15:15:52","modified_gmt":"2024-10-18T12:15:52","slug":"pazangus-burnos-prieziuros-simuliatorius-erler-zimmer-advanced-oral-care-simulator","status":"publish","type":"product","link":"https:\/\/labostera.lt\/lv\/priemones-ir-iranga\/mokymo-priemones-ir-iranga\/medicininiai-simuliatoriai\/pazangus-burnos-prieziuros-simuliatorius-erler-zimmer-advanced-oral-care-simulator\/","title":{"rendered":"Erler-Zimmer padzi\u013cin\u0101tas mutes dobuma kop\u0161anas simulators padzi\u013cin\u0101tas mutes dobuma kop\u0161anas simulators"},"content":{"rendered":"<h2><strong>\u201eErler-Zimmer GmbH &amp; Co. KG uzlabots mutes dobuma kop\u0161anas simulators<\/strong>:<\/h2>\n<ul>\n<li>Modelis R16229:<\/li>\n<li>\u0160is simulators ar re\u0101listisku mutes dobuma un prot\u0113zes att\u0113lojumu ar zobu slim\u012bb\u0101m nodro\u0161ina mutes dobuma kop\u0161anas apm\u0101c\u012bbu, kas ir tuva kl\u012bniskajai praksei.<\/li>\n<li>Funkcijas:<\/li>\n<li>\n<ul>\n<li>Zobu prot\u0113zes ar zobu slim\u012bb\u0101m nodro\u0161ina apm\u0101c\u012bbu mutes dobuma nov\u0113rt\u0113\u0161an\u0101 un apr\u016bp\u0113.<\/li>\n<li>Pacienta st\u0101vokli un poz\u012bcijas var viegli noteikt.<\/li>\n<li>Simulators \u013cauj apg\u016bt re\u0101listisku mutes dobuma t\u012br\u012b\u0161anas proced\u016bru, izmantojot simul\u0113tus atlikumus.<\/li>\n<li>Simulators \u013cauj tren\u0113ties gan ar \u016bdeni, gan s\u016bkn\u0113jot.<\/li>\n<\/ul>\n<\/li>\n<li>M\u0101c\u012b\u0161anas prasmes:<\/li>\n<li>\n<ul>\n<li>Izpratne par elpce\u013cu ats\u016bk\u0161anu.<\/li>\n<\/ul>\n<\/li>\n<li>Mutes dobuma anatomija un zobu probl\u0113mas:<\/li>\n<li>\n<ul>\n<li>Smaganu recesija.<\/li>\n<\/ul>\n<\/li>\n<li>Pacienta st\u0101voklis:<\/li>\n<li>\n<ul>\n<li>Bez zobiem.<\/li>\n<\/ul>\n<\/li>\n<li>Pacienta poz\u012bcijas:<\/li>\n<li>\n<ul>\n<li>Puss\u0113dus poz\u012bcija.<\/li>\n<\/ul>\n<\/li>\n<\/ul>\n<h3>Uzlaboti mutes dobuma kop\u0161anas simulatori \u2013 <a href=\"http:\/\/labostera.lt\/lv\/product-brand\/erler-zimmer-gmbh-co-kg\/\">Erlera-Zimmera anatomijas grupa<\/a><\/h3>\n<p>Vair\u0101k inform\u0101cijas: <a href=\"https:\/\/erler-zimmer.de\/en\/Advanced-Oral-Care-Simulator\/R16229\" target=\"_blank\" rel=\"noopener nofollow\">ra\u017eot\u0101ja t\u012bmek\u013ca vietn\u0113<\/a> vai nos\u016btiet mums piepras\u012bjumu!<\/p>","protected":false},"excerpt":{"rendered":"<p>Erler-Zimmer mutes dobuma kop\u0161anas simulators \u2014 apm\u0101c\u012bbas r\u012bks ar re\u0101listisku mutes dobuma ainu un prot\u0113zi, kas paredz\u0113ts da\u017e\u0101du mutes dobuma kop\u0161anas proced\u016bru un prasmju apguvei.<\/p>","protected":false},"featured_media":20639,"template":"","meta":[],"product_cat":[838,75,79],"product_tag":[692,831,832,829,830,577,690,977,833,490],"class_list":{"0":"post-20638","1":"product","2":"type-product","3":"status-publish","4":"has-post-thumbnail","6":"product_brand-erler-zimmer-gmbh-co-kg","7":"product_cat-medicininiai-simuliatoriai","8":"product_cat-modeliai-manekenai-muliazai","9":"product_cat-mokymo-priemones-ir-iranga","10":"product_tag-erler-zimmer-gmbh-co-kg","11":"product_tag-medical-models","12":"product_tag-medical-simulators","13":"product_tag-medicininiai-modeliai","14":"product_tag-medicininiai-simuliatoriai","15":"product_tag-modeliai","16":"product_tag-models","17":"product_tag-pazangus-burnos-prieziuros-simuliatoriai","18":"product_tag-simulatoriai","19":"product_tag-simulators","21":"first","22":"onbackorder","23":"shipping-taxable","24":"purchasable","25":"product-type-simple"},"_links":{"self":[{"href":"https:\/\/labostera.lt\/lv\/wp-json\/wp\/v2\/product\/20638","targetHints":{"allow":["GET"]}}],"collection":[{"href":"https:\/\/labostera.lt\/lv\/wp-json\/wp\/v2\/product"}],"about":[{"href":"https:\/\/labostera.lt\/lv\/wp-json\/wp\/v2\/types\/product"}],"wp:featuredmedia":[{"embeddable":true,"href":"https:\/\/labostera.lt\/lv\/wp-json\/wp\/v2\/media\/20639"}],"wp:attachment":[{"href":"https:\/\/labostera.lt\/lv\/wp-json\/wp\/v2\/media?parent=20638"}],"wp:term":[{"taxonomy":"product_cat","embeddable":true,"href":"https:\/\/labostera.lt\/lv\/wp-json\/wp\/v2\/product_cat?post=20638"},{"taxonomy":"product_tag","embeddable":true,"href":"https:\/\/labostera.lt\/lv\/wp-json\/wp\/v2\/product_tag?post=20638"}],"curies":[{"name":"wp","href":"https:\/\/api.w.org\/{rel}","templated":true}]}}