{"id":20636,"date":"2024-04-12T11:38:49","date_gmt":"2024-04-12T08:38:49","guid":{"rendered":"http:\/\/labostera.lt\/?post_type=product&#038;p=20636"},"modified":"2024-10-18T15:15:53","modified_gmt":"2024-10-18T12:15:53","slug":"pazangus-injekcinio-pilvo-modelis-erler-zimmer-advance-injection-belly-model","status":"publish","type":"product","link":"https:\/\/labostera.lt\/lv\/priemones-ir-iranga\/mokymo-priemones-ir-iranga\/modeliai-manekenai-muliazai\/pazangus-injekcinio-pilvo-modelis-erler-zimmer-advance-injection-belly-model\/","title":{"rendered":"Erlera-Zimmera uzlabot\u0101s injekcijas v\u0113dera modelis"},"content":{"rendered":"<h2><strong>Erler-Zimmer GmbH &amp; Co. KG uzlabots injekcijas v\u0113dera modelis<\/strong>:<\/h2>\n<ul>\n<li>Modelis R11101:<\/li>\n<li>\u0160is m\u012bkstais v\u0113dera modelis ir nenov\u0113rt\u0113jams instruments, lai demonstr\u0113tu, k\u0101 pareizi ievietot un iestat\u012bt insul\u012bna s\u016bk\u0146a inf\u016bzijas komplektu, izvairoties no 5 cm zonas ap nabu, k\u0101 ar\u012b veikt da\u017e\u0101das pa\u0161injekcijas (tostarp z\u012bmu\u013ca tipa injekcijas).<\/li>\n<li>L\u012bdz\u012bgs injic\u0113jamajam v\u0113dera modelim, bet izgatavots no materi\u0101la, kas rada re\u0101listisk\u0101ku saj\u016btu.<\/li>\n<li>Treni\u0146u pal\u012bgl\u012bdzeklim ir re\u0101listiska \u0101da un tas j\u016btas k\u0101 \u012bsti v\u0113dera audi, k\u0101 ar\u012b tam ir iesp\u0113ja satvert \u0101du. Pamatne ne\u013cauj adat\u0101m iek\u013c\u016bt.<\/li>\n<li>Regul\u0113jamas siksnas \u013cauj piestiprin\u0101t v\u0113deru pie manekena vai cilv\u0113ka pacienta simul\u0101cijas praksei.<\/li>\n<li>M\u012bkstu materi\u0101lu var sav\u0101kt daudzas reizes bez redzamiem caurumiem. Ieteicams izsl\u0113gt \u0161\u0137idruma injekcijas.<\/li>\n<\/ul>\n<h3>Uzlaboti injic\u0113jamu v\u0113dera plastisk\u0101s oper\u0101cijas mode\u013ci \u2013 <a href=\"http:\/\/labostera.lt\/lv\/product-brand\/erler-zimmer-gmbh-co-kg\/\">Erlera-Zimmera anatomijas grupa<\/a><\/h3>\n<p>Vair\u0101k inform\u0101cijas: <a href=\"https:\/\/erler-zimmer.de\/en\/Advanced-Injection-Belly\/R11101\" target=\"_blank\" rel=\"noopener nofollow\">ra\u017eot\u0101ja t\u012bmek\u013ca vietn\u0113<\/a> vai nos\u016btiet mums piepras\u012bjumu!<\/p>","protected":false},"excerpt":{"rendered":"<p>Erlera-Zimmera uzlabotais injekcijas v\u0113dera modelis \u2013 nenov\u0113rt\u0113jams r\u012bks insul\u012bna s\u016bk\u0146u inf\u016bzijas komplekta ievieto\u0161anas un izveides apm\u0101c\u012bbai, kas sniedz re\u0101listisku saj\u016btu.<\/p>","protected":false},"featured_media":20637,"template":"","meta":[],"product_cat":[75,79],"product_tag":[692,976,831,832,829,830,577,690,833,490],"class_list":{"0":"post-20636","1":"product","2":"type-product","3":"status-publish","4":"has-post-thumbnail","6":"product_brand-erler-zimmer-gmbh-co-kg","7":"product_cat-modeliai-manekenai-muliazai","8":"product_cat-mokymo-priemones-ir-iranga","9":"product_tag-erler-zimmer-gmbh-co-kg","10":"product_tag-injekcinio-pilvo-modeliai","11":"product_tag-medical-models","12":"product_tag-medical-simulators","13":"product_tag-medicininiai-modeliai","14":"product_tag-medicininiai-simuliatoriai","15":"product_tag-modeliai","16":"product_tag-models","17":"product_tag-simulatoriai","18":"product_tag-simulators","20":"first","21":"onbackorder","22":"shipping-taxable","23":"purchasable","24":"product-type-simple"},"_links":{"self":[{"href":"https:\/\/labostera.lt\/lv\/wp-json\/wp\/v2\/product\/20636","targetHints":{"allow":["GET"]}}],"collection":[{"href":"https:\/\/labostera.lt\/lv\/wp-json\/wp\/v2\/product"}],"about":[{"href":"https:\/\/labostera.lt\/lv\/wp-json\/wp\/v2\/types\/product"}],"wp:featuredmedia":[{"embeddable":true,"href":"https:\/\/labostera.lt\/lv\/wp-json\/wp\/v2\/media\/20637"}],"wp:attachment":[{"href":"https:\/\/labostera.lt\/lv\/wp-json\/wp\/v2\/media?parent=20636"}],"wp:term":[{"taxonomy":"product_cat","embeddable":true,"href":"https:\/\/labostera.lt\/lv\/wp-json\/wp\/v2\/product_cat?post=20636"},{"taxonomy":"product_tag","embeddable":true,"href":"https:\/\/labostera.lt\/lv\/wp-json\/wp\/v2\/product_tag?post=20636"}],"curies":[{"name":"wp","href":"https:\/\/api.w.org\/{rel}","templated":true}]}}