{"id":20634,"date":"2024-04-12T10:43:26","date_gmt":"2024-04-12T07:43:26","guid":{"rendered":"http:\/\/labostera.lt\/?post_type=product&#038;p=20634"},"modified":"2024-10-18T15:15:54","modified_gmt":"2024-10-18T12:15:54","slug":"injekcinio-pilvo-modelis-erler-zimmer-injection-belly-model","status":"publish","type":"product","link":"https:\/\/labostera.lt\/lv\/priemones-ir-iranga\/mokymo-priemones-ir-iranga\/modeliai-manekenai-muliazai\/injekcinio-pilvo-modelis-erler-zimmer-injection-belly-model\/","title":{"rendered":"Erlera-Zimmera injekcijas v\u0113dera modelis"},"content":{"rendered":"<h2><strong>Erler-Zimmer GmbH &amp; Co. KG injekcijas v\u0113dera modelis<\/strong>:<\/h2>\n<ul>\n<li>Modelis R11100:<\/li>\n<li>\u0160is m\u012bkstais v\u0113dera modelis b\u016bs nenov\u0113rt\u0113jams instruments, lai iem\u0101c\u012btu pacientiem pareizi ievietot un iestat\u012bt insul\u012bna s\u016bk\u0146u inf\u016bzijas komplektu, izvairoties no 5 cm zonas ap nabu, k\u0101 ar\u012b veikt pa\u0161injekcijas, izmantojot da\u017e\u0101das metodes, tostarp z\u012bmu\u013ca tipa injekcijas.<\/li>\n<li>Treni\u0146u pal\u012bgl\u012bdzeklim ir re\u0101listiska \u0101da un tas j\u016btas k\u0101 \u012bsti v\u0113dera audi.<\/li>\n<li>Ir m\u012bksta plastmasas pamatne, kas nov\u0113r\u0161 adatu caurdur\u0161anu, un atveres, kas \u013cauj materi\u0101lam elpot un iz\u017e\u016bt, ja v\u0113laties injic\u0113t \u0161\u0137idrumus.<\/li>\n<li>Var lietot tikai ar destil\u0113tu \u016bdeni, jo \u016bdeni injic\u0113jo\u0161am \u0161\u0137idrumam \u017e\u016b\u0161ana prasa ilg\u0101ku laiku.<\/li>\n<li>Nelietojiet \u012bstu insul\u012bnu vai citas z\u0101les, jo t\u0101s var saboj\u0101t materi\u0101lu.<\/li>\n<li>Pal\u012bginjekcijas v\u0113ders tiek uzskat\u012bts par vienreizlietojamu, ta\u010du pareiza kop\u0161ana un apstr\u0101de \u013caus to lietot ilgsto\u0161i.<\/li>\n<\/ul>\n<h3>Injekcijas v\u0113dera mode\u013ci \u2013 <a href=\"http:\/\/labostera.lt\/lv\/product-brand\/erler-zimmer-gmbh-co-kg\/\">Erlera-Zimmera anatomijas grupa<\/a><\/h3>\n<p>Vair\u0101k inform\u0101cijas: <a href=\"https:\/\/erler-zimmer.de\/en\/Injection-Belly\/R11100\" target=\"_blank\" rel=\"noopener nofollow\">ra\u017eot\u0101ja t\u012bmek\u013ca vietn\u0113<\/a> vai nos\u016btiet mums piepras\u012bjumu!<\/p>","protected":false},"excerpt":{"rendered":"<p>Erlera-Zimmera injekcijas v\u0113dera modelis \u2013 lielisks instruments pacientu apm\u0101c\u012bbai par injekcij\u0101m, izmantojot \u012bstu \u0101du un pamatni, kas nodro\u0161ina dro\u0161u apm\u0101c\u012bbu.<\/p>","protected":false},"featured_media":20635,"template":"","meta":[],"product_cat":[75,79],"product_tag":[692,976,831,832,829,830,577,690,833,490],"class_list":{"0":"post-20634","1":"product","2":"type-product","3":"status-publish","4":"has-post-thumbnail","6":"product_brand-erler-zimmer-gmbh-co-kg","7":"product_cat-modeliai-manekenai-muliazai","8":"product_cat-mokymo-priemones-ir-iranga","9":"product_tag-erler-zimmer-gmbh-co-kg","10":"product_tag-injekcinio-pilvo-modeliai","11":"product_tag-medical-models","12":"product_tag-medical-simulators","13":"product_tag-medicininiai-modeliai","14":"product_tag-medicininiai-simuliatoriai","15":"product_tag-modeliai","16":"product_tag-models","17":"product_tag-simulatoriai","18":"product_tag-simulators","20":"first","21":"onbackorder","22":"shipping-taxable","23":"purchasable","24":"product-type-simple"},"_links":{"self":[{"href":"https:\/\/labostera.lt\/lv\/wp-json\/wp\/v2\/product\/20634","targetHints":{"allow":["GET"]}}],"collection":[{"href":"https:\/\/labostera.lt\/lv\/wp-json\/wp\/v2\/product"}],"about":[{"href":"https:\/\/labostera.lt\/lv\/wp-json\/wp\/v2\/types\/product"}],"wp:featuredmedia":[{"embeddable":true,"href":"https:\/\/labostera.lt\/lv\/wp-json\/wp\/v2\/media\/20635"}],"wp:attachment":[{"href":"https:\/\/labostera.lt\/lv\/wp-json\/wp\/v2\/media?parent=20634"}],"wp:term":[{"taxonomy":"product_cat","embeddable":true,"href":"https:\/\/labostera.lt\/lv\/wp-json\/wp\/v2\/product_cat?post=20634"},{"taxonomy":"product_tag","embeddable":true,"href":"https:\/\/labostera.lt\/lv\/wp-json\/wp\/v2\/product_tag?post=20634"}],"curies":[{"name":"wp","href":"https:\/\/api.w.org\/{rel}","templated":true}]}}