{"id":20632,"date":"2024-04-12T09:54:16","date_gmt":"2024-04-12T06:54:16","guid":{"rendered":"http:\/\/labostera.lt\/?post_type=product&#038;p=20632"},"modified":"2024-10-18T15:15:55","modified_gmt":"2024-10-18T12:15:55","slug":"diabeto-injekcinis-padas-erler-zimmer-diabetic-injection-pad","status":"publish","type":"product","link":"https:\/\/labostera.lt\/lv\/priemones-ir-iranga\/mokymo-priemones-ir-iranga\/modeliai-manekenai-muliazai\/diabeto-injekcinis-padas-erler-zimmer-diabetic-injection-pad\/","title":{"rendered":"Erler-Zimmer diab\u0113ta injekciju spilventi\u0146\u0161"},"content":{"rendered":"<h2><strong>Erler-Zimmer GmbH &amp; Co. KG diab\u0113ta injekciju spilventi\u0146\u0161<\/strong>:<\/h2>\n<ul>\n<li>Modelis R10010:<\/li>\n<li>Piem\u0113rots diab\u0113ta apm\u0101c\u012bbai un injekciju praktiz\u0113\u0161anai.<\/li>\n<li>Var n\u0113s\u0101t uz noteikt\u0101m \u0137erme\u0146a zon\u0101m, \u013caujot pacientiem injic\u0113t \u0161\u0137idrumus un praktiz\u0113t injekcijas.<\/li>\n<li>Zole ir pietiekami bieza, lai taj\u0101 var\u0113tu ievietot visas insul\u012bna tipa adatas.<\/li>\n<li>Lai nodro\u0161in\u0101tu vienm\u0113r\u012bgu lieto\u0161anu, ov\u0101las formas zolei ir cieta plastmasas pamatne, kas nov\u0113r\u0161 adatas caurdur\u0161anu.<\/li>\n<\/ul>\n<h3>Diab\u0113ta injekciju zol\u012btes \u2013 <a href=\"http:\/\/labostera.lt\/lv\/product-brand\/erler-zimmer-gmbh-co-kg\/\">Erlera-Zimmera anatomijas grupa<\/a><\/h3>\n<p>Vair\u0101k inform\u0101cijas: <a href=\"https:\/\/erler-zimmer.de\/en\/Diabetic-injection-pad\/R10010\" target=\"_blank\" rel=\"noopener nofollow\">ra\u017eot\u0101ja t\u012bmek\u013ca vietn\u0113<\/a> vai nos\u016btiet mums piepras\u012bjumu!<\/p>","protected":false},"excerpt":{"rendered":"<p>Erler-Zimmer Advanced Diabetes injekciju spilventi\u0146\u0161 \u2013 \u013cauj praktiz\u0113t injekcijas da\u017e\u0101d\u0101s v\u0113dera sien\u0101s ar gandr\u012bz re\u0101listisku taustes saj\u016btu.<\/p>","protected":false},"featured_media":20633,"template":"","meta":[],"product_cat":[75,79],"product_tag":[975,692,831,832,829,830,577,690,833,490],"class_list":{"0":"post-20632","1":"product","2":"type-product","3":"status-publish","4":"has-post-thumbnail","6":"product_brand-erler-zimmer-gmbh-co-kg","7":"product_cat-modeliai-manekenai-muliazai","8":"product_cat-mokymo-priemones-ir-iranga","9":"product_tag-diabeto-injekcinis-padai","10":"product_tag-erler-zimmer-gmbh-co-kg","11":"product_tag-medical-models","12":"product_tag-medical-simulators","13":"product_tag-medicininiai-modeliai","14":"product_tag-medicininiai-simuliatoriai","15":"product_tag-modeliai","16":"product_tag-models","17":"product_tag-simulatoriai","18":"product_tag-simulators","20":"first","21":"onbackorder","22":"shipping-taxable","23":"purchasable","24":"product-type-simple"},"_links":{"self":[{"href":"https:\/\/labostera.lt\/lv\/wp-json\/wp\/v2\/product\/20632","targetHints":{"allow":["GET"]}}],"collection":[{"href":"https:\/\/labostera.lt\/lv\/wp-json\/wp\/v2\/product"}],"about":[{"href":"https:\/\/labostera.lt\/lv\/wp-json\/wp\/v2\/types\/product"}],"wp:featuredmedia":[{"embeddable":true,"href":"https:\/\/labostera.lt\/lv\/wp-json\/wp\/v2\/media\/20633"}],"wp:attachment":[{"href":"https:\/\/labostera.lt\/lv\/wp-json\/wp\/v2\/media?parent=20632"}],"wp:term":[{"taxonomy":"product_cat","embeddable":true,"href":"https:\/\/labostera.lt\/lv\/wp-json\/wp\/v2\/product_cat?post=20632"},{"taxonomy":"product_tag","embeddable":true,"href":"https:\/\/labostera.lt\/lv\/wp-json\/wp\/v2\/product_tag?post=20632"}],"curies":[{"name":"wp","href":"https:\/\/api.w.org\/{rel}","templated":true}]}}