{"id":20630,"date":"2024-04-12T09:02:36","date_gmt":"2024-04-12T06:02:36","guid":{"rendered":"http:\/\/labostera.lt\/?post_type=product&#038;p=20630"},"modified":"2024-10-18T15:15:57","modified_gmt":"2024-10-18T12:15:57","slug":"pazangus-diabeto-injekcinis-padas-erler-zimmer-advanced-diabetic-injection-pad","status":"publish","type":"product","link":"https:\/\/labostera.lt\/lv\/priemones-ir-iranga\/mokymo-priemones-ir-iranga\/modeliai-manekenai-muliazai\/pazangus-diabeto-injekcinis-padas-erler-zimmer-advanced-diabetic-injection-pad\/","title":{"rendered":"Erler-Zimmer uzlabot\u0101 diab\u0113ta injekciju spilventi\u0146\u0161"},"content":{"rendered":"<h2><strong>\u201eErler-Zimmer GmbH &amp; Co. KG uzlabotas diab\u0113ta injekcijas spilventi\u0146\u0161<\/strong>:<\/h2>\n<ul>\n<li>Modelis 7070:<\/li>\n<li>Sniedz iesp\u0113ju praktiz\u0113t injekcijas norm\u0101l\u0101 un saciet\u0113ju\u0161\u0101 v\u0113dera sien\u0101.<\/li>\n<li>\u013bauj izveidot re\u0101listisku griezumu injekcijai.<\/li>\n<li>\u012apa\u0161i materi\u0101li nodro\u0161ina gandr\u012bz re\u0101listisku taustes saj\u016btu, l\u012bdz\u012bgu k\u0101 \u012bstam pacientam.<\/li>\n<li>Modelis ir iztur\u012bgs pret caurdur\u0161anu un to var piestiprin\u0101t pie studenta \u0137erme\u0146a, izmantojot elast\u012bgu siksnu.<\/li>\n<\/ul>\n<h3>Uzlabotas diab\u0113ta injekciju zol\u012btes \u2013 <a href=\"http:\/\/labostera.lt\/lv\/product-brand\/erler-zimmer-gmbh-co-kg\/\">Erlera-Zimmera anatomijas grupa<\/a><\/h3>\n<p>Vair\u0101k inform\u0101cijas: <a href=\"https:\/\/erler-zimmer.de\/en\/Diabetic-injection-pad-advanced-version\/7070\" target=\"_blank\" rel=\"noopener nofollow\">ra\u017eot\u0101ja t\u012bmek\u013ca vietn\u0113<\/a> vai nos\u016btiet mums piepras\u012bjumu!<\/p>","protected":false},"excerpt":{"rendered":"<p>Erler-Zimmer Advanced Diabetes injekciju spilventi\u0146\u0161 \u2013 \u013cauj praktiz\u0113t injekcijas da\u017e\u0101d\u0101s v\u0113dera sien\u0101s ar gandr\u012bz re\u0101listisku taustes saj\u016btu.<\/p>","protected":false},"featured_media":20631,"template":"","meta":[],"product_cat":[75,79],"product_tag":[692,831,832,829,830,577,690,974,833,490],"class_list":{"0":"post-20630","1":"product","2":"type-product","3":"status-publish","4":"has-post-thumbnail","6":"product_brand-erler-zimmer-gmbh-co-kg","7":"product_cat-modeliai-manekenai-muliazai","8":"product_cat-mokymo-priemones-ir-iranga","9":"product_tag-erler-zimmer-gmbh-co-kg","10":"product_tag-medical-models","11":"product_tag-medical-simulators","12":"product_tag-medicininiai-modeliai","13":"product_tag-medicininiai-simuliatoriai","14":"product_tag-modeliai","15":"product_tag-models","16":"product_tag-pazangus-diabeto-injekcinis-padai","17":"product_tag-simulatoriai","18":"product_tag-simulators","20":"first","21":"onbackorder","22":"shipping-taxable","23":"purchasable","24":"product-type-simple"},"_links":{"self":[{"href":"https:\/\/labostera.lt\/lv\/wp-json\/wp\/v2\/product\/20630","targetHints":{"allow":["GET"]}}],"collection":[{"href":"https:\/\/labostera.lt\/lv\/wp-json\/wp\/v2\/product"}],"about":[{"href":"https:\/\/labostera.lt\/lv\/wp-json\/wp\/v2\/types\/product"}],"wp:featuredmedia":[{"embeddable":true,"href":"https:\/\/labostera.lt\/lv\/wp-json\/wp\/v2\/media\/20631"}],"wp:attachment":[{"href":"https:\/\/labostera.lt\/lv\/wp-json\/wp\/v2\/media?parent=20630"}],"wp:term":[{"taxonomy":"product_cat","embeddable":true,"href":"https:\/\/labostera.lt\/lv\/wp-json\/wp\/v2\/product_cat?post=20630"},{"taxonomy":"product_tag","embeddable":true,"href":"https:\/\/labostera.lt\/lv\/wp-json\/wp\/v2\/product_tag?post=20630"}],"curies":[{"name":"wp","href":"https:\/\/api.w.org\/{rel}","templated":true}]}}