{"id":20619,"date":"2024-04-11T15:33:07","date_gmt":"2024-04-11T12:33:07","guid":{"rendered":"http:\/\/labostera.lt\/?post_type=product&#038;p=20619"},"modified":"2024-10-18T15:15:58","modified_gmt":"2024-10-18T12:15:58","slug":"diabeto-injekcijos-modelio-rinkinys-erler-zimmer-diabetic-injection-model-kit","status":"publish","type":"product","link":"https:\/\/labostera.lt\/lv\/priemones-ir-iranga\/mokymo-priemones-ir-iranga\/modeliai-manekenai-muliazai\/diabeto-injekcijos-modelio-rinkinys-erler-zimmer-diabetic-injection-model-kit\/","title":{"rendered":"Erler-Zimmer diab\u0113ta injekcijas mode\u013ca komplekts"},"content":{"rendered":"<h2><strong>Erler-Zimmer GmbH &amp; Co. KG diab\u0113ta injekcijas mode\u013cu komplekts<\/strong>:<\/h2>\n<ul>\n<li>Modelis R10066:<\/li>\n<li>Izgatavots no \u012bsta materi\u0101la, paredz\u0113ts injekcijas tehnikas praktiz\u0113\u0161anai.<\/li>\n<li>Var piestiprin\u0101t pie rokas vai k\u0101jas, imit\u0113jot adatas ievieto\u0161anu.<\/li>\n<li>Atk\u0101rto pirksta d\u016brienu, \u013cauj iem\u0101c\u012bties tur\u0113t aukli\u0146u.<\/li>\n<li>Mode\u013ci tiek aizst\u0101ti. Tiek nodro\u0161in\u0101ta soma.<\/li>\n<\/ul>\n<h3>Diab\u0113ta injekciju mode\u013cu komplekti \u2013 <a href=\"http:\/\/labostera.lt\/lv\/product-brand\/erler-zimmer-gmbh-co-kg\/\">Erlera-Zimmera anatomijas grupa<\/a><\/h3>\n<p>Vair\u0101k inform\u0101cijas: <a href=\"https:\/\/erler-zimmer.de\/en\/Diabetic-Injection-model-kit\/R10066\" target=\"_blank\" rel=\"noopener nofollow\">ra\u017eot\u0101ja t\u012bmek\u013ca vietn\u0113<\/a> vai nos\u016btiet mums piepras\u012bjumu!<\/p>","protected":false},"excerpt":{"rendered":"<p>Erlera-Zimmera diab\u0113ta injekciju mode\u013cu komplekts \u2013 m\u0101c\u012bbu modelis ar praktiskiem r\u012bkiem diab\u0113ta injekciju tehniku apm\u0101c\u012bbai.<\/p>","protected":false},"featured_media":20620,"template":"","meta":[],"product_cat":[75,79],"product_tag":[973,692,831,832,829,830,577,690,833,490],"class_list":{"0":"post-20619","1":"product","2":"type-product","3":"status-publish","4":"has-post-thumbnail","6":"product_brand-erler-zimmer-gmbh-co-kg","7":"product_cat-modeliai-manekenai-muliazai","8":"product_cat-mokymo-priemones-ir-iranga","9":"product_tag-diabeto-injekcijos-modelio-rinkinai","10":"product_tag-erler-zimmer-gmbh-co-kg","11":"product_tag-medical-models","12":"product_tag-medical-simulators","13":"product_tag-medicininiai-modeliai","14":"product_tag-medicininiai-simuliatoriai","15":"product_tag-modeliai","16":"product_tag-models","17":"product_tag-simulatoriai","18":"product_tag-simulators","20":"first","21":"onbackorder","22":"shipping-taxable","23":"purchasable","24":"product-type-simple"},"_links":{"self":[{"href":"https:\/\/labostera.lt\/lv\/wp-json\/wp\/v2\/product\/20619","targetHints":{"allow":["GET"]}}],"collection":[{"href":"https:\/\/labostera.lt\/lv\/wp-json\/wp\/v2\/product"}],"about":[{"href":"https:\/\/labostera.lt\/lv\/wp-json\/wp\/v2\/types\/product"}],"wp:featuredmedia":[{"embeddable":true,"href":"https:\/\/labostera.lt\/lv\/wp-json\/wp\/v2\/media\/20620"}],"wp:attachment":[{"href":"https:\/\/labostera.lt\/lv\/wp-json\/wp\/v2\/media?parent=20619"}],"wp:term":[{"taxonomy":"product_cat","embeddable":true,"href":"https:\/\/labostera.lt\/lv\/wp-json\/wp\/v2\/product_cat?post=20619"},{"taxonomy":"product_tag","embeddable":true,"href":"https:\/\/labostera.lt\/lv\/wp-json\/wp\/v2\/product_tag?post=20619"}],"curies":[{"name":"wp","href":"https:\/\/api.w.org\/{rel}","templated":true}]}}