{"id":20617,"date":"2024-04-11T14:46:41","date_gmt":"2024-04-11T11:46:41","guid":{"rendered":"http:\/\/labostera.lt\/?post_type=product&#038;p=20617"},"modified":"2024-10-18T15:15:59","modified_gmt":"2024-10-18T12:15:59","slug":"medicinines-pedu-prieziuros-modelis-erler-zimmer-medical-foot-care-model","status":"publish","type":"product","link":"https:\/\/labostera.lt\/lv\/priemones-ir-iranga\/mokymo-priemones-ir-iranga\/modeliai-manekenai-muliazai\/medicinines-pedu-prieziuros-modelis-erler-zimmer-medical-foot-care-model\/","title":{"rendered":"Erlera-Zimmera medic\u012bniskais p\u0113du apr\u016bpes modelis"},"content":{"rendered":"<h2><strong>\u201eErler-Zimmer GmbH &amp; Co. KG medic\u012bniskais p\u0113du apr\u016bpes modelis<\/strong>:<\/h2>\n<ul>\n<li>Modelis R16080:<\/li>\n<li>Paredz\u0113ts pacientu p\u0113du apr\u016bpei un apm\u0101c\u012bbai.<\/li>\n<li>Izstr\u0101d\u0101ts, lai atvieglotu tulznu un var\u017eacu apgrie\u0161anu, p\u012blingu un no\u0146em\u0161anu.<\/li>\n<li>Main\u0101mas sp\u012bles, tapas un ragi rada re\u0101listisku treni\u0146u saj\u016btu.<\/li>\n<li>Balstoties uz re\u0101l\u0101m anatomisk\u0101m iez\u012bm\u0113m, tas pal\u012bdz demonstr\u0113t ikdienas \u0101rst\u0113\u0161anu.<\/li>\n<\/ul>\n<h3>Medic\u012bnisk\u0101s p\u0113du apr\u016bpes mode\u013ci \u2013 <a href=\"http:\/\/labostera.lt\/lv\/product-brand\/erler-zimmer-gmbh-co-kg\/\">Erlera-Zimmera anatomijas grupa<\/a><\/h3>\n<p>Vair\u0101k inform\u0101cijas: <a href=\"https:\/\/erler-zimmer.de\/en\/Medical-Foot-Care-Model\/R16080\" target=\"_blank\" rel=\"noopener nofollow\">ra\u017eot\u0101ja t\u012bmek\u013ca vietn\u0113<\/a> vai nos\u016btiet mums piepras\u012bjumu!<\/p>","protected":false},"excerpt":{"rendered":"<p>Erlera-Zimmera medic\u012bniskais p\u0113du kop\u0161anas modelis \u2013 atvieglo nagu apgrie\u0161anu un lob\u012b\u0161anos, paredz\u0113ts medic\u012bnas speci\u0101listu apm\u0101c\u012bbai.<\/p>","protected":false},"featured_media":20618,"template":"","meta":[],"product_cat":[75,79],"product_tag":[692,831,832,972,829,830,577,690,833,490],"class_list":{"0":"post-20617","1":"product","2":"type-product","3":"status-publish","4":"has-post-thumbnail","6":"product_brand-erler-zimmer-gmbh-co-kg","7":"product_cat-modeliai-manekenai-muliazai","8":"product_cat-mokymo-priemones-ir-iranga","9":"product_tag-erler-zimmer-gmbh-co-kg","10":"product_tag-medical-models","11":"product_tag-medical-simulators","12":"product_tag-medicinines-pedu-prieziuros-modelis","13":"product_tag-medicininiai-modeliai","14":"product_tag-medicininiai-simuliatoriai","15":"product_tag-modeliai","16":"product_tag-models","17":"product_tag-simulatoriai","18":"product_tag-simulators","20":"first","21":"onbackorder","22":"shipping-taxable","23":"purchasable","24":"product-type-simple"},"_links":{"self":[{"href":"https:\/\/labostera.lt\/lv\/wp-json\/wp\/v2\/product\/20617","targetHints":{"allow":["GET"]}}],"collection":[{"href":"https:\/\/labostera.lt\/lv\/wp-json\/wp\/v2\/product"}],"about":[{"href":"https:\/\/labostera.lt\/lv\/wp-json\/wp\/v2\/types\/product"}],"wp:featuredmedia":[{"embeddable":true,"href":"https:\/\/labostera.lt\/lv\/wp-json\/wp\/v2\/media\/20618"}],"wp:attachment":[{"href":"https:\/\/labostera.lt\/lv\/wp-json\/wp\/v2\/media?parent=20617"}],"wp:term":[{"taxonomy":"product_cat","embeddable":true,"href":"https:\/\/labostera.lt\/lv\/wp-json\/wp\/v2\/product_cat?post=20617"},{"taxonomy":"product_tag","embeddable":true,"href":"https:\/\/labostera.lt\/lv\/wp-json\/wp\/v2\/product_tag?post=20617"}],"curies":[{"name":"wp","href":"https:\/\/api.w.org\/{rel}","templated":true}]}}