{"id":20615,"date":"2024-04-11T13:57:48","date_gmt":"2024-04-11T10:57:48","guid":{"rendered":"http:\/\/labostera.lt\/?post_type=product&#038;p=20615"},"modified":"2024-10-18T15:16:01","modified_gmt":"2024-10-18T12:16:01","slug":"problemines-pedos-modelis-erler-zimmer-advanced-problems-foot-model","status":"publish","type":"product","link":"https:\/\/labostera.lt\/lv\/priemones-ir-iranga\/mokymo-priemones-ir-iranga\/modeliai-manekenai-muliazai\/problemines-pedos-modelis-erler-zimmer-advanced-problems-foot-model\/","title":{"rendered":"Erlera-Zimmera padzi\u013cin\u0101to probl\u0113mu p\u0113das modelis"},"content":{"rendered":"<h2><strong>Erler-Zimmer GmbH &amp; Co. KG Probl\u0113mu p\u0113du modelis<\/strong>:<\/h2>\n<ul>\n<li>Modelis R11102:<\/li>\n<li>Satrieco\u0161s, dabiska izm\u0113ra, ar roku apgleznots k\u0101jas modelis.<\/li>\n<li>\u0160is modelis demonstr\u0113 progres\u0113jo\u0161as anom\u0101lijas: sausu, saplais\u0101ju\u0161u \u0101du; \u0161\u0137\u012bvis; dab\u012bga k\u0101ja; kukur\u016bza; nagu s\u0113n\u012bte; miris pirksts; atv\u0113rti spiediena punkti; ieaudzis nags un gangr\u0113na.<\/li>\n<li>Pal\u012bdz\u0113s pacientiem saprast, par k\u0101d\u0101m br\u016bc\u0113m att\u012bst\u012bsies, ja t\u0101s netiks pien\u0101c\u012bgi apr\u016bp\u0113tas.<\/li>\n<\/ul>\n<h3>Probl\u0113mu p\u0113du mode\u013ci \u2013 <a href=\"http:\/\/labostera.lt\/lv\/product-brand\/erler-zimmer-gmbh-co-kg\/\">Erlera-Zimmera anatomijas grupa<\/a><\/h3>\n<p>Vair\u0101k inform\u0101cijas: <a href=\"https:\/\/erler-zimmer.de\/en\/Advanced-Foot-Problems\/R11102\" target=\"_blank\" rel=\"noopener nofollow\">ra\u017eot\u0101ja t\u012bmek\u013ca vietn\u0113<\/a> vai nos\u016btiet mums piepras\u012bjumu!<\/p>","protected":false},"excerpt":{"rendered":"<p>Erlera-Cimmera problem\u0101tisk\u0101s p\u0113das modelis \u2014 satrieco\u0161s, dabiska izm\u0113ra p\u0113das modelis demonstr\u0113 progres\u0113jo\u0161as anom\u0101lijas, lai pal\u012bdz\u0113tu izprast br\u016b\u010du att\u012bst\u012bbu.<\/p>","protected":false},"featured_media":20616,"template":"","meta":[],"product_cat":[75,79],"product_tag":[692,831,832,829,830,577,690,971,833,490],"class_list":{"0":"post-20615","1":"product","2":"type-product","3":"status-publish","4":"has-post-thumbnail","6":"product_brand-erler-zimmer-gmbh-co-kg","7":"product_cat-modeliai-manekenai-muliazai","8":"product_cat-mokymo-priemones-ir-iranga","9":"product_tag-erler-zimmer-gmbh-co-kg","10":"product_tag-medical-models","11":"product_tag-medical-simulators","12":"product_tag-medicininiai-modeliai","13":"product_tag-medicininiai-simuliatoriai","14":"product_tag-modeliai","15":"product_tag-models","16":"product_tag-problemines-pedos-modeliai","17":"product_tag-simulatoriai","18":"product_tag-simulators","20":"first","21":"onbackorder","22":"shipping-taxable","23":"purchasable","24":"product-type-simple"},"_links":{"self":[{"href":"https:\/\/labostera.lt\/lv\/wp-json\/wp\/v2\/product\/20615","targetHints":{"allow":["GET"]}}],"collection":[{"href":"https:\/\/labostera.lt\/lv\/wp-json\/wp\/v2\/product"}],"about":[{"href":"https:\/\/labostera.lt\/lv\/wp-json\/wp\/v2\/types\/product"}],"wp:featuredmedia":[{"embeddable":true,"href":"https:\/\/labostera.lt\/lv\/wp-json\/wp\/v2\/media\/20616"}],"wp:attachment":[{"href":"https:\/\/labostera.lt\/lv\/wp-json\/wp\/v2\/media?parent=20615"}],"wp:term":[{"taxonomy":"product_cat","embeddable":true,"href":"https:\/\/labostera.lt\/lv\/wp-json\/wp\/v2\/product_cat?post=20615"},{"taxonomy":"product_tag","embeddable":true,"href":"https:\/\/labostera.lt\/lv\/wp-json\/wp\/v2\/product_tag?post=20615"}],"curies":[{"name":"wp","href":"https:\/\/api.w.org\/{rel}","templated":true}]}}